{"id":1809,"date":"2022-11-24T10:42:20","date_gmt":"2022-11-24T09:42:20","guid":{"rendered":"https:\/\/www.arcade-engineering.com\/candidature-libre\/"},"modified":"2023-01-23T12:06:28","modified_gmt":"2023-01-23T11:06:28","slug":"initiativbewerbung","status":"publish","type":"page","link":"https:\/\/www.arcade-engineering.com\/de\/initiativbewerbung\/","title":{"rendered":"Initiativbewerbung"},"content":{"rendered":"\n<section class=\"wp-block-group alignwide\"><div class=\"wp-block-group__inner-container is-layout-flow wp-block-group-is-layout-flow\">\n<div class=\"wp-block-contact-form-7-contact-form-selector\">\n<div class=\"wpcf7 no-js\" id=\"wpcf7-f1813-o1\" lang=\"de-DE\" dir=\"ltr\" data-wpcf7-id=\"1813\">\n<div class=\"screen-reader-response\"><p role=\"status\" aria-live=\"polite\" aria-atomic=\"true\"><\/p> <ul><\/ul><\/div>\n<form action=\"\/de\/wp-json\/wp\/v2\/pages\/1809#wpcf7-f1813-o1\" method=\"post\" class=\"wpcf7-form init\" aria-label=\"Kontaktformular\" enctype=\"multipart\/form-data\" novalidate=\"novalidate\" data-status=\"init\">\n<fieldset class=\"hidden-fields-container\"><input type=\"hidden\" name=\"_wpcf7\" value=\"1813\" \/><input type=\"hidden\" name=\"_wpcf7_version\" value=\"6.1.5\" \/><input type=\"hidden\" name=\"_wpcf7_locale\" value=\"de_DE\" \/><input type=\"hidden\" name=\"_wpcf7_unit_tag\" value=\"wpcf7-f1813-o1\" \/><input type=\"hidden\" name=\"_wpcf7_container_post\" value=\"0\" \/><input type=\"hidden\" name=\"_wpcf7_posted_data_hash\" value=\"\" \/>\n<\/fieldset>\n<div class=\"row reveal\">\n\t<div class=\"col-lg-6 reveal-1\">\n\t\t<p><label class=\"mandatory\">Name<\/label><br \/>\n<span class=\"wpcf7-form-control-wrap\" data-name=\"nom\"><input size=\"40\" maxlength=\"400\" class=\"wpcf7-form-control wpcf7-text wpcf7-validates-as-required\" aria-required=\"true\" aria-invalid=\"false\" value=\"\" type=\"text\" name=\"nom\" \/><\/span>\n\t\t<\/p>\n\t<\/div>\n\t<div class=\"col-lg-6 reveal-2\">\n\t\t<p><label class=\"mandatory\">Vorname<\/label><br \/>\n<span class=\"wpcf7-form-control-wrap\" data-name=\"surname\"><input size=\"40\" maxlength=\"400\" class=\"wpcf7-form-control wpcf7-text wpcf7-validates-as-required\" aria-required=\"true\" aria-invalid=\"false\" value=\"\" type=\"text\" name=\"surname\" \/><\/span>\n\t\t<\/p>\n\t<\/div>\n\t<div class=\"col-lg-6 reveal-3\">\n\t\t<p><label class=\"mandatory\">E-mail<\/label><br \/>\n<span class=\"wpcf7-form-control-wrap\" data-name=\"email\"><input size=\"40\" maxlength=\"400\" class=\"wpcf7-form-control wpcf7-email wpcf7-validates-as-required wpcf7-text wpcf7-validates-as-email\" aria-required=\"true\" aria-invalid=\"false\" value=\"\" type=\"email\" name=\"email\" \/><\/span>\n\t\t<\/p>\n\t<\/div>\n\t<div class=\"col-lg-6 reveal-4\">\n\t\t<p><label>Telefon<\/label><br \/>\n<span class=\"wpcf7-form-control-wrap\" data-name=\"phone\"><input size=\"40\" maxlength=\"400\" class=\"wpcf7-form-control wpcf7-tel wpcf7-text wpcf7-validates-as-tel\" aria-invalid=\"false\" value=\"\" type=\"tel\" name=\"phone\" \/><\/span>\n\t\t<\/p>\n\t<\/div>\n\t<div class=\"col-lg-6 reveal-4\">\n\t\t<p><label class=\"mandatory\">Adresse<\/label><br \/>\n<span class=\"wpcf7-form-control-wrap\" data-name=\"address\"><input size=\"40\" maxlength=\"400\" class=\"wpcf7-form-control wpcf7-text wpcf7-validates-as-required\" aria-required=\"true\" aria-invalid=\"false\" value=\"\" type=\"text\" name=\"address\" \/><\/span>\n\t\t<\/p>\n\t<\/div>\n\t<div class=\"col-lg-6 reveal-4\">\n\t\t<p><label class=\"mandatory\">Ort<\/label><br \/>\n<span class=\"wpcf7-form-control-wrap\" data-name=\"city\"><input size=\"40\" maxlength=\"400\" class=\"wpcf7-form-control wpcf7-text wpcf7-validates-as-required\" aria-required=\"true\" aria-invalid=\"false\" value=\"\" type=\"text\" name=\"city\" \/><\/span>\n\t\t<\/p>\n\t<\/div>\n\t<div class=\"col-lg-6 reveal-4\">\n\t\t<p><label class=\"mandatory\">Land<\/label><br \/>\n<span class=\"wpcf7-form-control-wrap\" data-name=\"country\"><input size=\"40\" maxlength=\"400\" class=\"wpcf7-form-control wpcf7-text wpcf7-validates-as-required\" aria-required=\"true\" aria-invalid=\"false\" value=\"\" type=\"text\" name=\"country\" \/><\/span>\n\t\t<\/p>\n\t<\/div>\n\t<div class=\"col-lg-6 reveal-4\">\n\t\t<p><label class=\"mandatory\">Verf\u00fcgbar ab<\/label><br \/>\n<span class=\"wpcf7-form-control-wrap\" data-name=\"dispo\"><input class=\"wpcf7-form-control wpcf7-date wpcf7-validates-as-required wpcf7-validates-as-date\" aria-required=\"true\" aria-invalid=\"false\" value=\"\" type=\"date\" name=\"dispo\" \/><\/span>\n\t\t<\/p>\n\t<\/div>\n\t<div class=\"col-lg-6 reveal-5\">\n\t\t<p><label>Rolle<\/label><br \/>\n<span class=\"wpcf7-form-control-wrap\" data-name=\"subject\"><select class=\"wpcf7-form-control wpcf7-select\" aria-invalid=\"false\" name=\"subject\"><option value=\"Fachkraft \/ Experte\">Fachkraft \/ Experte<\/option><option value=\"Trainee\">Trainee<\/option><option value=\"Sch\u00fcler\">Sch\u00fcler<\/option><option value=\"Studierende\">Studierende<\/option><\/select><\/span>\n\t\t<\/p>\n\t<\/div>\n\t<div class=\"col-lg-6 reveal-6\">\n\t\t<p><label>Besch\u00e4ftigungsgrad<\/label><br \/>\n<span class=\"wpcf7-form-control-wrap\" data-name=\"modality\"><select class=\"wpcf7-form-control wpcf7-select\" aria-invalid=\"false\" name=\"modality\"><option value=\"Vollzeit\">Vollzeit<\/option><option value=\"Teilzeit\">Teilzeit<\/option><option value=\"Unbefristet\">Unbefristet<\/option><option value=\"Befristet\">Befristet<\/option><option value=\"Praktikum\">Praktikum<\/option><option value=\"Ferienjob\">Ferienjob<\/option><option value=\"Duales Studium\">Duales Studium<\/option><option value=\"Abschlussarbeit\">Abschlussarbeit<\/option><option value=\"Werkstudent\">Werkstudent<\/option><option value=\"Schnuppertag\">Schnuppertag<\/option><\/select><\/span>\n\t\t<\/p>\n\t<\/div>\n\t<div class=\"col-lg-6 reveal-6\">\n\t\t<p><label>Standort<\/label><br \/>\n<span class=\"wpcf7-form-control-wrap\" data-name=\"recipient\"><select class=\"wpcf7-form-control wpcf7-select wpcf7-validates-as-required\" aria-required=\"true\" aria-invalid=\"false\" name=\"recipient\"><option value=\"\">&#8211; Bitte ausw\u00e4hlen &#8211;<\/option><option value=\"Arcade Engineering AG (Schweiz)\">Arcade Engineering AG (Schweiz)<\/option><option value=\"Arcade Industrie SAS (Frankreich)\">Arcade Industrie SAS (Frankreich)<\/option><option value=\"Arcade Engineering GmbH (Deutschland)\">Arcade Engineering GmbH (Deutschland)<\/option><option value=\"Arcade Engineering (Asia) Pte Ltd (Singapur)\">Arcade Engineering (Asia) Pte Ltd (Singapur)<\/option><\/select><\/span>\n\t\t<\/p>\n\t<\/div>\n\t<div class=\"col-lg-6 reveal-7\">\n\t\t<p><label>Bereich<\/label><br \/>\n<span class=\"wpcf7-form-control-wrap\" data-name=\"expertise\"><select class=\"wpcf7-form-control wpcf7-select\" aria-invalid=\"false\" name=\"expertise\"><option value=\"Administration\/Finanzen\">Administration\/Finanzen<\/option><option value=\"Analytik\">Analytik<\/option><option value=\"Elektrisches Engineering\">Elektrisches Engineering<\/option><option value=\"Hochbau\/CSA\/IGP\/Reinraum\">Hochbau\/CSA\/IGP\/Reinraum<\/option><option value=\"Projektmanagement\/Service\/Gew\u00e4hrleistung\">Projektmanagement\/Service\/Gew\u00e4hrleistung<\/option><option value=\"Site Management\/IBN\/Montage\">Site Management\/IBN\/Montage<\/option><option value=\"Verfahrenstechnisches und mechanisches Engineering\">Verfahrenstechnisches und mechanisches Engineering<\/option><option value=\"Schaltschrankbau\">Schaltschrankbau<\/option><option value=\"Inspektionen &amp; Qualit\u00e4tssicherung\">Inspektionen &amp; Qualit\u00e4tssicherung<\/option><\/select><\/span>\n\t\t<\/p>\n\t<\/div>\n\t<div class=\"col-lg-6 reveal-6\">\n\t\t<p><label class=\"lnr-paperclip\">Datei anh\u00e4ngen <i>(nur im PDF- oder JPG-Format mit weniger als 3MB)<\/i><\/label><br \/>\n<span class=\"wpcf7-form-control-wrap\" data-name=\"attached-file-1\"><input size=\"40\" class=\"wpcf7-form-control wpcf7-file\" accept=\".pdf,.jpg,.jpeg\" aria-invalid=\"false\" type=\"file\" name=\"attached-file-1\" \/><\/span><br \/>\n<span class=\"wpcf7-form-control-wrap\" data-name=\"attached-file-2\"><input size=\"40\" class=\"wpcf7-form-control wpcf7-file\" accept=\".pdf,.jpg,.jpeg\" aria-invalid=\"false\" type=\"file\" name=\"attached-file-2\" \/><\/span><br \/>\n<span class=\"wpcf7-form-control-wrap\" data-name=\"attached-file-3\"><input size=\"40\" class=\"wpcf7-form-control wpcf7-file\" accept=\".pdf,.jpg,.jpeg\" aria-invalid=\"false\" type=\"file\" name=\"attached-file-3\" \/><\/span>\n\t\t<\/p>\n\t<\/div>\n\t<div class=\"col-lg-6 reveal-6\">\n\t\t<p><label class=\"mandatory\">Kommentar<\/label><br \/>\n<span class=\"wpcf7-form-control-wrap\" data-name=\"message\"><textarea cols=\"40\" rows=\"10\" maxlength=\"2000\" class=\"wpcf7-form-control wpcf7-textarea wpcf7-validates-as-required\" aria-required=\"true\" aria-invalid=\"false\" name=\"message\"><\/textarea><\/span>\n\t\t<\/p>\n\t<\/div>\n\t<div class=\"submit reveal-6\">\n\t\t<div class=\"checkmark-container mention\">\n\t\t\t<p><span class=\"wpcf7-form-control-wrap\" data-name=\"policy\"><span class=\"wpcf7-form-control wpcf7-acceptance\"><span class=\"wpcf7-list-item\"><label><input type=\"checkbox\" name=\"policy\" value=\"1\" aria-invalid=\"false\" \/><span class=\"wpcf7-list-item-label\">Wenn Sie das Bewerbungsformular auf unserer in der Schweiz gehosteten Website ausf\u00fcllen oder uns direkt per E-Mail kontaktieren, werden die von Ihnen angegebenen pers\u00f6nlichen Daten in der Schweiz verarbeitet, bevor sie in das Land umgeleitet werden, das Sie im Rahmen der vorvertraglichen Beziehung gew\u00e4hlt haben. Ihre pers\u00f6nlichen Daten werden nach 30 Tagen automatisch gel\u00f6scht, es sei denn, Ihre Bewerbung f\u00fchrt zu einem Arbeitsvertrag; in diesem Fall werden sie gem\u00e4ss den geltenden gesetzlichen Fristen gespeichert. F\u00fcr weitere Informationen wenden Sie sich bitte \u00fcber unser <a href=\"https:\/\/www.arcade-engineering.com\/de\/kontaktieren-sie-uns\/\">Kontaktformular<\/a> an unseren DSGVO-Beauftragten.<\/span><span class=\"checkmark\"><\/span><\/label><\/span><\/span><\/span>\n\t\t\t<\/p>\n\t\t<\/div>\n\t\t<p><input class=\"wpcf7-form-control wpcf7-submit has-spinner\" type=\"submit\" value=\"Sich Bewerben\" \/>\n\t\t<\/p>\n\t<\/div>\n<\/div><div class=\"wpcf7-response-output\" aria-hidden=\"true\"><\/div>\n<\/form>\n<\/div>\n<\/div>\n<\/div><\/section>\n","protected":false},"excerpt":{"rendered":"","protected":false},"author":1,"featured_media":0,"parent":0,"menu_order":0,"comment_status":"closed","ping_status":"closed","template":"","meta":{"_acf_changed":false,"_seopress_robots_primary_cat":"","_seopress_titles_title":"","_seopress_titles_desc":"Ob bei einem ersten Praktikum, beim Schreiben einer Dissertation oder als Berufst\u00e4tiger - Arcade unterst\u00fctzt Sie auf vielf\u00e4ltige Weise beim Aufbau Ihrer Karriere. ","_seopress_robots_index":"","footnotes":""},"class_list":["post-1809","page","type-page","status-publish","hentry"],"acf":[],"_links":{"self":[{"href":"https:\/\/www.arcade-engineering.com\/de\/wp-json\/wp\/v2\/pages\/1809","targetHints":{"allow":["GET"]}}],"collection":[{"href":"https:\/\/www.arcade-engineering.com\/de\/wp-json\/wp\/v2\/pages"}],"about":[{"href":"https:\/\/www.arcade-engineering.com\/de\/wp-json\/wp\/v2\/types\/page"}],"author":[{"embeddable":true,"href":"https:\/\/www.arcade-engineering.com\/de\/wp-json\/wp\/v2\/users\/1"}],"replies":[{"embeddable":true,"href":"https:\/\/www.arcade-engineering.com\/de\/wp-json\/wp\/v2\/comments?post=1809"}],"version-history":[{"count":1,"href":"https:\/\/www.arcade-engineering.com\/de\/wp-json\/wp\/v2\/pages\/1809\/revisions"}],"predecessor-version":[{"id":1828,"href":"https:\/\/www.arcade-engineering.com\/de\/wp-json\/wp\/v2\/pages\/1809\/revisions\/1828"}],"wp:attachment":[{"href":"https:\/\/www.arcade-engineering.com\/de\/wp-json\/wp\/v2\/media?parent=1809"}],"curies":[{"name":"wp","href":"https:\/\/api.w.org\/{rel}","templated":true}]}}