{"id":1773,"date":"2022-11-21T17:52:13","date_gmt":"2022-11-21T16:52:13","guid":{"rendered":"https:\/\/www.arcade-engineering.com\/professionnels-specialistes\/"},"modified":"2023-02-08T21:38:43","modified_gmt":"2023-02-08T20:38:43","slug":"fachkraefte-und-experten","status":"publish","type":"page","link":"https:\/\/www.arcade-engineering.com\/de\/fachkraefte-und-experten\/","title":{"rendered":"Fachkr\u00e4fte und Experten"},"content":{"rendered":"\n<section class=\"wp-block-group intro\"><div class=\"wp-block-group__inner-container is-layout-flow wp-block-group-is-layout-flow\">\n<div class=\"wp-block-group alignwide\"><div class=\"wp-block-group__inner-container is-layout-flow wp-block-group-is-layout-flow\">\n<div class=\"wp-block-columns reveal is-layout-flex wp-container-core-columns-is-layout-9d6595d7 wp-block-columns-is-layout-flex\">\n<div class=\"wp-block-column reveal-3 is-layout-flow wp-block-column-is-layout-flow\">\n<figure class=\"wp-block-image size-full\"><img loading=\"lazy\" decoding=\"async\" width=\"800\" height=\"800\" src=\"https:\/\/www.arcade-engineering.com\/wp-content\/uploads\/2022\/11\/expert-800x800-1.jpg\" alt=\"\" class=\"wp-image-1526\" srcset=\"https:\/\/www.arcade-engineering.com\/wp-content\/uploads\/2022\/11\/expert-800x800-1.jpg 800w, https:\/\/www.arcade-engineering.com\/wp-content\/uploads\/2022\/11\/expert-800x800-1-300x300.jpg 300w, https:\/\/www.arcade-engineering.com\/wp-content\/uploads\/2022\/11\/expert-800x800-1-150x150.jpg 150w, https:\/\/www.arcade-engineering.com\/wp-content\/uploads\/2022\/11\/expert-800x800-1-768x768.jpg 768w\" sizes=\"auto, (max-width: 800px) 100vw, 800px\" \/><\/figure>\n<\/div>\n\n\n\n<div class=\"wp-block-column is-vertically-aligned-center is-layout-flow wp-block-column-is-layout-flow\">\n<p class=\"lnr-arrow-left reveal-1 has-small-font-size\"><a href=\"https:\/\/www.arcade-engineering.com\/de\/karriere\/\" data-type=\"URL\" data-id=\"https:\/\/www.arcade-engineering.com\/de\/karriere\/\">Karriere<\/a><\/p>\n\n\n\n<h2 class=\"reveal-1 wp-block-heading\">Karrierem\u00f6glichkeiten f\u00fcr Fachkr\u00e4fte<\/h2>\n\n\n\n<div class=\"wp-block-group reveal-2\"><div class=\"wp-block-group__inner-container is-layout-flow wp-block-group-is-layout-flow\">\n<p>Entdecken Sie spannende Karrierem\u00f6glichkeiten in unserem international aufgestellten Unternehmen und werden auch Sie ein wichtiger Akteur auf unserem Weg zum Erfolg.<\/p>\n\n\n\n<p>Sollten Sie hier unten kein passendes Angebot finden, w\u00fcrden sich aber in unserem Team sehen? Dann bewerben Sie sich hier und erl\u00e4utern Sie uns Ihr Projekt.<\/p>\n\n\n\n<div class=\"wp-block-buttons is-layout-flex wp-block-buttons-is-layout-flex\">\n<div class=\"wp-block-button\"><a class=\"wp-block-button__link wp-element-button\" href=\"#offers\">Unsere Stellenangebote<\/a><\/div>\n\n\n\n<div class=\"wp-block-button\"><a class=\"wp-block-button__link wp-element-button\" href=\"https:\/\/www.arcade-engineering.com\/de\/initiativbewerbung\/\">Initiativbewerbung<\/a><\/div>\n<\/div>\n<\/div><\/div>\n<\/div>\n<\/div>\n<\/div><\/div>\n<\/div><\/section>\n","protected":false},"excerpt":{"rendered":"<p>Karriere Karrierem\u00f6glichkeiten f\u00fcr Fachkr\u00e4fte Entdecken Sie spannende Karrierem\u00f6glichkeiten in unserem international aufgestellten Unternehmen und werden auch Sie ein wichtiger Akteur auf unserem Weg zum Erfolg. Sollten Sie hier unten kein passendes Angebot finden, w\u00fcrden sich aber in unserem Team sehen? Dann bewerben Sie sich hier und erl\u00e4utern Sie uns Ihr Projekt.<\/p>\n","protected":false},"author":1,"featured_media":0,"parent":0,"menu_order":0,"comment_status":"closed","ping_status":"closed","template":"page-career.php","meta":{"_acf_changed":false,"_seopress_robots_primary_cat":"","_seopress_titles_title":"","_seopress_titles_desc":"Entdecken Sie spannende Karrierem\u00f6glichkeiten in unserem international t\u00e4tigen Unternehmen und werden auch Sie ein wichtiger Akteur auf dem Weg zum Erfolg.","_seopress_robots_index":"","_seopress_analysis_target_kw":"","footnotes":""},"class_list":["post-1773","page","type-page","status-publish","hentry"],"acf":[],"_links":{"self":[{"href":"https:\/\/www.arcade-engineering.com\/de\/wp-json\/wp\/v2\/pages\/1773","targetHints":{"allow":["GET"]}}],"collection":[{"href":"https:\/\/www.arcade-engineering.com\/de\/wp-json\/wp\/v2\/pages"}],"about":[{"href":"https:\/\/www.arcade-engineering.com\/de\/wp-json\/wp\/v2\/types\/page"}],"author":[{"embeddable":true,"href":"https:\/\/www.arcade-engineering.com\/de\/wp-json\/wp\/v2\/users\/1"}],"replies":[{"embeddable":true,"href":"https:\/\/www.arcade-engineering.com\/de\/wp-json\/wp\/v2\/comments?post=1773"}],"version-history":[{"count":7,"href":"https:\/\/www.arcade-engineering.com\/de\/wp-json\/wp\/v2\/pages\/1773\/revisions"}],"predecessor-version":[{"id":2105,"href":"https:\/\/www.arcade-engineering.com\/de\/wp-json\/wp\/v2\/pages\/1773\/revisions\/2105"}],"wp:attachment":[{"href":"https:\/\/www.arcade-engineering.com\/de\/wp-json\/wp\/v2\/media?parent=1773"}],"curies":[{"name":"wp","href":"https:\/\/api.w.org\/{rel}","templated":true}]}}