{"id":1368,"date":"2022-07-27T15:49:03","date_gmt":"2022-07-27T13:49:03","guid":{"rendered":"https:\/\/www.arcade-engineering.com\/signaler\/"},"modified":"2023-01-23T12:09:47","modified_gmt":"2023-01-23T11:09:47","slug":"compliance-problem-melden","status":"publish","type":"page","link":"https:\/\/www.arcade-engineering.com\/de\/compliance-problem-melden\/","title":{"rendered":"Compliance-Problem melden"},"content":{"rendered":"\n<section class=\"wp-block-group alignwide\"><div class=\"wp-block-group__inner-container is-layout-flow wp-block-group-is-layout-flow\">\n<div class=\"wp-block-contact-form-7-contact-form-selector\">\n<div class=\"wpcf7 no-js\" id=\"wpcf7-f1365-o1\" lang=\"de-DE\" dir=\"ltr\" data-wpcf7-id=\"1365\">\n<div class=\"screen-reader-response\"><p role=\"status\" aria-live=\"polite\" aria-atomic=\"true\"><\/p> <ul><\/ul><\/div>\n<form action=\"\/de\/wp-json\/wp\/v2\/pages\/1368#wpcf7-f1365-o1\" method=\"post\" class=\"wpcf7-form init\" aria-label=\"Kontaktformular\" novalidate=\"novalidate\" data-status=\"init\">\n<fieldset class=\"hidden-fields-container\"><input type=\"hidden\" name=\"_wpcf7\" value=\"1365\" \/><input type=\"hidden\" name=\"_wpcf7_version\" value=\"6.1.5\" \/><input type=\"hidden\" name=\"_wpcf7_locale\" value=\"de_DE\" \/><input type=\"hidden\" name=\"_wpcf7_unit_tag\" value=\"wpcf7-f1365-o1\" \/><input type=\"hidden\" name=\"_wpcf7_container_post\" value=\"0\" \/><input type=\"hidden\" name=\"_wpcf7_posted_data_hash\" value=\"\" \/>\n<\/fieldset>\n<div class=\"row reveal\">\n\t<div class=\"col-lg-6 reveal-1\">\n\t\t<p><label>Unternehmen<\/label><br \/>\n<span class=\"wpcf7-form-control-wrap\" data-name=\"company\"><input size=\"40\" maxlength=\"400\" class=\"wpcf7-form-control wpcf7-text\" aria-invalid=\"false\" value=\"\" type=\"text\" name=\"company\" \/><\/span>\n\t\t<\/p>\n\t<\/div>\n\t<div class=\"col-lg-6 reveal-2\">\n\t\t<p><label class=\"mandatory\">Thematisch<\/label><br \/>\n<span class=\"wpcf7-form-control-wrap\" data-name=\"topic\"><input size=\"40\" maxlength=\"400\" class=\"wpcf7-form-control wpcf7-text wpcf7-validates-as-required\" aria-required=\"true\" aria-invalid=\"false\" value=\"\" type=\"text\" name=\"topic\" \/><\/span>\n\t\t<\/p>\n\t<\/div>\n\t<div class=\"col-lg-6 reveal-3\">\n\t\t<p><label>Ihre E-Mail, wenn Sie eine Kopie w\u00fcnschen (anonym)<\/label><br \/>\n<span class=\"wpcf7-form-control-wrap\" data-name=\"copy\"><input size=\"40\" maxlength=\"400\" class=\"wpcf7-form-control wpcf7-email wpcf7-text wpcf7-validates-as-email\" aria-invalid=\"false\" value=\"\" type=\"email\" name=\"copy\" \/><\/span><br \/>\n<label>Ihre E-Mail, wenn Sie eine Antwort w\u00fcnschen (nicht-anonym)<\/label><br \/>\n<span class=\"wpcf7-form-control-wrap\" data-name=\"answer\"><input size=\"40\" maxlength=\"400\" class=\"wpcf7-form-control wpcf7-email wpcf7-text wpcf7-validates-as-email\" aria-invalid=\"false\" value=\"\" type=\"email\" name=\"answer\" \/><\/span>\n\t\t<\/p>\n\t<\/div>\n\t<div class=\"col-lg-6 reveal-4\">\n\t\t<p><label class=\"mandatory\">Ihr Problem mit der Einhaltung\/Verletzung<\/label><br \/>\n<span class=\"wpcf7-form-control-wrap\" data-name=\"issue\"><textarea cols=\"40\" rows=\"10\" maxlength=\"2000\" class=\"wpcf7-form-control wpcf7-textarea wpcf7-validates-as-required\" aria-required=\"true\" aria-invalid=\"false\" name=\"issue\"><\/textarea><\/span>\n\t\t<\/p>\n\t<\/div>\n\t<div class=\"reveal-5\">\n\t\t<div class=\"checkmark-container\">\n\t\t\t<p><span class=\"wpcf7-form-control-wrap\" data-name=\"policy\"><span class=\"wpcf7-form-control wpcf7-acceptance\"><span class=\"wpcf7-list-item\"><label><input type=\"checkbox\" name=\"policy\" value=\"1\" aria-invalid=\"false\" \/><span class=\"wpcf7-list-item-label\">Wenn Sie dieses Kontaktformular auf unserer in der Schweiz gehosteten Website ausf\u00fcllen, werden Ihre pers\u00f6nlichen Daten in der Schweiz verarbeitet, bevor sie im Rahmen der vorvertraglichen Beziehung an die Arcade Engineering GmbH in Deutschland weitergeleitet werden. Ihre pers\u00f6nlichen Daten werden nach 30 Tagen automatisch gel\u00f6scht. F\u00fcr weitere Informationen kontaktieren Sie bitte unseren DSGVO-Beauftragten oder den lokalen Datenschutzbeauftragten \u00fcber unser <a href=\"https:\/\/www.arcade-engineering.com\/de\/kontaktieren-sie-uns\/\">Kontaktformular.<\/a><\/span><span class=\"checkmark\"><\/span><\/label><\/span><\/span><\/span>\n\t\t\t<\/p>\n\t\t<\/div>\n\t<\/div>\n\t<div class=\"submit reveal-5\">\n\t\t<p><input class=\"wpcf7-form-control wpcf7-submit has-spinner\" type=\"submit\" value=\"Senden\" \/>\n\t\t<\/p>\n\t<\/div>\n<\/div><div class=\"wpcf7-response-output\" aria-hidden=\"true\"><\/div>\n<\/form>\n<\/div>\n<\/div>\n<\/div><\/section>\n","protected":false},"excerpt":{"rendered":"","protected":false},"author":1,"featured_media":0,"parent":0,"menu_order":0,"comment_status":"closed","ping_status":"closed","template":"","meta":{"_acf_changed":false,"_seopress_robots_primary_cat":"","_seopress_titles_title":"","_seopress_titles_desc":"","_seopress_robots_index":"yes","footnotes":""},"class_list":["post-1368","page","type-page","status-publish","hentry"],"acf":[],"_links":{"self":[{"href":"https:\/\/www.arcade-engineering.com\/de\/wp-json\/wp\/v2\/pages\/1368","targetHints":{"allow":["GET"]}}],"collection":[{"href":"https:\/\/www.arcade-engineering.com\/de\/wp-json\/wp\/v2\/pages"}],"about":[{"href":"https:\/\/www.arcade-engineering.com\/de\/wp-json\/wp\/v2\/types\/page"}],"author":[{"embeddable":true,"href":"https:\/\/www.arcade-engineering.com\/de\/wp-json\/wp\/v2\/users\/1"}],"replies":[{"embeddable":true,"href":"https:\/\/www.arcade-engineering.com\/de\/wp-json\/wp\/v2\/comments?post=1368"}],"version-history":[{"count":3,"href":"https:\/\/www.arcade-engineering.com\/de\/wp-json\/wp\/v2\/pages\/1368\/revisions"}],"predecessor-version":[{"id":1374,"href":"https:\/\/www.arcade-engineering.com\/de\/wp-json\/wp\/v2\/pages\/1368\/revisions\/1374"}],"wp:attachment":[{"href":"https:\/\/www.arcade-engineering.com\/de\/wp-json\/wp\/v2\/media?parent=1368"}],"curies":[{"name":"wp","href":"https:\/\/api.w.org\/{rel}","templated":true}]}}