{"id":1343,"date":"2022-08-12T09:24:19","date_gmt":"2022-08-12T07:24:19","guid":{"rendered":"https:\/\/www.arcade-engineering.com\/carriere\/"},"modified":"2023-02-08T21:38:24","modified_gmt":"2023-02-08T20:38:24","slug":"trainee-schuler-studierende","status":"publish","type":"page","link":"https:\/\/www.arcade-engineering.com\/de\/trainee-schuler-studierende\/","title":{"rendered":"Trainee \/ Sch\u00fcler \/ Studierende"},"content":{"rendered":"\n<section class=\"wp-block-group intro\"><div class=\"wp-block-group__inner-container is-layout-flow wp-block-group-is-layout-flow\">\n<div class=\"wp-block-group alignwide\"><div class=\"wp-block-group__inner-container is-layout-flow wp-block-group-is-layout-flow\">\n<div class=\"wp-block-columns reveal is-layout-flex wp-container-core-columns-is-layout-9d6595d7 wp-block-columns-is-layout-flex\">\n<div class=\"wp-block-column reveal-3 is-layout-flow wp-block-column-is-layout-flow\">\n<figure class=\"wp-block-image size-full\"><img loading=\"lazy\" decoding=\"async\" width=\"800\" height=\"800\" src=\"https:\/\/www.arcade-engineering.com\/wp-content\/uploads\/2022\/11\/students-2-800x800-1.jpg\" alt=\"\" class=\"wp-image-1522\" srcset=\"https:\/\/www.arcade-engineering.com\/wp-content\/uploads\/2022\/11\/students-2-800x800-1.jpg 800w, https:\/\/www.arcade-engineering.com\/wp-content\/uploads\/2022\/11\/students-2-800x800-1-300x300.jpg 300w, https:\/\/www.arcade-engineering.com\/wp-content\/uploads\/2022\/11\/students-2-800x800-1-150x150.jpg 150w, https:\/\/www.arcade-engineering.com\/wp-content\/uploads\/2022\/11\/students-2-800x800-1-768x768.jpg 768w\" sizes=\"auto, (max-width: 800px) 100vw, 800px\" \/><\/figure>\n<\/div>\n\n\n\n<div class=\"wp-block-column is-vertically-aligned-center is-layout-flow wp-block-column-is-layout-flow\">\n<p class=\"lnr-arrow-left reveal-1 has-small-font-size\"><a href=\"https:\/\/www.arcade-engineering.com\/de\/karriere\/\" data-type=\"URL\" data-id=\"https:\/\/www.arcade-engineering.com\/de\/karriere\/\">Karriere<\/a><\/p>\n\n\n\n<h2 class=\"reveal-1 wp-block-heading\">Trainee und Sch\u00fcler (m\/w\/d)<\/h2>\n\n\n\n<div class=\"wp-block-group reveal-2\"><div class=\"wp-block-group__inner-container is-layout-flow wp-block-group-is-layout-flow\">\n<p>Es ist nie zu fr\u00fch, sich mit der Zukunft auseinanderzusetzen. F\u00fcr Sch\u00fcler, die sehen wollen was wir machen, bietet sich ein Praktikum an. W\u00e4hrend deinem Urlaub gibt es immer wieder die M\u00f6glichkeit zur Ferienarbeit.<\/p>\n\n\n\n<div class=\"wp-block-buttons is-layout-flex wp-block-buttons-is-layout-flex\">\n<div class=\"wp-block-button\"><a class=\"wp-block-button__link wp-element-button\" href=\"#stage\">Ferienarbeit \/ Sch\u00fclerpraktikum<\/a><\/div>\n\n\n\n<div class=\"wp-block-button\"><a class=\"wp-block-button__link wp-element-button\" href=\"#student\">Studierende<\/a><\/div>\n\n\n\n<div class=\"wp-block-button\"><a class=\"wp-block-button__link wp-element-button\" href=\"#partner\">Partnerschaften<\/a><\/div>\n<\/div>\n<\/div><\/div>\n<\/div>\n<\/div>\n<\/div><\/div>\n<\/div><\/section>\n\n\n\n<section id=\"stage\" class=\"wp-block-group bg-gray-200\"><div class=\"wp-block-group__inner-container is-layout-flow wp-block-group-is-layout-flow\">\n<div class=\"wp-block-group alignwide\"><div class=\"wp-block-group__inner-container is-layout-flow wp-block-group-is-layout-flow\">\n<div class=\"wp-block-columns reveal is-layout-flex wp-container-core-columns-is-layout-9d6595d7 wp-block-columns-is-layout-flex\">\n<div class=\"wp-block-column is-vertically-aligned-center is-layout-flow wp-block-column-is-layout-flow\">\n<h2 class=\"reveal-1 wp-block-heading\">Ferienarbeit \/ Sch\u00fclerpraktikum<\/h2>\n\n\n\n<div class=\"wp-block-group reveal-2\"><div class=\"wp-block-group__inner-container is-layout-flow wp-block-group-is-layout-flow\">\n<p>Ein Praktikum bei uns lohnt sich. Und das in erster Linie f\u00fcr dich. Denn wir investieren in deine Ausbildung und behalten deine Zukunft im Blick. Die Dauer deines Praktikums k\u00f6nnen wir flexibel auf deine Erfordernisse anpassen. Mit einem freiwilligen Praktikum kannst du bei uns einen Eindruck von deinem m\u00f6glichen Traumberuf in folgenden Bereichen gewinnen: elektrisches und mechanisches Engineering, Informationstechnik, Schaltschrankbau, Projektmanagement, Einkauf, Administration aber auch an unseren Anlagen im Bereich Montage und Inbetriebnahme, usw.<\/p>\n\n\n\n<p>Du erf\u00fcllst erfolgreich die Voraussetzungen f\u00fcr ein Sch\u00fclerpraktikum oder Ferienarbeitsplatz, wenn du mindestens <strong>14 Jahre alt&nbsp;<\/strong>bist und Interesse an Technik hast. Bei den Einsatzzeiten, richten wir uns ganz individuell nach deinen Bed\u00fcrfnissen oder schulischen Vorgaben.<\/p>\n\n\n\n<p>M\u00f6chtest du dich bewerben, dann ben\u00f6tigen wir unteranderem folgende Unterlagen:<\/p>\n\n\n\n<ul class=\"wp-block-list\">\n<li>Kurzes Anschreiben<\/li>\n\n\n\n<li>ggf. einen Lebenslauf (wenn du schon mehr Erfahrung hast)<\/li>\n\n\n\n<li>Kopie aktuelles Zeugnis<\/li>\n\n\n\n<li>ggf. Schulbescheinigung \u00fcber Pflichtpraktikum<\/li>\n<\/ul>\n\n\n\n<div class=\"wp-block-buttons is-layout-flex wp-block-buttons-is-layout-flex\">\n<div class=\"wp-block-button\"><a class=\"wp-block-button__link wp-element-button\" href=\"https:\/\/www.arcade-engineering.com\/de\/initiativbewerbung\/\">Sich bewerben<\/a><\/div>\n<\/div>\n<\/div><\/div>\n<\/div>\n\n\n\n<div class=\"wp-block-column reveal-3 is-layout-flow wp-block-column-is-layout-flow\">\n<div class=\"wp-block-cover is-light\"><span aria-hidden=\"true\" class=\"wp-block-cover__background has-background-dim-0 has-background-dim\"><\/span><img loading=\"lazy\" decoding=\"async\" width=\"800\" height=\"800\" class=\"wp-block-cover__image-background wp-image-1541\" alt=\"\" src=\"https:\/\/www.arcade-engineering.com\/wp-content\/uploads\/2022\/11\/students-800x800-1.jpg\" data-object-fit=\"cover\" srcset=\"https:\/\/www.arcade-engineering.com\/wp-content\/uploads\/2022\/11\/students-800x800-1.jpg 800w, https:\/\/www.arcade-engineering.com\/wp-content\/uploads\/2022\/11\/students-800x800-1-300x300.jpg 300w, https:\/\/www.arcade-engineering.com\/wp-content\/uploads\/2022\/11\/students-800x800-1-150x150.jpg 150w, https:\/\/www.arcade-engineering.com\/wp-content\/uploads\/2022\/11\/students-800x800-1-768x768.jpg 768w\" sizes=\"auto, (max-width: 800px) 100vw, 800px\" \/><div class=\"wp-block-cover__inner-container is-layout-flow wp-block-cover-is-layout-flow\">\n<p class=\"has-text-align-center has-large-font-size\"><\/p>\n<\/div><\/div>\n<\/div>\n<\/div>\n<\/div><\/div>\n<\/div><\/section>\n\n\n\n<section id=\"student\" class=\"wp-block-group\"><div class=\"wp-block-group__inner-container is-layout-flow wp-block-group-is-layout-flow\">\n<div class=\"wp-block-group alignwide\"><div class=\"wp-block-group__inner-container is-layout-flow wp-block-group-is-layout-flow\">\n<div class=\"wp-block-columns reveal is-layout-flex wp-container-core-columns-is-layout-9d6595d7 wp-block-columns-is-layout-flex\">\n<div class=\"wp-block-column reveal-3 is-layout-flow wp-block-column-is-layout-flow\">\n<figure class=\"wp-block-image size-full\"><img loading=\"lazy\" decoding=\"async\" width=\"800\" height=\"800\" src=\"https:\/\/www.arcade-engineering.com\/wp-content\/uploads\/2022\/11\/students-3-800x800-1.jpg\" alt=\"\" class=\"wp-image-1606\" srcset=\"https:\/\/www.arcade-engineering.com\/wp-content\/uploads\/2022\/11\/students-3-800x800-1.jpg 800w, https:\/\/www.arcade-engineering.com\/wp-content\/uploads\/2022\/11\/students-3-800x800-1-300x300.jpg 300w, https:\/\/www.arcade-engineering.com\/wp-content\/uploads\/2022\/11\/students-3-800x800-1-150x150.jpg 150w, https:\/\/www.arcade-engineering.com\/wp-content\/uploads\/2022\/11\/students-3-800x800-1-768x768.jpg 768w\" sizes=\"auto, (max-width: 800px) 100vw, 800px\" \/><\/figure>\n<\/div>\n\n\n\n<div class=\"wp-block-column is-vertically-aligned-center is-layout-flow wp-block-column-is-layout-flow\">\n<h2 class=\"reveal-1 wp-block-heading\">Studierende<\/h2>\n\n\n\n<div class=\"wp-block-group reveal-2\"><div class=\"wp-block-group__inner-container is-layout-flow wp-block-group-is-layout-flow\">\n<p>Studium und Ausbildung in einem, Praxisphasen statt grauer Theorie und obendrauf noch f\u00fcrs Studieren bezahlt werden \u2013 ein duales Studium hat eindeutig seine Vorz\u00fcge!<\/p>\n\n\n\n<div class=\"accordion\" id=\"accoOne\">\n  <div class=\"card\">\n    <div class=\"card-header\" id=\"headOne\">\n        <button class=\"btn-accordion collapsed\" type=\"button\" data-toggle=\"collapse\" data-target=\"#colOne\" aria-expanded=\"false\" aria-controls=\"colOne\">\n          Duales Studium \n        <\/button>\n    <\/div>\n    <div id=\"colOne\" class=\"collapse\" aria-labelledby=\"headOne\" data-parent=\"#accoOne\">\n      <div class=\"card-body\">\n        <p>W\u00e4hrend des Studiums wechseln sich Theorie- und Praxisphasen im mehrw\u00f6chigen Rhythmus ab. Gelerntes kann sofort im Unternehmen angewendet werden, du sammelst von Anfang an interessante Berufserfahrungen und baust deine Fach- sowie Sozialkompetenzen aus. Zus\u00e4tzlich profitierst du von erfahrenen und qualifizierten Mitarbeitern.\nEin duales Studium ist in vielen Fachrichtungen m\u00f6glich. Nehme Kontakt mit uns auf und pr\u00e4sentiere uns dein Projekt.\n<\/p>\n      <\/div>\n    <\/div>\n  <\/div>\n<\/div>\n\n\n\n<p>Wenn du noch studierst, kannst du bei uns ein Praktikum machen oder im Rahmen eines Studienjobs (Werkstudierendent\u00e4tigkeit) arbeiten.<\/p>\n\n\n\n<div class=\"accordion\" id=\"accoTwo\">\n  <div class=\"card\">\n    <div class=\"card-header\" id=\"headTwo\">\n        <button class=\"btn-accordion collapsed\" type=\"button\" data-toggle=\"collapse\" data-target=\"#colTwo\" aria-expanded=\"false\" aria-controls=\"colTwo\">\n          Praktikum\n        <\/button>\n    <\/div>\n    <div id=\"colTwo\" class=\"collapse\" aria-labelledby=\"headTwo\" data-parent=\"#accoTwo\">\n      <div class=\"card-body\">\n        <p>Was deine Studienordnung auch vorsieht, bei uns sind alle Praktika m\u00f6glich \u2013 vom Vor- und Grundpraktikum \u00fcber verschiedene Pflichtpraktika, freiwillige Praktika bis zum ganzen Praxissemester. Die Dauer deines Praktikums k\u00f6nnen wir flexibel auf deine Erfordernisse anpassen. Mit einem freiwilligen Praktikum k\u00f6nnen Studenten, deren Hochschule kein Pflichtpraktikum vorsieht, einen Eindruck von ihrem m\u00f6glichen Traumberuf gewinnen.\nDiese Chance bieten wir auch Studenten mit Fachrichtungswechsel, die zum Beispiel ihr Pflichtpraktikum w\u00e4hrend des Bachelorstudiums absolviert haben und nun w\u00e4hrend des Masterstudiums Praxiserfahrung in einem anderen Fachbereich sammeln wollen.\n<\/p>\n      <\/div>\n    <\/div>\n  <\/div>\n  <div class=\"card\">\n    <div class=\"card-header\" id=\"headThree\">\n        <button class=\"btn-accordion collapsed\" type=\"button\" data-toggle=\"collapse\" data-target=\"#colThree\" aria-expanded=\"false\" aria-controls=\"colThree\">\n          Werkstudent (m\/w\/d)\n        <\/button>\n    <\/div>\n    <div id=\"colThree\" class=\"collapse\" aria-labelledby=\"headThree\" data-parent=\"#accoTwo\">\n      <div class=\"card-body\">\n        <p>Als Werkstudent kannst du dabei sein, wenn faszinierende Themen entwickelt werden und uns \u00fcber die verschiedenen Prozessschritte hinweg aktiv mit deinem Wissen unterst\u00fctzen. Diese Projekteins\u00e4tze erm\u00f6glichen dir das Sammeln direkter Erfahrungen in der Praxis und das Kennenlernen unserer Arbeitsfelder im elektrischen und mechanischen Engineering, dem Planen und Einrichten von industriellen Wasser- und Prozessanlagen sowie dem Schaltschrankbau.\n<\/p>\n      <\/div>\n    <\/div>\n  <\/div>\n<\/div>\n\n\n\n<p>Du setzt dich f\u00fcr deine Bachelor- oder Masterarbeit wissenschaftlich mit einem spezifischen und f\u00fcr uns relevanten Thema auseinander?<\/p>\n\n\n\n<div class=\"accordion\" id=\"accoFor\">\n  <div class=\"card\">\n    <div class=\"card-header\" id=\"headFor\">\n        <button class=\"btn-accordion collapsed\" type=\"button\" data-toggle=\"collapse\" data-target=\"#colFor\" aria-expanded=\"false\" aria-controls=\"colFor\">\n          Abschlussarbeit\n        <\/button>\n    <\/div>\n    <div id=\"colFor\" class=\"collapse\" aria-labelledby=\"headFor\" data-parent=\"#accoFor\">\n      <div class=\"card-body\">\n        <p>Du planst deine Abschlussarbeit? Egal ob Bachelor, Master oder Diplom: Bei uns findest du Themen in vielen Fachbereichen, die praxisnah sind und Anwendung finden. Unser Herz schl\u00e4gt f\u00fcr Innovation und wir sind ein kompetenter Partner im Bereich Anlagenbau. Du holst dir mit uns also einen starken und bew\u00e4hrten Partner f\u00fcr deinen Abschluss ins Boot. Nicht zuletzt kn\u00fcpfst du wichtige Kontakte f\u00fcr deinen sp\u00e4teren Berufseinstieg. \nBei deiner wissenschaftlichen Abschlussarbeit profitierst du von der Expertise der Arcade Gruppe, denn du wirst w\u00e4hrend der gesamten Zeit pers\u00f6nlich und fachlich betreut. Du bearbeitest dein Thema an der Schnittstelle zu Theorie und Praxis und erweiterst damit fr\u00fchzeitig dein eigenes Netzwerk.\n<\/p>\n      <\/div>\n    <\/div>\n  <\/div>\n<\/div>\n<\/div><\/div>\n\n\n\n<div class=\"wp-block-buttons is-layout-flex wp-block-buttons-is-layout-flex\">\n<div class=\"wp-block-button\"><a class=\"wp-block-button__link wp-element-button\" href=\"https:\/\/www.arcade-engineering.com\/de\/initiativbewerbung\/\">Sich bewerben<\/a><\/div>\n<\/div>\n<\/div>\n<\/div>\n\n\n\n<p><\/p>\n<\/div><\/div>\n<\/div><\/section>\n\n\n\n<section id=\"partner\" class=\"wp-block-group bg-gray-200\"><div class=\"wp-block-group__inner-container is-layout-flow wp-block-group-is-layout-flow\">\n<div class=\"wp-block-group alignwide\"><div class=\"wp-block-group__inner-container is-layout-flow wp-block-group-is-layout-flow\">\n<div class=\"wp-block-columns reveal is-layout-flex wp-container-core-columns-is-layout-9d6595d7 wp-block-columns-is-layout-flex\">\n<div class=\"wp-block-column is-vertically-aligned-center is-layout-flow wp-block-column-is-layout-flow\">\n<h2 class=\"reveal-1 wp-block-heading\"><strong>Partnerschaften<\/strong><\/h2>\n\n\n\n<div class=\"wp-block-group reveal-2\"><div class=\"wp-block-group__inner-container is-layout-flow wp-block-group-is-layout-flow\">\n<p>Du besuchst eine der folgenden Schulen \/ Universit\u00e4ten? Dann bist du bei Arcade genau richtig!<\/p>\n\n\n\n<p>Die Gruppe pflegt mit diesen Einrichtungen zum Teil schon langj\u00e4hrige Partnerschaften. Erkundige dich bei uns oder bei deiner Schule, welche M\u00f6glichkeiten du hast direkt bei uns einzusteigen. Erscheint deine Schule oder Universit\u00e4t nicht in der folgenden Liste? Das ist \u00fcberhaupt kein Problem! Auch wenn diese weiter entfernt ist, haben wir die M\u00f6glichkeit dich zu unterst\u00fctzen (Firmenwohnungen, usw.). Wir sind f\u00fcr weitere Partnerschaften und Zusammenarbeiten jederzeit offen.<\/p>\n\n\n\n<p class=\"flag arcade-engineering-ag has-text-color\" style=\"color:#fcc600\"><strong>Arcade Engineering AG<\/strong><\/p>\n\n\n\n<p class=\"lnr-chevron-right-circle\"><a href=\"https:\/\/dhbw-loerrach.de\/listedualerpartner\" data-type=\"URL\" data-id=\"https:\/\/dhbw-loerrach.de\/listedualerpartner\" target=\"_blank\" rel=\"noreferrer noopener\">DHBW L\u00f6rrach<\/a><\/p>\n\n\n\n<p class=\"lnr-chevron-right-circle\"><a href=\"https:\/\/www.iutmulhouse.uha.fr\/apprentissage\/\" target=\"_blank\" rel=\"noreferrer noopener\">IUT Mulhouse<\/a><\/p>\n\n\n\n<p class=\"flag arcade-industrie-sas has-text-color\" style=\"color:#fcc600\"><strong>Arcade Industrie SAS<\/strong><\/p>\n\n\n\n<p class=\"lnr-chevron-right-circle\"><a href=\"https:\/\/lyceecharlesdegaulle.fr\/\" data-type=\"URL\" data-id=\"https:\/\/lyceecharlesdegaulle.fr\/\" target=\"_blank\" rel=\"noreferrer noopener\">Lyc\u00e9e Charles de Gaulle de Pulversheim<\/a><\/p>\n\n\n\n<p class=\"lnr-chevron-right-circle\"><a href=\"http:\/\/www.lyceedeck.fr\/\" data-type=\"URL\" data-id=\"http:\/\/www.lyceedeck.fr\/\" target=\"_blank\" rel=\"noreferrer noopener\">Lyc\u00e9e Th\u00e9odore Deck de Guebwiller<\/a><\/p>\n\n\n\n<p class=\"flag arcade-engineering-gmbh has-text-color\" style=\"color:#ffa500\"><strong>Arcade Engineering GmbH<\/strong><\/p>\n\n\n\n<p class=\"lnr-chevron-right-circle\"><a href=\"https:\/\/tu-dresden.de\/studium\" data-type=\"URL\" data-id=\"https:\/\/tu-dresden.de\/studium\" target=\"_blank\" rel=\"noreferrer noopener\">TU Dresden<\/a><\/p>\n\n\n\n<p class=\"lnr-chevron-right-circle\"><a href=\"https:\/\/www.htw-dresden.de\/studium\/vor-dem-studium\/bewerbung-und-zulassung\" data-type=\"URL\" data-id=\"https:\/\/www.htw-dresden.de\/studium\/vor-dem-studium\/bewerbung-und-zulassung\" target=\"_blank\" rel=\"noreferrer noopener\">HTW Dresden<\/a><\/p>\n\n\n\n<p class=\"lnr-chevron-right-circle\">Karriereportal<\/p>\n\n\n\n<p class=\"lnr-chevron-right-circle\"><a href=\"https:\/\/www.bszet.de\/\" data-type=\"URL\" data-id=\"https:\/\/www.bszet.de\/\" target=\"_blank\" rel=\"noreferrer noopener\">Berufliches Schulzentrum f\u00fcr Elektrotechnik<\/a><\/p>\n\n\n\n<p class=\"lnr-chevron-right-circle\">Berufsakademie Sachsen Staatliche Studienakademie Riesa<\/p>\n<\/div><\/div>\n<\/div>\n\n\n\n<div class=\"wp-block-column reveal-3 is-layout-flow wp-block-column-is-layout-flow\">\n<figure class=\"wp-block-image size-full\"><img loading=\"lazy\" decoding=\"async\" width=\"800\" height=\"800\" src=\"https:\/\/www.arcade-engineering.com\/wp-content\/uploads\/2022\/11\/students-4-800x800-1.jpg\" alt=\"\" class=\"wp-image-1646\" srcset=\"https:\/\/www.arcade-engineering.com\/wp-content\/uploads\/2022\/11\/students-4-800x800-1.jpg 800w, https:\/\/www.arcade-engineering.com\/wp-content\/uploads\/2022\/11\/students-4-800x800-1-300x300.jpg 300w, https:\/\/www.arcade-engineering.com\/wp-content\/uploads\/2022\/11\/students-4-800x800-1-150x150.jpg 150w, https:\/\/www.arcade-engineering.com\/wp-content\/uploads\/2022\/11\/students-4-800x800-1-768x768.jpg 768w\" sizes=\"auto, (max-width: 800px) 100vw, 800px\" \/><\/figure>\n<\/div>\n<\/div>\n<\/div><\/div>\n<\/div><\/section>\n","protected":false},"excerpt":{"rendered":"<p>Karriere Trainee und Sch\u00fcler (m\/w\/d) Es ist nie zu fr\u00fch, sich mit der Zukunft auseinanderzusetzen. F\u00fcr Sch\u00fcler, die sehen wollen was wir machen, bietet sich ein Praktikum an. W\u00e4hrend deinem Urlaub gibt es immer wieder die M\u00f6glichkeit zur Ferienarbeit. Ferienarbeit \/ Sch\u00fclerpraktikum Ein Praktikum bei uns lohnt sich. Und das in erster Linie f\u00fcr dich. [&hellip;]<\/p>\n","protected":false},"author":1,"featured_media":0,"parent":0,"menu_order":0,"comment_status":"closed","ping_status":"closed","template":"page-skill.php","meta":{"_acf_changed":false,"_seopress_robots_primary_cat":"","_seopress_titles_title":"","_seopress_titles_desc":"Ein Praktikum in unserem Unternehmen kann sich nur positiv auswirken, da wir in deine Ausbildung investieren und deine Zukunft im Auge behalten.","_seopress_robots_index":"","_seopress_analysis_target_kw":"","footnotes":""},"class_list":["post-1343","page","type-page","status-publish","hentry"],"acf":[],"_links":{"self":[{"href":"https:\/\/www.arcade-engineering.com\/de\/wp-json\/wp\/v2\/pages\/1343","targetHints":{"allow":["GET"]}}],"collection":[{"href":"https:\/\/www.arcade-engineering.com\/de\/wp-json\/wp\/v2\/pages"}],"about":[{"href":"https:\/\/www.arcade-engineering.com\/de\/wp-json\/wp\/v2\/types\/page"}],"author":[{"embeddable":true,"href":"https:\/\/www.arcade-engineering.com\/de\/wp-json\/wp\/v2\/users\/1"}],"replies":[{"embeddable":true,"href":"https:\/\/www.arcade-engineering.com\/de\/wp-json\/wp\/v2\/comments?post=1343"}],"version-history":[{"count":43,"href":"https:\/\/www.arcade-engineering.com\/de\/wp-json\/wp\/v2\/pages\/1343\/revisions"}],"predecessor-version":[{"id":2104,"href":"https:\/\/www.arcade-engineering.com\/de\/wp-json\/wp\/v2\/pages\/1343\/revisions\/2104"}],"wp:attachment":[{"href":"https:\/\/www.arcade-engineering.com\/de\/wp-json\/wp\/v2\/media?parent=1343"}],"curies":[{"name":"wp","href":"https:\/\/api.w.org\/{rel}","templated":true}]}}