{"id":1326,"date":"2022-07-27T10:36:36","date_gmt":"2022-07-27T08:36:36","guid":{"rendered":"https:\/\/www.arcade-engineering.com\/politique-de-confidentialite\/arcade-industrie-sas\/"},"modified":"2025-02-24T11:14:41","modified_gmt":"2025-02-24T10:14:41","slug":"arcade-industrie-sas","status":"publish","type":"page","link":"https:\/\/www.arcade-engineering.com\/de\/datenschutzerklarung\/arcade-industrie-sas\/","title":{"rendered":"Kurita Engineering France SAS"},"content":{"rendered":"\n<section class=\"wp-block-group alignwide\"><div class=\"wp-block-group__inner-container is-layout-flow wp-block-group-is-layout-flow\">\n<p>Responsable des traitements des donn\u00e9es Kurita Engineering France SAS\u00a0:<\/p>\n\n\n\n<p>Mme MULLER Claudine<br>CCAN AIRE DE LA THUR<br>68840 PULVERSHEIM <br>Tel&nbsp;: 03 89 28 32 57<br><a href=\"https:\/\/www.arcade-engineering.com\/de\/kontaktieren-sie-uns\/?recipient=Arcade+France\" data-type=\"URL\" data-id=\"https:\/\/www.arcade-engineering.com\/contactez-nous\/?recipient=Arcade+France\">Contactez-nous<\/a><\/p>\n\n\n\n<h2 class=\"wp-block-heading\">Utilisation des donn\u00e9es personnelles collect\u00e9es<\/h2>\n\n\n\n<p>Nous enregistrons diff\u00e9rents types de donn\u00e9es lorsque vous visitez notre site Web. Certaines donn\u00e9es, comme votre nom et votre adresse, sont r\u00e9colt\u00e9es lorsque vous nous contacter via notre formulaire pr\u00e9vu \u00e0 cet effet. D\u2019autres donn\u00e9es, telles que l\u2019adresse IP ou la date d\u2019acc\u00e8s, sont enregistr\u00e9es \u00e0 la suite de processus techniques. Dans certaines circonstances, nous enregistrons certaines informations sous forme de cookies \u00e0 partir de votre PC. Nous enregistrons d\u2019autres donn\u00e9es vous concernant lorsque vous utilisez des services particuliers ou lorsque vous prenez directement contact avec nous.<\/p>\n\n\n\n<h3 class=\"wp-block-heading\">M\u00e9dias<\/h3>\n\n\n\n<p>Si vous \u00eates un utilisateur ou une utilisatrice enregistr\u00e9\u00b7e et que vous t\u00e9l\u00e9versez des images sur le site web, nous vous conseillons d\u2019\u00e9viter de t\u00e9l\u00e9verser des images contenant des donn\u00e9es EXIF de coordonn\u00e9es GPS. Les visiteurs de votre site web peuvent t\u00e9l\u00e9charger et extraire des donn\u00e9es de localisation depuis ces images.<\/p>\n\n\n\n<h3 class=\"wp-block-heading\">Formulaire de contact<\/h3>\n\n\n\n<p>Lorsque vous validez le formulaire de contact, les donn\u00e9es personnelles que vous nous fournissez feront l\u2019objet d\u2019un traitement informatique sur le territoire Suisse avant de nous \u00eatre redirig\u00e9es sur le territoire fran\u00e7ais dans le cadre de l\u2019int\u00e9r\u00eat pr\u00e9contractuel ou commercial. Vos donn\u00e9es personnelles seront automatiquement supprim\u00e9es au bout de 30 jours. Pour plus d\u2019informations, veuillez contacter le responsable des traitements de donn\u00e9es Arcade-Industrie SAS depuis notre <a href=\"https:\/\/www.arcade-engineering.com\/de\/kontaktieren-sie-uns\/?recipient=Arcade+France\" data-type=\"URL\" data-id=\"https:\/\/www.arcade-engineering.com\/contactez-nous\/?recipient=Arcade+France\">formulaire de con<\/a><a href=\"https:\/\/www.arcade-engineering.com\/de\/kontaktieren-sie-uns\/?company=Test\" data-type=\"URL\" data-id=\"https:\/\/www.arcade-engineering.com\/contactez-nous\/?company=Test\">tact<\/a>.<\/p>\n\n\n\n<h3 class=\"wp-block-heading\">D\u00e9p\u00f4t de candidature<\/h3>\n\n\n\n<p>Lorsque vous validez le d\u00e9p\u00f4t d\u2019une candidature sur notre site internet h\u00e9berg\u00e9 en Suisse ou directement par email, les donn\u00e9es personnelles que vous nous fournissez seront trait\u00e9es sur le territoire Suisse avant d\u2019\u00eatre redirig\u00e9es au besoin vers Arcade-Industrie SAS dans le cadre de l\u2019int\u00e9r\u00eat pr\u00e9contractuel. Vos donn\u00e9es personnelles seront automatiquement supprim\u00e9es au bout de 30 jours, sauf dans le cas o\u00f9 votre candidature aboutie sur un contrat de travail. Pour plus d\u2019informations, veuillez contacter notre r\u00e9f\u00e9rent RGPD ou le responsable des traitements de donn\u00e9es Arcade-Industrie SAS depuis notre  <a href=\"https:\/\/www.arcade-engineering.com\/de\/kontaktieren-sie-uns\/?recipient=Arcade+France\" data-type=\"URL\" data-id=\"https:\/\/www.arcade-engineering.com\/contactez-nous\/?recipient=Arcade+France\">formulaire de con<\/a><a href=\"https:\/\/www.arcade-engineering.com\/de\/kontaktieren-sie-uns\/?company=Test\" data-type=\"URL\" data-id=\"https:\/\/www.arcade-engineering.com\/contactez-nous\/?company=Test\">tact<\/a>.<\/p>\n\n\n\n<div class=\"wp-block-group\"><div class=\"wp-block-group__inner-container is-layout-constrained wp-block-group-is-layout-constrained\">\n<h3 class=\"wp-block-heading\">Cookies <\/h3>\n\n\n\n<p>Notre site web utilise des cookies. Les cookies sont de petits fichiers texte stock\u00e9s localement par votre navigateur sur votre appareil. Ils sont utilis\u00e9s pour am\u00e9liorer la fonctionnalit\u00e9 de notre site web et sont essentiels pour certaines op\u00e9rations. En plus de nos propres cookies, notre site web utilise \u00e9galement des cookies Matomo pour mesurer son audience. Si vous ne souhaitez pas que les cookies soient enregistr\u00e9s, vous pouvez configurer votre navigateur en cons\u00e9quence. Cependant, vous ne pourrez pas utiliser toutes les fonctionnalit\u00e9s de notre site Web.<\/p>\n\n\n\n<figure class=\"wp-block-table\"><table class=\"has-fixed-layout\"><thead><tr><th>Nom<\/th><th>Dur\u00e9e<\/th><th>Fonction<\/th><\/tr><\/thead><tbody><tr><td>_icl_visitor_lang_js<\/td><td>1 jour<\/td><td>Language <\/td><\/tr><tr><td>_pk_id<\/td><td>393 jours<\/td><td>Analytics (Matomo)<\/td><\/tr><tr><td>_pk_ses<\/td><td>1 jour<\/td><td>Analytics (Matomo)<\/td><\/tr><tr><td>tarteaucitron<\/td><td>365 jours<\/td><td>Consent <\/td><\/tr><tr><td>wp-wpml_current_language<\/td><td>Session<\/td><td>Language <\/td><\/tr><tr><td>wpml_browser_redirect_test<\/td><td>Session<\/td><td>Language<\/td><\/tr><\/tbody><\/table><\/figure>\n<\/div><\/div>\n\n\n\n<h2 class=\"wp-block-heading\">Utilisation et transmission de vos donn\u00e9es personnelles<\/h2>\n\n\n\n<p>Nous traitons vos donn\u00e9es afin de pouvoir vous fournir nos services. Nous ne mettrons ces donn\u00e9es \u00e0 la disposition des services publics que lorsque la loi l\u2019exige. Nos employ\u00e9s sont tenus de ne pas divulguer ces donn\u00e9es. Aucunes de vos donn\u00e9es personnelles n\u2019est sujet \u00e0 une exploitation commerciale de notre part. Elles ne seront jamais vendues, \u00e9chang\u00e9es ou c\u00e9d\u00e9es.<\/p>\n\n\n\n<h3 class=\"wp-block-heading\">Contenus embarqu\u00e9s<\/h3>\n\n\n\n<p id=\"tarteaucitronManager\">Nous utilisons des contenus embarqu\u00e9s pour am\u00e9liorer l&#8217;exp\u00e9rience utilisateur sur notre site web et pour fournir du contenu utile et int\u00e9ressant. Toutefois, ces contenus peuvent \u00e9galement collecter des donn\u00e9es. Vous pouvez vous opposer \u00e0 tout moment \u00e0 leur utilisation en <a onclick=\"tarteaucitron.userInterface.openPanel(); return false;\" href=\"#\">cliquant ici<\/a>.<\/p>\n\n\n\n<figure class=\"wp-block-table\"><table class=\"has-fixed-layout\"><thead><tr><th>Nom<\/th><th>Domaine<\/th><th>Fonction<\/th><\/tr><\/thead><tbody><tr><td>OpenStreetMap<\/td><td>openstreetmap.fr<\/td><td>Carte interactive<\/td><\/tr><tr><td>Matomo<\/td><td>stats.studiowa.fr<\/td><td>Analytics<\/td><\/tr><\/tbody><\/table><\/figure>\n\n\n\n<h3 class=\"wp-block-heading\">Utilisation de Matomo<\/h3>\n\n\n\n<div class=\"wp-block-group\"><div class=\"wp-block-group__inner-container is-layout-constrained wp-block-group-is-layout-constrained\">\n<p>Notre site utilise Matomo, plateforme open source d\u2019analyse pour sites web. La plateforme est auto-h\u00e9berg\u00e9e par notre prestataire de site internet <a rel=\"noreferrer noopener\" href=\"https:\/\/www.studiowa.fr\/\" data-type=\"URL\" data-id=\"https:\/\/www.studiowa.fr\/\" target=\"_blank\">studiowa.fr<\/a><strong> <\/strong>sur son serveur mutualis\u00e9 install\u00e9 en Suisse et configur\u00e9 selon <a href=\"https:\/\/www.cnil.fr\/sites\/default\/files\/atoms\/files\/matomo_analytics_-_exemption_-_guide_de_configuration.pdf\" data-type=\"URL\" data-id=\"https:\/\/www.cnil.fr\/sites\/default\/files\/atoms\/files\/matomo_analytics_-_exemption_-_guide_de_configuration.pdf\" target=\"_blank\" rel=\"noreferrer noopener\">les recommandations de la CNIL<\/a> (autorit\u00e9s ind\u00e9pendantes fran\u00e7aises charg\u00e9es de la protection des donn\u00e9es). Toutes les donn\u00e9es d\u2019analyse r\u00e9colt\u00e9es sont anonymis\u00e9es et sont notre enti\u00e8re propri\u00e9t\u00e9 afin de prot\u00e9ger la vie priv\u00e9e de nos utilisateurs. Les donn\u00e9es anonymis\u00e9es sont uniquement consult\u00e9es par le groupe Arcade Engineering et notre prestataire de site internet <a rel=\"noreferrer noopener\" href=\"https:\/\/www.studiowa.fr\/\" data-type=\"URL\" data-id=\"https:\/\/www.studiowa.fr\/\" target=\"_blank\">studiowa.fr<\/a> afin de mesurer l&#8217;audience du site internet et d&#8217;am\u00e9liorer nos services.<\/p>\n<\/div><\/div>\n\n\n\n<h3 class=\"wp-block-heading\">Service de cartographie<\/h3>\n\n\n\n<p>Nous utilisons OpenStreetMap, un service de cartographie en ligne, pour afficher des cartes interactives sur notre site web. Lorsque vous acc\u00e9dez \u00e0 notre site web, votre adresse IP et des informations de navigation telles que les clics sur la carte peuvent \u00eatre collect\u00e9es par OpenStreetMap.<\/p>\n\n\n\n<p>OpenStreetMap ne collecte pas de donn\u00e9es personnelles identifiables telles que les noms, les adresses ou les num\u00e9ros de t\u00e9l\u00e9phone. Les informations collect\u00e9es sont utilis\u00e9es uniquement pour am\u00e9liorer la qualit\u00e9 des cartes et ne sont pas partag\u00e9es avec des tiers \u00e0 des fins de marketing ou de publicit\u00e9.<\/p>\n\n\n\n<p>Vous pouvez retirer votre consentement \u00e0 tout moment en bloquant les cookies en <a onclick=\"tarteaucitron.userInterface.openPanel(); return false;\" href=\"#\">cliquant ici<\/a> ou en d\u00e9sactivant l&#8217;utilisation d&#8217;OpenStreetMap dans les param\u00e8tres de votre navigateur. Cependant, veuillez noter que cela peut affecter votre exp\u00e9rience de navigation et la disponibilit\u00e9 des cartes sur notre site web.<\/p>\n\n\n\n<h3 class=\"wp-block-heading\">Partage LinkedIn<\/h3>\n\n\n\n<p>Lorsque vous cliquez sur le lien de partage LinkedIn pr\u00e9sent sur nos offres d&#8217;emploi, vous serez redirig\u00e9 vers le site LinkedIn. Veuillez noter que LinkedIn peut collecter des donn\u00e9es, telles que l&#8217;URL du site, la date et l&#8217;heure de votre partage, le titre et la description de la page, ainsi que des informations sur votre navigateur et votre appareil. Nous ne sommes pas responsables de la collecte ou de l&#8217;utilisation des donn\u00e9es personnelles par LinkedIn, et vous \u00eates encourag\u00e9 \u00e0 consulter <a rel=\"noreferrer noopener\" href=\"https:\/\/fr.linkedin.com\/legal\/privacy-policy\" data-type=\"URL\" data-id=\"https:\/\/fr.linkedin.com\/legal\/privacy-policy\" target=\"_blank\">la politique de confidentialit\u00e9 de LinkedIn<\/a> pour plus d&#8217;informations sur leurs pratiques de confidentialit\u00e9.<\/p>\n\n\n\n<h3 class=\"wp-block-heading\">Vos droits<\/h3>\n\n\n\n<p>Vous avez le droit \u00e0 l\u2019information, \u00e0 la correction, \u00e0 la suppression, \u00e0 la restriction, \u00e0 la transportabilit\u00e9 des donn\u00e9es, \u00e0 la r\u00e9vocation et \u00e0 l\u2019opposition. Pour toute question concernant l\u2019obtention et le traitement de vos donn\u00e9es personnelles et pour toute demande d\u2019informations et de corrections, veuillez nous contacter par mail depuis notre <a href=\"https:\/\/www.arcade-engineering.com\/de\/kontaktieren-sie-uns\/?recipient=Arcade+France\" data-type=\"URL\" data-id=\"https:\/\/www.arcade-engineering.com\/contactez-nous\/?recipient=Arcade+France\">formulaire de contact<\/a>.<a href=\"mailto:info@arcade-engineering.com\"><\/a><\/p>\n\n\n\n<h3 class=\"wp-block-heading\">Changements<\/h3>\n\n\n\n<p>Nous nous r\u00e9servons le droit de modifier notre site Web \u00e0 tout moment. Lorsque nous modifions la d\u00e9claration de protection des donn\u00e9es, nous publions ici des informations \u00e0 cet effet.<\/p>\n<\/div><\/section>\n","protected":false},"excerpt":{"rendered":"<p>Responsable des traitements des donn\u00e9es Kurita Engineering France SAS\u00a0: Mme MULLER ClaudineCCAN AIRE DE LA THUR68840 PULVERSHEIM Tel&nbsp;: 03 89 28 32 57Contactez-nous Utilisation des donn\u00e9es personnelles collect\u00e9es Nous enregistrons diff\u00e9rents types de donn\u00e9es lorsque vous visitez notre site Web. Certaines donn\u00e9es, comme votre nom et votre adresse, sont r\u00e9colt\u00e9es lorsque vous nous contacter via [&hellip;]<\/p>\n","protected":false},"author":1,"featured_media":0,"parent":1320,"menu_order":0,"comment_status":"closed","ping_status":"closed","template":"","meta":{"_acf_changed":false,"_seopress_robots_primary_cat":"","_seopress_titles_title":"","_seopress_titles_desc":"","_seopress_robots_index":"yes","footnotes":""},"class_list":["post-1326","page","type-page","status-publish","hentry"],"acf":[],"_links":{"self":[{"href":"https:\/\/www.arcade-engineering.com\/de\/wp-json\/wp\/v2\/pages\/1326","targetHints":{"allow":["GET"]}}],"collection":[{"href":"https:\/\/www.arcade-engineering.com\/de\/wp-json\/wp\/v2\/pages"}],"about":[{"href":"https:\/\/www.arcade-engineering.com\/de\/wp-json\/wp\/v2\/types\/page"}],"author":[{"embeddable":true,"href":"https:\/\/www.arcade-engineering.com\/de\/wp-json\/wp\/v2\/users\/1"}],"replies":[{"embeddable":true,"href":"https:\/\/www.arcade-engineering.com\/de\/wp-json\/wp\/v2\/comments?post=1326"}],"version-history":[{"count":45,"href":"https:\/\/www.arcade-engineering.com\/de\/wp-json\/wp\/v2\/pages\/1326\/revisions"}],"predecessor-version":[{"id":2881,"href":"https:\/\/www.arcade-engineering.com\/de\/wp-json\/wp\/v2\/pages\/1326\/revisions\/2881"}],"up":[{"embeddable":true,"href":"https:\/\/www.arcade-engineering.com\/de\/wp-json\/wp\/v2\/pages\/1320"}],"wp:attachment":[{"href":"https:\/\/www.arcade-engineering.com\/de\/wp-json\/wp\/v2\/media?parent=1326"}],"curies":[{"name":"wp","href":"https:\/\/api.w.org\/{rel}","templated":true}]}}