{"id":1320,"date":"2022-07-12T11:30:01","date_gmt":"2022-07-12T09:30:01","guid":{"rendered":"https:\/\/www.arcade-engineering.com\/politique-de-confidentialite\/"},"modified":"2023-01-23T12:09:17","modified_gmt":"2023-01-23T11:09:17","slug":"datenschutzerklarung","status":"publish","type":"page","link":"https:\/\/www.arcade-engineering.com\/de\/datenschutzerklarung\/","title":{"rendered":"Datenschutzerkl\u00e4rung"},"content":{"rendered":"\n<section class=\"wp-block-group alignwide\"><div class=\"wp-block-group__inner-container is-layout-flow wp-block-group-is-layout-flow\">\n<div class=\"wp-block-columns is-layout-flex wp-container-core-columns-is-layout-9d6595d7 wp-block-columns-is-layout-flex\">\n<div class=\"wp-block-column is-layout-flow wp-block-column-is-layout-flow\">\n<figure class=\"wp-block-image size-full\"><img loading=\"lazy\" decoding=\"async\" width=\"800\" height=\"545\" src=\"https:\/\/www.arcade-engineering.com\/wp-content\/uploads\/2022\/08\/security-1.png\" alt=\"\" class=\"wp-image-1077\" srcset=\"https:\/\/www.arcade-engineering.com\/wp-content\/uploads\/2022\/08\/security-1.png 800w, https:\/\/www.arcade-engineering.com\/wp-content\/uploads\/2022\/08\/security-1-300x204.png 300w, https:\/\/www.arcade-engineering.com\/wp-content\/uploads\/2022\/08\/security-1-768x523.png 768w\" sizes=\"auto, (max-width: 800px) 100vw, 800px\" \/><\/figure>\n<\/div>\n\n\n\n<div class=\"wp-block-column is-vertically-aligned-center is-layout-flow wp-block-column-is-layout-flow\">\n<p>Chez Arcade, nous veillons \u00e0 la protection de vos donn\u00e9es personnelles.<br>Vous pouvez avoir des questions l\u00e9gitimes : quelles sont les donn\u00e9es personnelles collect\u00e9es ? Quand, comment et pourquoi ces donn\u00e9es sont-elles utilis\u00e9es ? C\u2019est la raison pour laquelle nous mettons \u00e0 votre disposition toutes les informations sur le traitement de vos donn\u00e9es et vos droits ci-dessous :<\/p>\n\n\n\n<p class=\"has-text-align-left lnr-lock\"><a href=\"https:\/\/www.arcade-engineering.com\/de\/datenschutzerklarung\/arcade-engineering-ag-2\/\" data-type=\"page\" data-id=\"412\">Arcade Engineering AG<\/a><\/p>\n\n\n\n<p class=\"has-text-align-left lnr-lock\"><a href=\"https:\/\/www.arcade-engineering.com\/de\/datenschutzerklarung\/arcade-industrie-sas\/\" data-type=\"page\" data-id=\"418\">Arcade Industrie SAS<\/a><\/p>\n\n\n\n<p class=\"has-text-align-left lnr-lock\"><a href=\"https:\/\/www.arcade-engineering.com\/de\/datenschutzerklarung\/arcade-engineering-gmbh-2\/\" data-type=\"page\" data-id=\"420\">Arcade Engineering GmbH<\/a><\/p>\n\n\n\n<p class=\"has-text-align-left lnr-lock\"><a href=\"https:\/\/www.arcade-engineering.com\/de\/datenschutzerklarung\/arcade-engineering-pte-ltd\/\" data-type=\"page\" data-id=\"422\">Arcade Engineering Pte Ltd<\/a><\/p>\n<\/div>\n<\/div>\n<\/div><\/section>\n","protected":false},"excerpt":{"rendered":"<p>Chez Arcade, nous veillons \u00e0 la protection de vos donn\u00e9es personnelles.Vous pouvez avoir des questions l\u00e9gitimes : quelles sont les donn\u00e9es personnelles collect\u00e9es ? Quand, comment et pourquoi ces donn\u00e9es sont-elles utilis\u00e9es ? C\u2019est la raison pour laquelle nous mettons \u00e0 votre disposition toutes les informations sur le traitement de vos donn\u00e9es et vos droits [&hellip;]<\/p>\n","protected":false},"author":1,"featured_media":0,"parent":0,"menu_order":0,"comment_status":"closed","ping_status":"open","template":"","meta":{"_acf_changed":false,"_seopress_robots_primary_cat":"","_seopress_titles_title":"","_seopress_titles_desc":"","_seopress_robots_index":"yes","footnotes":""},"class_list":["post-1320","page","type-page","status-publish","hentry"],"acf":[],"_links":{"self":[{"href":"https:\/\/www.arcade-engineering.com\/de\/wp-json\/wp\/v2\/pages\/1320","targetHints":{"allow":["GET"]}}],"collection":[{"href":"https:\/\/www.arcade-engineering.com\/de\/wp-json\/wp\/v2\/pages"}],"about":[{"href":"https:\/\/www.arcade-engineering.com\/de\/wp-json\/wp\/v2\/types\/page"}],"author":[{"embeddable":true,"href":"https:\/\/www.arcade-engineering.com\/de\/wp-json\/wp\/v2\/users\/1"}],"replies":[{"embeddable":true,"href":"https:\/\/www.arcade-engineering.com\/de\/wp-json\/wp\/v2\/comments?post=1320"}],"version-history":[{"count":3,"href":"https:\/\/www.arcade-engineering.com\/de\/wp-json\/wp\/v2\/pages\/1320\/revisions"}],"predecessor-version":[{"id":2037,"href":"https:\/\/www.arcade-engineering.com\/de\/wp-json\/wp\/v2\/pages\/1320\/revisions\/2037"}],"wp:attachment":[{"href":"https:\/\/www.arcade-engineering.com\/de\/wp-json\/wp\/v2\/media?parent=1320"}],"curies":[{"name":"wp","href":"https:\/\/api.w.org\/{rel}","templated":true}]}}