{"id":1307,"date":"2022-07-27T10:31:33","date_gmt":"2022-07-27T08:31:33","guid":{"rendered":"https:\/\/www.arcade-engineering.com\/arcade-engineering-ag-2\/"},"modified":"2023-03-03T12:04:42","modified_gmt":"2023-03-03T11:04:42","slug":"arcade-engineering-ag-2","status":"publish","type":"page","link":"https:\/\/www.arcade-engineering.com\/de\/datenschutzerklarung\/arcade-engineering-ag-2\/","title":{"rendered":"Arcade Engineering AG"},"content":{"rendered":"\n<section class=\"wp-block-group alignwide\"><div class=\"wp-block-group__inner-container is-layout-flow wp-block-group-is-layout-flow\">\n<h2 class=\"wp-block-heading\"><strong>Verarbeitung der gesammelten pers\u00f6nlichen Daten<\/strong><\/h2>\n\n\n\n<p>Wir speichern verschiedene Arten von Daten, wenn Sie unsere Website besuchen. Einige Daten, wie z.B. Ihr Name und Ihre Adresse, werden erfasst, wenn Sie \u00fcber unser Kontaktformular mit uns Kontakt aufnehmen. Andere Daten, wie die IP-Adresse oder das Zugriffsdatum, werden aufgrund technischer Prozesse erhoben. Unter bestimmten Umst\u00e4nden speichern wir bestimmte Informationen von Ihrem PC in Form von Cookies. Wir erheben weitere Daten zu Ihrer Person, wenn Sie bestimmte Dienste nutzen oder wenn Sie uns direkt kontaktieren.<\/p>\n\n\n\n<h3 class=\"wp-block-heading\"><strong>Medien<\/strong><\/h3>\n\n\n\n<p>Wenn Sie ein registrierter Benutzer sind und Bilder auf die Website hochladen, raten wir Ihnen, das Hochladen von Bildern mit EXIF-GPS-Koordinatendaten zu vermeiden. Besucher Ihrer Website k\u00f6nnen Standortdaten aus diesen Bildern herunterladen und extrahieren.<\/p>\n\n\n\n<h3 class=\"wp-block-heading\"><strong>Kontaktformular<\/strong><\/h3>\n\n\n\n<p>Wenn Sie mit uns \u00fcber das Formular auf der Website oder per E-Mail Kontakt aufnehmen, werden die von Ihnen angegebenen Daten von uns zum Zweck der Bearbeitung Ihres Anliegens und f\u00fcr den Fall von Anschlussfragen verarbeitet und gespeichert. Diese Daten werden ohne Ihre Zustimmung nicht an Dritte weitergegeben.<\/p>\n\n\n\n<h3 class=\"wp-block-heading\"><strong>Einsatz von Cookies<\/strong><\/h3>\n\n\n\n<p>Wir verwenden Cookies auf unsere Website. \u201eCookies\u201c sind kleine Textdateien, die von Ihrem Browser lokal auf Ihrem Ger\u00e4t gespeichert werden. Sie dienen dazu, die Funktionalit\u00e4t unserer Website zu verbessern und sind f\u00fcr bestimmte Vorg\u00e4nge unerl\u00e4sslich. Zus\u00e4tzlich zu unseren eigenen Cookies verwendet unsere Website auch Matomo-Cookies, um das Publikum zu messen. Wenn Sie nicht m\u00f6chten, dass Cookies gespeichert werden, k\u00f6nnen Sie Ihren Browser entsprechend konfigurieren. Sie werden jedoch nicht alle Funktionen unserer Website nutzen k\u00f6nnen.<\/p>\n\n\n\n<p>Unsere Cookies bleiben 1 Jahre lang g\u00fcltig und werden dann von Ihrem Browser gel\u00f6scht. Sie k\u00f6nnen Cookies auch jederzeit manuell aus Ihrem Browser l\u00f6schen.<\/p>\n\n\n\n<h3 class=\"wp-block-heading\"><strong>Eingebetteter Inhalt von anderen Websites<\/strong><\/h3>\n\n\n\n<p>Artikel auf dieser Website k\u00f6nnen eingebettete Elemente enthalten (z.B. Videos, Bilder, Artikel\u2026). Inhalte, die von anderen Websites eingebettet sind, verhalten sich so, als ob der Besucher diese andere Website besuchen w\u00fcrde.<\/p>\n\n\n\n<p>Wenn Sie auf diesen Websites registriert sind, k\u00f6nnen diese Daten \u00fcber Sie sammeln, Cookies verwenden, Tracking-Tools von Drittanbietern einbetten und Ihre Interaktionen mit solchen eingebetteten Inhalten verfolgen.<\/p>\n\n\n\n<h2 class=\"wp-block-heading\"><strong>Verwendung und \u00dcbermittlung Ihrer pers\u00f6nlichen Daten<\/strong><\/h2>\n\n\n\n<p>Wir verarbeiten Ihre Daten, um Ihnen unsere Dienstleistungen anbieten zu k\u00f6nnen. Wir werden diese Daten den \u00f6ffentlichen Diensten nur dann zur Verf\u00fcgung stellen, wenn dies gesetzlich vorgeschrieben ist. Unsere Mitarbeiter sind verpflichtet, diese Daten nicht weiterzugeben. Keine Ihrer pers\u00f6nlichen Daten unterliegen der kommerziellen Verwertung durch uns. Sie werden niemals verkauft, getauscht oder \u00fcbertragen.<\/p>\n\n\n\n<h3 class=\"wp-block-heading\"><strong>Die Nutzung von Matomo<\/strong><\/h3>\n\n\n\n<p>Unsere Website verwendet Matomo, eine Open-Source-Plattform f\u00fcr die Analyse von Websites. Die Plattform wird vom Studio WA! selbst gehostet und befindet sich auf einem geteilten Server in der Schweiz, der gem\u00e4\u00df den Empfehlungen der CNIL (unabh\u00e4ngige franz\u00f6sische Datenschutzbeh\u00f6rde) konfiguriert ist. Alle gesammelten Analysedaten werden anonymisiert und sind unser alleiniges Eigentum, um die Privatsph\u00e4re unserer Nutzer zu sch\u00fctzen. Die anonymisierten Daten werden nur von WA! Studio und der Arcade Engineering Group verwendet, um die Besucherzahlen der Website zu messen und unsere Dienstleistungen zu verbessern.<\/p>\n\n\n\n<div id=\"matomo-opt-out\"><\/div> <script src=\"https:\/\/stats.studiowa.fr\/index.php?module=CoreAdminHome&#038;action=optOutJS&#038;divId=matomo-opt-out&#038;language=auto&#038;showIntro=13\"><\/script>\n\n\n\n<h3 class=\"wp-block-heading\"><strong>Ihre Rechte<\/strong><\/h3>\n\n\n\n<p>Sie haben das Recht auf Auskunft, Berichtigung, L\u00f6schung, Einschr\u00e4nkung, \u00dcbertragbarkeit von Daten, Widerruf und Widerspruch. Wenn Sie Fragen hinsichtlich der Erhebung und Verarbeitung Ihrer pers\u00f6nlichen Daten haben sowie Auskunfts- und Berichtigungsw\u00fcnsche, wenden Sie sich bitte per E-Mail an folgende Adresse: <a href=\"mailto:info@arcade-engineering.com\">info@arcade-engineering.com<\/a>.<\/p>\n\n\n\n<h3 class=\"wp-block-heading\"><strong>L\u00f6schung von personenbezogenen Daten<\/strong><\/h3>\n\n\n\n<p>Der f\u00fcr die Verarbeitung Verantwortliche verarbeitet und speichert personenbezogene Daten der betroffenen Person nur f\u00fcr den Zeitraum, der zur Erreichung des Speicherungszwecks erforderlich ist. Personenbezogenen Daten werden gel\u00f6scht, wenn der Zweck f\u00fcr die Speicherung entf\u00e4llt und keine Rechtsnorm (z.B. zur gesetzlichen Aufbewahrungsfrist) die Beibehaltung der Daten vorschreibt.<\/p>\n\n\n\n<h3 class=\"wp-block-heading\"><strong>\u00c4nderungen<\/strong><\/h3>\n\n\n\n<p>Wir behalten uns das Recht vor, unsere Website jederzeit zu \u00e4ndern. Sollten wir die Datenschutzerkl\u00e4rung \u00e4ndern, werden wir hier entsprechende Informationen ver\u00f6ffentlichen.<\/p>\n\n\n\n<h2 class=\"wp-block-heading\"><strong>Erstinformation zum Bewerberdatenschutz gem. Art. 13 DSGVO<\/strong><\/h2>\n\n\n\n<p>Sofern Ihre Bewerbung nicht in einer direkten Anstellung endet, wird diese unserem Bewerberpool hinzugef\u00fcgt und \u00fcber die Dauer des eigentlichen Bewerbungsprozesses hinaus gespeichert. Mit Ihrer Teilnahme am Bewerbungsprozess gehen wir von Ihrer Einwilligung zur gleichzeitigen Teilnahme am Bewerberpool aus.<\/p>\n\n\n\n<p>Sie k\u00f6nnen dem Verfahren jederzeit schriftlich widersprechen, Ihre Daten werden dann dauerhaft aus dem Bewerberpool gel\u00f6scht.<\/p>\n\n\n\n<h3 class=\"wp-block-heading\"><strong>Zweck der Verarbeitung:<\/strong><\/h3>\n\n\n\n<p>Aufbewahrung der Bewerberdaten in einem Bewerberpool, f\u00fcr den Fall einer sp\u00e4teren Kontaktaufnahme, mit dem Ziel der Begr\u00fcndung eines Besch\u00e4ftigungsverh\u00e4ltnisses zwischen Ihnen und der Arcade Engineering AG zu einem sp\u00e4teren Zeitpunkt.<\/p>\n\n\n\n<h3 class=\"wp-block-heading\"><strong>Rechtsgrundlagen der Verarbeitung:<\/strong><\/h3>\n\n\n\n<p>Die Verarbeitung Ihrer pers.-bezogenen Daten geschieht auf Grundlage Art. 6 lit. 1, a und f DSGVO.<\/p>\n\n\n\n<h3 class=\"wp-block-heading\"><strong>Kategorien der Daten:<\/strong><\/h3>\n\n\n\n<p>Alle erfassten personenbezogenen Daten aus den betreffenden Bewerbungsunterlagen.<\/p>\n\n\n\n<h3 class=\"wp-block-heading\"><strong>Art und Dauer der Verarbeitung<\/strong>:<\/h3>\n\n\n\n<p>Siehe Punkt \u201eL\u00f6schung von personenbezogenen Daten\u201c<\/p>\n\n\n\n<h3 class=\"wp-block-heading\"><strong>Weiterleitung an Dritte:<\/strong><\/h3>\n\n\n\n<p>Ihre Daten stehen ausschlie\u00dflich allen daf\u00fcr berechtigten internen Abteilungen der Arcade Engineering AG zur Verf\u00fcgung. Eine Weiterleitung an Dritte findet ohne Einholung Ihrer schriftlichen Einwilligung nicht statt.<\/p>\n\n\n\n<h3 class=\"wp-block-heading\"><strong>Ihre Rechte als Betroffener:<\/strong><\/h3>\n\n\n\n<p>Siehe Punkt \u201eIhre Rechte\u201c<\/p>\n\n\n\n<h3 class=\"wp-block-heading\"><strong>Beschwerdestelle:<\/strong><\/h3>\n\n\n\n<p>Sollten Sie Fragen bez\u00fcglich des Bewerberdatenschutzes haben, k\u00f6nnen Sie sich gerne per E-Mail an folgender Adresse an uns wenden: <a href=\"#\">Kontaktformular<\/a>. Dar\u00fcber hinaus haben Sie das Recht sich bei der Aufsichtsstelle f\u00fcr Datenschutz des Kantons zu melden.<\/p>\n<\/div><\/section>\n","protected":false},"excerpt":{"rendered":"<p>Verarbeitung der gesammelten pers\u00f6nlichen Daten Wir speichern verschiedene Arten von Daten, wenn Sie unsere Website besuchen. Einige Daten, wie z.B. Ihr Name und Ihre Adresse, werden erfasst, wenn Sie \u00fcber unser Kontaktformular mit uns Kontakt aufnehmen. Andere Daten, wie die IP-Adresse oder das Zugriffsdatum, werden aufgrund technischer Prozesse erhoben. Unter bestimmten Umst\u00e4nden speichern wir bestimmte [&hellip;]<\/p>\n","protected":false},"author":1,"featured_media":0,"parent":1320,"menu_order":0,"comment_status":"closed","ping_status":"closed","template":"","meta":{"_acf_changed":false,"_seopress_robots_primary_cat":"","_seopress_titles_title":"","_seopress_titles_desc":"","_seopress_robots_index":"","footnotes":""},"class_list":["post-1307","page","type-page","status-publish","hentry"],"acf":[],"_links":{"self":[{"href":"https:\/\/www.arcade-engineering.com\/de\/wp-json\/wp\/v2\/pages\/1307","targetHints":{"allow":["GET"]}}],"collection":[{"href":"https:\/\/www.arcade-engineering.com\/de\/wp-json\/wp\/v2\/pages"}],"about":[{"href":"https:\/\/www.arcade-engineering.com\/de\/wp-json\/wp\/v2\/types\/page"}],"author":[{"embeddable":true,"href":"https:\/\/www.arcade-engineering.com\/de\/wp-json\/wp\/v2\/users\/1"}],"replies":[{"embeddable":true,"href":"https:\/\/www.arcade-engineering.com\/de\/wp-json\/wp\/v2\/comments?post=1307"}],"version-history":[{"count":5,"href":"https:\/\/www.arcade-engineering.com\/de\/wp-json\/wp\/v2\/pages\/1307\/revisions"}],"predecessor-version":[{"id":2179,"href":"https:\/\/www.arcade-engineering.com\/de\/wp-json\/wp\/v2\/pages\/1307\/revisions\/2179"}],"up":[{"embeddable":true,"href":"https:\/\/www.arcade-engineering.com\/de\/wp-json\/wp\/v2\/pages\/1320"}],"wp:attachment":[{"href":"https:\/\/www.arcade-engineering.com\/de\/wp-json\/wp\/v2\/media?parent=1307"}],"curies":[{"name":"wp","href":"https:\/\/api.w.org\/{rel}","templated":true}]}}