{"id":1291,"date":"2022-07-27T16:21:51","date_gmt":"2022-07-27T14:21:51","guid":{"rendered":"https:\/\/www.arcade-engineering.com\/mentions-legales\/"},"modified":"2025-02-24T11:29:57","modified_gmt":"2025-02-24T10:29:57","slug":"impressum","status":"publish","type":"page","link":"https:\/\/www.arcade-engineering.com\/de\/impressum\/","title":{"rendered":"Impressum"},"content":{"rendered":"\n<section class=\"wp-block-group alignwide\"><div class=\"wp-block-group__inner-container is-layout-flow wp-block-group-is-layout-flow\">\n<div class=\"wp-block-columns is-layout-flex wp-container-core-columns-is-layout-9d6595d7 wp-block-columns-is-layout-flex\">\n<div class=\"wp-block-column is-layout-flow wp-block-column-is-layout-flow\">\n<h3 class=\"wp-block-heading\">H\u00e9bergement<\/h3>\n\n\n\n<p><strong>Infomaniak Network SA<\/strong><br>25 Eug\u00e8ne-Marziano-Stra\u00dfe<br>1227 Genf<br>Schweiz<\/p>\n\n\n\n<h3 class=\"wp-block-heading\">Credits<\/h3>\n\n\n\n<p>Production: <a rel=\"noreferrer noopener\" href=\"http:\/\/www.studiowa.fr\" target=\"_blank\">www.studiowa.fr<\/a><br>\u00a9 Pictures: Arcade \/ iStockPhoto<\/p>\n<\/div>\n\n\n\n<div class=\"wp-block-column is-layout-flow wp-block-column-is-layout-flow\">\n<h3 class=\"wp-block-heading\">Kurita Switzerland AG<\/h3>\n\n\n\n<p>Hegenheimermattweg 65<br>CH-4123 Allschwil<br>Schweiz<\/p>\n\n\n\n<p>Rechtsnatur: Aktiengesellschaft<br>Registernummer: CHE-100.818.231<br>Ust-IdNr: CHE-100.818.231<br>Aktienkapital: 100.000,- CHF<\/p>\n\n\n\n<p>Tel. + 41 (0)61 485 90 10<br>Fax + 41 (0)61 482 12 11<\/p>\n\n\n\n<p>Inhaltlich verantwortliche Person:<br>M. Francois Ehret<\/p>\n<\/div>\n\n\n\n<div class=\"wp-block-column is-layout-flow wp-block-column-is-layout-flow\">\n<h3 class=\"wp-block-heading\">Kurita Engineering France SAS<\/h3>\n\n\n\n<p>22 rue de la Hohmatten<br>68310 Wittelsheim<br>France<\/p>\n\n\n\n<p>Rechtsnatur: SAS<br>Registernummer: Colmar 1999B479<br>No SIRET&nbsp;: 424 856 854 00015<br>Ust-IdNr: FR 80 424 856 854<br>Aktienkapital: 40.000\u20ac<\/p>\n\n\n\n<p>Tel. +33 3 89 28 32 57<br>Fax +33 3 89 28 32 27<\/p>\n\n\n\n<p>Inhaltlich verantwortliche Person:<br>Mme Claudine Muller<\/p>\n<\/div>\n<\/div>\n\n\n\n<div class=\"wp-block-columns is-layout-flex wp-container-core-columns-is-layout-9d6595d7 wp-block-columns-is-layout-flex\">\n<div class=\"wp-block-column is-layout-flow wp-block-column-is-layout-flow\">\n<h3 class=\"wp-block-heading\">Arcade Engineering GmbH<\/h3>\n\n\n\n<p>Meissner Strasse 151a<br>D-01445 Radebeul<br>Deutschland<\/p>\n\n\n\n<p>Rechtsnatur: GmbH<br>Registernummer: 23915<br>Ust-IdNr: DE243083779<br>Aktienkapital: \u2013<\/p>\n\n\n\n<p>Tel. +49 351 89 567 600<br>Fax +49 351 89 567 6019<\/p>\n\n\n\n<p>Inhaltlich verantwortliche Person:<br>Mme Claudia Kaiser<\/p>\n<\/div>\n\n\n\n<div class=\"wp-block-column is-layout-flow wp-block-column-is-layout-flow\">\n<h3 class=\"wp-block-heading\">Arcade Engineering (Asia) Pte Ltd<\/h3>\n\n\n\n<p>280 Woodlands Industrial Park E5<br>#10-16 Harvest @ Woodlands<br>Singapore 757322<\/p>\n\n\n\n<p>Rechtsnatur: AG<br>Registernummer: 200703734R<br>Ust-IdNr: GST Reg.N\u00b0 200703734R<br>Aktienkapital: 100.000,- CHF<\/p>\n\n\n\n<p>Tel. +65 6482 5433<br>Fax +65 6755 7176<\/p>\n\n\n\n<p>Inhaltlich verantwortliche Person:<br>M. Lim Weng Cheang<\/p>\n<\/div>\n\n\n\n<div class=\"wp-block-column is-layout-flow wp-block-column-is-layout-flow\"><\/div>\n<\/div>\n<\/div><\/section>\n","protected":false},"excerpt":{"rendered":"<p>H\u00e9bergement Infomaniak Network SA25 Eug\u00e8ne-Marziano-Stra\u00dfe1227 GenfSchweiz Credits Production: www.studiowa.fr\u00a9 Pictures: Arcade \/ iStockPhoto Kurita Switzerland AG Hegenheimermattweg 65CH-4123 AllschwilSchweiz Rechtsnatur: AktiengesellschaftRegisternummer: CHE-100.818.231Ust-IdNr: CHE-100.818.231Aktienkapital: 100.000,- CHF Tel. + 41 (0)61 485 90 10Fax + 41 (0)61 482 12 11 Inhaltlich verantwortliche Person:M. Francois Ehret Kurita Engineering France SAS 22 rue de la Hohmatten68310 WittelsheimFrance Rechtsnatur: SASRegisternummer: [&hellip;]<\/p>\n","protected":false},"author":1,"featured_media":0,"parent":0,"menu_order":0,"comment_status":"closed","ping_status":"open","template":"","meta":{"_acf_changed":false,"_seopress_robots_primary_cat":"","_seopress_titles_title":"","_seopress_titles_desc":"","_seopress_robots_index":"yes","_seopress_analysis_target_kw":"","footnotes":""},"class_list":["post-1291","page","type-page","status-publish","hentry"],"acf":[],"_links":{"self":[{"href":"https:\/\/www.arcade-engineering.com\/de\/wp-json\/wp\/v2\/pages\/1291","targetHints":{"allow":["GET"]}}],"collection":[{"href":"https:\/\/www.arcade-engineering.com\/de\/wp-json\/wp\/v2\/pages"}],"about":[{"href":"https:\/\/www.arcade-engineering.com\/de\/wp-json\/wp\/v2\/types\/page"}],"author":[{"embeddable":true,"href":"https:\/\/www.arcade-engineering.com\/de\/wp-json\/wp\/v2\/users\/1"}],"replies":[{"embeddable":true,"href":"https:\/\/www.arcade-engineering.com\/de\/wp-json\/wp\/v2\/comments?post=1291"}],"version-history":[{"count":5,"href":"https:\/\/www.arcade-engineering.com\/de\/wp-json\/wp\/v2\/pages\/1291\/revisions"}],"predecessor-version":[{"id":2896,"href":"https:\/\/www.arcade-engineering.com\/de\/wp-json\/wp\/v2\/pages\/1291\/revisions\/2896"}],"wp:attachment":[{"href":"https:\/\/www.arcade-engineering.com\/de\/wp-json\/wp\/v2\/media?parent=1291"}],"curies":[{"name":"wp","href":"https:\/\/api.w.org\/{rel}","templated":true}]}}