{"id":1273,"date":"2022-07-27T09:47:18","date_gmt":"2022-07-27T07:47:18","guid":{"rendered":"https:\/\/www.arcade-engineering.com\/service-client\/"},"modified":"2023-03-30T11:49:12","modified_gmt":"2023-03-30T09:49:12","slug":"kundenservice","status":"publish","type":"page","link":"https:\/\/www.arcade-engineering.com\/de\/kundenservice\/","title":{"rendered":"Kundenservice"},"content":{"rendered":"\n<section class=\"wp-block-group alignwide\" id=\"section-1\"><div class=\"wp-block-group__inner-container is-layout-flow wp-block-group-is-layout-flow\">\n<div class=\"wp-block-columns reveal is-layout-flex wp-container-core-columns-is-layout-9d6595d7 wp-block-columns-is-layout-flex\">\n<div class=\"wp-block-column reveal-3 is-layout-flow wp-block-column-is-layout-flow\">\n<div class=\"wp-block-cover is-light\"><span aria-hidden=\"true\" class=\"wp-block-cover__background has-background-dim-0 has-background-dim\"><\/span><img loading=\"lazy\" decoding=\"async\" width=\"1500\" height=\"1000\" class=\"wp-block-cover__image-background wp-image-349\" alt=\"\" src=\"https:\/\/www.arcade-engineering.com\/wp-content\/uploads\/2022\/07\/mobile.jpg\" data-object-fit=\"cover\" srcset=\"https:\/\/www.arcade-engineering.com\/wp-content\/uploads\/2022\/07\/mobile.jpg 1500w, https:\/\/www.arcade-engineering.com\/wp-content\/uploads\/2022\/07\/mobile-300x200.jpg 300w, https:\/\/www.arcade-engineering.com\/wp-content\/uploads\/2022\/07\/mobile-1024x683.jpg 1024w, https:\/\/www.arcade-engineering.com\/wp-content\/uploads\/2022\/07\/mobile-768x512.jpg 768w, https:\/\/www.arcade-engineering.com\/wp-content\/uploads\/2022\/07\/mobile-750x500.jpg 750w\" sizes=\"auto, (max-width: 1500px) 100vw, 1500px\" \/><div class=\"wp-block-cover__inner-container is-layout-flow wp-block-cover-is-layout-flow\">\n<p class=\"has-text-align-center has-large-font-size\"><\/p>\n<\/div><\/div>\n<\/div>\n\n\n\n<div class=\"wp-block-column is-vertically-aligned-center is-layout-flow wp-block-column-is-layout-flow\">\n<h2 class=\"wp-block-heading reveal-1\">Mobile Mietanlagen<\/h2>\n\n\n\n<p>Wir stellen ein umfangreiches Angebot an mobiler Anlagentechnik f\u00fcr die Wasseraufbereitung und Abwasserbehandlung zur Verf\u00fcgung. Die Anlagenteile sind zur \u00dcberbr\u00fcckung von Verbrauchsspitzen einsetzbar oder dienen als By-Pass-L\u00f6sungen w\u00e4hrend Wartungs- oder Abschaltarbeiten, zu Versuchszwecken oder zur Pilotierung.<\/p>\n\n\n\n<p>Alle Anlagen arbeiten weitgehend autonom und sind ohne zus\u00e4tzlichen Personalaufwand einsetzbar. Das Equipment wird nach Kunden- oder Prozessanforderungen f\u00fcr jeden Einsatz spezifisch ausgestattet.<\/p>\n<\/div>\n<\/div>\n<\/div><\/section>\n\n\n\n<section id=\"section-2\" class=\"wp-block-group bg-gray-200\"><div class=\"wp-block-group__inner-container is-layout-flow wp-block-group-is-layout-flow\">\n<div class=\"wp-block-group alignwide\"><div class=\"wp-block-group__inner-container is-layout-flow wp-block-group-is-layout-flow\">\n<div class=\"wp-block-columns reveal is-layout-flex wp-container-core-columns-is-layout-9d6595d7 wp-block-columns-is-layout-flex\">\n<div class=\"wp-block-column is-vertically-aligned-center is-layout-flow wp-block-column-is-layout-flow\">\n<h2 class=\"wp-block-heading reveal-1\">Laboranalysen<\/h2>\n\n\n\n<div class=\"wp-block-group reveal-2\"><div class=\"wp-block-group__inner-container is-layout-flow wp-block-group-is-layout-flow\">\n<p>F\u00fcr das richtige und vorausschauende Betreiben von Aufbereitungs- oder Behandlungsanlagen ist es notwendig, regelm\u00e4\u00dfig verschiedene Qualit\u00e4tsparameter zu pr\u00fcfen.<\/p>\n\n\n\n<p>Die Untersuchung verschiedenster Wasserinhaltsstoffe sowie Ionenaustauscherharze bieten wir Ihnen gern an. W\u00e4hrend wir bei Wasseranalysen fast alle Inhaltsstoffe ermitteln k\u00f6nnen, untersuchen wir bei den Ionenaustauscherharzen Parameter wie Kapazit\u00e4t, Bruch, Risse und Sp\u00fclwasserbedarf f\u00fcr eine Regeneration. Unser Fokus liegt hierbei auf dem Feststellen der Austauscherkapazit\u00e4t und der Qualit\u00e4t des Harzkornes. Neben dem Vergleich der Analysewerte mit den Werten von neuen Ionenaustauschharzen verwenden wir Mikroskopiebilder zur besseren Visualisierung.<\/p>\n<\/div><\/div>\n<\/div>\n\n\n\n<div class=\"wp-block-column reveal-3 is-layout-flow wp-block-column-is-layout-flow\">\n<div class=\"wp-block-cover is-light\"><span aria-hidden=\"true\" class=\"wp-block-cover__background has-background-dim-0 has-background-dim\"><\/span><img loading=\"lazy\" decoding=\"async\" width=\"1500\" height=\"934\" class=\"wp-block-cover__image-background wp-image-351\" alt=\"\" src=\"https:\/\/www.arcade-engineering.com\/wp-content\/uploads\/2022\/07\/service-2.jpg\" data-object-fit=\"cover\" srcset=\"https:\/\/www.arcade-engineering.com\/wp-content\/uploads\/2022\/07\/service-2.jpg 1500w, https:\/\/www.arcade-engineering.com\/wp-content\/uploads\/2022\/07\/service-2-300x187.jpg 300w, https:\/\/www.arcade-engineering.com\/wp-content\/uploads\/2022\/07\/service-2-1024x638.jpg 1024w, https:\/\/www.arcade-engineering.com\/wp-content\/uploads\/2022\/07\/service-2-768x478.jpg 768w\" sizes=\"auto, (max-width: 1500px) 100vw, 1500px\" \/><div class=\"wp-block-cover__inner-container is-layout-flow wp-block-cover-is-layout-flow\">\n<p class=\"has-text-align-center has-large-font-size\"><\/p>\n<\/div><\/div>\n<\/div>\n<\/div>\n<\/div><\/div>\n<\/div><\/section>\n\n\n\n<section id=\"section-3\" class=\"wp-block-group bg-gray-200\"><div class=\"wp-block-group__inner-container is-layout-flow wp-block-group-is-layout-flow\">\n<div class=\"wp-block-group alignwide\"><div class=\"wp-block-group__inner-container is-layout-flow wp-block-group-is-layout-flow\">\n<div class=\"wp-block-columns reveal is-layout-flex wp-container-core-columns-is-layout-9d6595d7 wp-block-columns-is-layout-flex\">\n<div class=\"wp-block-column is-vertically-aligned-center is-layout-flow wp-block-column-is-layout-flow\">\n<h2 class=\"wp-block-heading reveal-1\">Gew\u00e4hrleistungsmanagement<\/h2>\n\n\n\n<div class=\"wp-block-group reveal-2\"><div class=\"wp-block-group__inner-container is-layout-flow wp-block-group-is-layout-flow\">\n<p>Wir \u00fcbernehmen f\u00fcr Sie das \u00dcberwachen von Fristen und erstellen gemeinsam mit Ihnen eine Entscheidungsvorlage zur Beauftragung von Wartungs- und Servicema\u00dfnahmen.<br>Mit unserem umfangreichen Fachwissen k\u00f6nnen wir Ihnen bei der M\u00e4ngelbehebung Empfehlungen zur Verbesserung der Situation aus der Sicht verschiedener Fachbereiche unterbreiten.<\/p>\n\n\n\n<p>Mit dem Gew\u00e4hrleistungsmanagement verpflichten wir uns dazu, den Betrieb Ihrer Ger\u00e4te in \u00dcbereinstimmung mit den einschl\u00e4gigen Normen und internen oder regulatorischen Anforderungen aufrechtzuerhalten.<\/p>\n<\/div><\/div>\n<\/div>\n\n\n\n<div class=\"wp-block-column reveal-3 is-layout-flow wp-block-column-is-layout-flow\">\n<div class=\"wp-block-cover is-light\"><span aria-hidden=\"true\" class=\"wp-block-cover__background has-background-dim-0 has-background-dim\"><\/span><img loading=\"lazy\" decoding=\"async\" width=\"1500\" height=\"1000\" class=\"wp-block-cover__image-background wp-image-352\" alt=\"\" src=\"https:\/\/www.arcade-engineering.com\/wp-content\/uploads\/2022\/07\/service-3.jpg\" data-object-fit=\"cover\" srcset=\"https:\/\/www.arcade-engineering.com\/wp-content\/uploads\/2022\/07\/service-3.jpg 1500w, https:\/\/www.arcade-engineering.com\/wp-content\/uploads\/2022\/07\/service-3-300x200.jpg 300w, https:\/\/www.arcade-engineering.com\/wp-content\/uploads\/2022\/07\/service-3-1024x683.jpg 1024w, https:\/\/www.arcade-engineering.com\/wp-content\/uploads\/2022\/07\/service-3-768x512.jpg 768w, https:\/\/www.arcade-engineering.com\/wp-content\/uploads\/2022\/07\/service-3-750x500.jpg 750w\" sizes=\"auto, (max-width: 1500px) 100vw, 1500px\" \/><div class=\"wp-block-cover__inner-container is-layout-flow wp-block-cover-is-layout-flow\">\n<p class=\"has-text-align-center has-large-font-size\"><\/p>\n<\/div><\/div>\n<\/div>\n<\/div>\n<\/div><\/div>\n<\/div><\/section>\n\n\n\n<section class=\"wp-block-group bg-gray-300 skills\"><div class=\"wp-block-group__inner-container is-layout-flow wp-block-group-is-layout-flow\">\n<h2 class=\"wp-block-heading alignwide has-text-align-center\">Unser Angebot<\/h2>\n\n\n\n<div class=\"wp-block-columns alignwide reveal is-layout-flex wp-container-core-columns-is-layout-9d6595d7 wp-block-columns-is-layout-flex\">\n<div class=\"wp-block-column reveal-1 is-layout-flow wp-block-column-is-layout-flow\">\n<figure class=\"wp-block-image size-standard\"><a href=\"https:\/\/www.arcade-engineering.com\/de\/engineering\/\"><img loading=\"lazy\" decoding=\"async\" width=\"750\" height=\"500\" src=\"https:\/\/www.arcade-engineering.com\/wp-content\/uploads\/2022\/07\/gestiondeprojet-750x500.jpg\" alt=\"\" class=\"wp-image-156\" srcset=\"https:\/\/www.arcade-engineering.com\/wp-content\/uploads\/2022\/07\/gestiondeprojet-750x500.jpg 750w, https:\/\/www.arcade-engineering.com\/wp-content\/uploads\/2022\/07\/gestiondeprojet-300x200.jpg 300w, https:\/\/www.arcade-engineering.com\/wp-content\/uploads\/2022\/07\/gestiondeprojet-1024x683.jpg 1024w, https:\/\/www.arcade-engineering.com\/wp-content\/uploads\/2022\/07\/gestiondeprojet-768x512.jpg 768w, https:\/\/www.arcade-engineering.com\/wp-content\/uploads\/2022\/07\/gestiondeprojet.jpg 1500w\" sizes=\"auto, (max-width: 750px) 100vw, 750px\" \/><\/a><\/figure>\n\n\n\n<h3 class=\"wp-block-heading\"><a href=\"https:\/\/www.arcade-engineering.com\/de\/engineering\/\" data-type=\"page\" data-id=\"1211\">Engineering<\/a><\/h3>\n<\/div>\n\n\n\n<div class=\"wp-block-column reveal-2 is-layout-flow wp-block-column-is-layout-flow\">\n<figure class=\"wp-block-image size-standard\"><a href=\"https:\/\/www.arcade-engineering.com\/de\/schaltschrankbau\/\"><img loading=\"lazy\" decoding=\"async\" width=\"750\" height=\"500\" src=\"https:\/\/www.arcade-engineering.com\/wp-content\/uploads\/2022\/07\/Datencenter-750x500.jpg\" alt=\"\" class=\"wp-image-162\"\/><\/a><\/figure>\n\n\n\n<h3 class=\"wp-block-heading\"><a href=\"https:\/\/www.arcade-engineering.com\/de\/schaltschrankbau\/\" data-type=\"page\" data-id=\"1144\">Schaltschrankbau<\/a><\/h3>\n<\/div>\n\n\n\n<div class=\"wp-block-column reveal-3 is-layout-flow wp-block-column-is-layout-flow\">\n<figure class=\"wp-block-image size-standard\"><a href=\"https:\/\/www.arcade-engineering.com\/de\/installations-de-traitement-deau\/\"><img loading=\"lazy\" decoding=\"async\" width=\"750\" height=\"500\" src=\"https:\/\/www.arcade-engineering.com\/wp-content\/uploads\/2022\/07\/traitementdeleau-3-750x500.jpg\" alt=\"\" class=\"wp-image-117\" srcset=\"https:\/\/www.arcade-engineering.com\/wp-content\/uploads\/2022\/07\/traitementdeleau-3-750x500.jpg 750w, https:\/\/www.arcade-engineering.com\/wp-content\/uploads\/2022\/07\/traitementdeleau-3-300x199.jpg 300w\" sizes=\"auto, (max-width: 750px) 100vw, 750px\" \/><\/a><\/figure>\n\n\n\n<h3 class=\"wp-block-heading\"><a href=\"https:\/\/www.arcade-engineering.com\/de\/wasserauf-bereitungsanlagen\/\" data-type=\"page\" data-id=\"1225\">Wasseraufbereitungsanlagen<\/a><\/h3>\n<\/div>\n<\/div>\n\n\n\n<div class=\"wp-block-columns alignwide reveal is-layout-flex wp-container-core-columns-is-layout-9d6595d7 wp-block-columns-is-layout-flex\">\n<div class=\"wp-block-column reveal-1 is-layout-flow wp-block-column-is-layout-flow\">\n<figure class=\"wp-block-image size-standard\"><a href=\"https:\/\/www.arcade-engineering.com\/de\/forschung-und-entwicklung\/\"><img loading=\"lazy\" decoding=\"async\" width=\"750\" height=\"500\" src=\"https:\/\/www.arcade-engineering.com\/wp-content\/uploads\/2022\/07\/rnd-2-750x500.jpg\" alt=\"\" class=\"wp-image-163\" srcset=\"https:\/\/www.arcade-engineering.com\/wp-content\/uploads\/2022\/07\/rnd-2-750x500.jpg 750w, https:\/\/www.arcade-engineering.com\/wp-content\/uploads\/2022\/07\/rnd-2-300x200.jpg 300w, https:\/\/www.arcade-engineering.com\/wp-content\/uploads\/2022\/07\/rnd-2-1024x683.jpg 1024w, https:\/\/www.arcade-engineering.com\/wp-content\/uploads\/2022\/07\/rnd-2-768x512.jpg 768w, https:\/\/www.arcade-engineering.com\/wp-content\/uploads\/2022\/07\/rnd-2.jpg 1500w\" sizes=\"auto, (max-width: 750px) 100vw, 750px\" \/><\/a><\/figure>\n\n\n\n<h3 class=\"wp-block-heading\"><a href=\"https:\/\/www.arcade-engineering.com\/de\/forschung-und-entwicklung\/\" data-type=\"page\" data-id=\"1263\">Forschung und Entwicklung<\/a><\/h3>\n<\/div>\n\n\n\n<div class=\"wp-block-column reveal-2 is-layout-flow wp-block-column-is-layout-flow\">\n<figure class=\"wp-block-image size-large\"><img loading=\"lazy\" decoding=\"async\" width=\"1024\" height=\"683\" src=\"https:\/\/www.arcade-engineering.com\/wp-content\/uploads\/2022\/07\/mobile-1024x683.jpg\" alt=\"\" class=\"wp-image-923\" srcset=\"https:\/\/www.arcade-engineering.com\/wp-content\/uploads\/2022\/07\/mobile-1024x683.jpg 1024w, https:\/\/www.arcade-engineering.com\/wp-content\/uploads\/2022\/07\/mobile-300x200.jpg 300w, https:\/\/www.arcade-engineering.com\/wp-content\/uploads\/2022\/07\/mobile-768x512.jpg 768w, https:\/\/www.arcade-engineering.com\/wp-content\/uploads\/2022\/07\/mobile-750x500.jpg 750w, https:\/\/www.arcade-engineering.com\/wp-content\/uploads\/2022\/07\/mobile.jpg 1500w\" sizes=\"auto, (max-width: 1024px) 100vw, 1024px\" \/><\/figure>\n\n\n\n<h3 class=\"wp-block-heading\"><a href=\"https:\/\/www.arcade-engineering.com\/de\/kundenservice\/\" data-type=\"page\" data-id=\"1273\">Kundenservice<\/a><\/h3>\n<\/div>\n\n\n\n<div class=\"wp-block-column reveal-3 is-layout-flow wp-block-column-is-layout-flow\">\n<figure class=\"wp-block-image size-standard\"><a href=\"https:\/\/www.arcade-engineering.com\/de\/industrieller-hochbau\/\"><img loading=\"lazy\" decoding=\"async\" width=\"750\" height=\"500\" src=\"https:\/\/www.arcade-engineering.com\/wp-content\/uploads\/2022\/07\/batiment-1-750x500.jpg\" alt=\"\" class=\"wp-image-165\"\/><\/a><\/figure>\n\n\n\n<h3 class=\"wp-block-heading\"><a href=\"https:\/\/www.arcade-engineering.com\/de\/industrieller-hochbau\/\" data-type=\"page\" data-id=\"1184\">Industrieller Hochbau<\/a><\/h3>\n<\/div>\n<\/div>\n<\/div><\/section>\n\n\n\n<section class=\"wp-block-group cta\"><div class=\"wp-block-group__inner-container is-layout-flow wp-block-group-is-layout-flow\">\n<p>Sie haben ein Projekt? <a href=\"https:\/\/www.arcade-engineering.com\/de\/kontaktieren-sie-uns\/\">Kontaktieren Sie uns!<\/a><\/p>\n<\/div><\/section>\n","protected":false},"excerpt":{"rendered":"<p>Mobile Mietanlagen Wir stellen ein umfangreiches Angebot an mobiler Anlagentechnik f\u00fcr die Wasseraufbereitung und Abwasserbehandlung zur Verf\u00fcgung. Die Anlagenteile sind zur \u00dcberbr\u00fcckung von Verbrauchsspitzen einsetzbar oder dienen als By-Pass-L\u00f6sungen w\u00e4hrend Wartungs- oder Abschaltarbeiten, zu Versuchszwecken oder zur Pilotierung. Alle Anlagen arbeiten weitgehend autonom und sind ohne zus\u00e4tzlichen Personalaufwand einsetzbar. Das Equipment wird nach Kunden- oder [&hellip;]<\/p>\n","protected":false},"author":1,"featured_media":0,"parent":0,"menu_order":0,"comment_status":"closed","ping_status":"closed","template":"page-skill.php","meta":{"_acf_changed":false,"_seopress_robots_primary_cat":"","_seopress_titles_title":"","_seopress_titles_desc":"Wir stellen Ihnen eine gro\u00dfe Auswahl an mobilen Anlagen zur Wasser- und Abwasseraufbereitung zur Verf\u00fcgung.","_seopress_robots_index":"","_seopress_analysis_target_kw":"","footnotes":""},"class_list":["post-1273","page","type-page","status-publish","hentry"],"acf":[],"_links":{"self":[{"href":"https:\/\/www.arcade-engineering.com\/de\/wp-json\/wp\/v2\/pages\/1273","targetHints":{"allow":["GET"]}}],"collection":[{"href":"https:\/\/www.arcade-engineering.com\/de\/wp-json\/wp\/v2\/pages"}],"about":[{"href":"https:\/\/www.arcade-engineering.com\/de\/wp-json\/wp\/v2\/types\/page"}],"author":[{"embeddable":true,"href":"https:\/\/www.arcade-engineering.com\/de\/wp-json\/wp\/v2\/users\/1"}],"replies":[{"embeddable":true,"href":"https:\/\/www.arcade-engineering.com\/de\/wp-json\/wp\/v2\/comments?post=1273"}],"version-history":[{"count":6,"href":"https:\/\/www.arcade-engineering.com\/de\/wp-json\/wp\/v2\/pages\/1273\/revisions"}],"predecessor-version":[{"id":2227,"href":"https:\/\/www.arcade-engineering.com\/de\/wp-json\/wp\/v2\/pages\/1273\/revisions\/2227"}],"wp:attachment":[{"href":"https:\/\/www.arcade-engineering.com\/de\/wp-json\/wp\/v2\/media?parent=1273"}],"curies":[{"name":"wp","href":"https:\/\/api.w.org\/{rel}","templated":true}]}}