{"id":1263,"date":"2022-07-27T09:39:58","date_gmt":"2022-07-27T07:39:58","guid":{"rendered":"https:\/\/www.arcade-engineering.com\/recherche-et-developpement\/"},"modified":"2023-01-23T12:08:51","modified_gmt":"2023-01-23T11:08:51","slug":"forschung-und-entwicklung","status":"publish","type":"page","link":"https:\/\/www.arcade-engineering.com\/de\/forschung-und-entwicklung\/","title":{"rendered":"Forschung und Entwicklung"},"content":{"rendered":"\n<section class=\"wp-block-group alignwide\" id=\"section-1\"><div class=\"wp-block-group__inner-container is-layout-flow wp-block-group-is-layout-flow\">\n<div class=\"wp-block-columns reveal is-layout-flex wp-container-core-columns-is-layout-9d6595d7 wp-block-columns-is-layout-flex\">\n<div class=\"wp-block-column reveal-3 is-layout-flow wp-block-column-is-layout-flow\">\n<div class=\"wp-block-cover is-light\"><span aria-hidden=\"true\" class=\"wp-block-cover__background has-background-dim-0 has-background-dim\"><\/span><img loading=\"lazy\" decoding=\"async\" width=\"1500\" height=\"1000\" class=\"wp-block-cover__image-background wp-image-163\" alt=\"\" src=\"https:\/\/www.arcade-engineering.com\/wp-content\/uploads\/2022\/07\/rnd-2.jpg\" data-object-fit=\"cover\" srcset=\"https:\/\/www.arcade-engineering.com\/wp-content\/uploads\/2022\/07\/rnd-2.jpg 1500w, https:\/\/www.arcade-engineering.com\/wp-content\/uploads\/2022\/07\/rnd-2-300x200.jpg 300w, https:\/\/www.arcade-engineering.com\/wp-content\/uploads\/2022\/07\/rnd-2-1024x683.jpg 1024w, https:\/\/www.arcade-engineering.com\/wp-content\/uploads\/2022\/07\/rnd-2-768x512.jpg 768w, https:\/\/www.arcade-engineering.com\/wp-content\/uploads\/2022\/07\/rnd-2-750x500.jpg 750w\" sizes=\"auto, (max-width: 1500px) 100vw, 1500px\" \/><div class=\"wp-block-cover__inner-container is-layout-flow wp-block-cover-is-layout-flow\">\n<p class=\"has-text-align-center has-large-font-size\"><\/p>\n<\/div><\/div>\n<\/div>\n\n\n\n<div class=\"wp-block-column is-vertically-aligned-center is-layout-flow wp-block-column-is-layout-flow\">\n<h2 class=\"reveal-1 wp-block-heading\">Innovation<\/h2>\n\n\n\n<div class=\"wp-block-group reveal-2\"><div class=\"wp-block-group__inner-container is-layout-flow wp-block-group-is-layout-flow\">\n<p>Als innovatives Unternehmen sehen wir in der Entwicklung von neuen und ma\u00dfgeschneiderten Aufbereitungskonzepten eine zentrale Aufgabenstellung.<\/p>\n\n\n\n<p>Wir bieten im Bereich Forschung und Entwicklung kundenorientierte und individuelle L\u00f6sungskonzepte. Dabei beraten und unterst\u00fctzen wir Sie in der Vorplanung und Dimensionierung sowie in der Umsetzung von Versuchsanlagen.<\/p>\n\n\n\n<p>Weiterhin begleiten wir die komplette Versuchsbetreuung und erstellen Ihnen anschlie\u00dfend eine umfassende Auswertung aller Testergebnisse. Unser Ziel ist es, unseren Kunden stets einen effizienten und ressourcenschonenden Betrieb ihrer Wasseraufbereitungsanlagen gem\u00e4\u00df dem aktuellen Stand der Technik zu gew\u00e4hrleisten.<\/p>\n<\/div><\/div>\n<\/div>\n<\/div>\n<\/div><\/section>\n\n\n\n<section id=\"section-2\" class=\"wp-block-group bg-gray-200\"><div class=\"wp-block-group__inner-container is-layout-flow wp-block-group-is-layout-flow\">\n<div class=\"wp-block-group alignwide\"><div class=\"wp-block-group__inner-container is-layout-flow wp-block-group-is-layout-flow\">\n<div class=\"wp-block-columns reveal is-layout-flex wp-container-core-columns-is-layout-9d6595d7 wp-block-columns-is-layout-flex\">\n<div class=\"wp-block-column is-vertically-aligned-center is-layout-flow wp-block-column-is-layout-flow\">\n<h2 class=\"reveal-1 wp-block-heading\">Konzeptentwicklung<\/h2>\n\n\n\n<div class=\"wp-block-group reveal-2\"><div class=\"wp-block-group__inner-container is-layout-flow wp-block-group-is-layout-flow\">\n<p>Die Konzeptentwicklung beginnt mit der Bewertung des Ist-Zustandes anhand von Laboranalysen. Das Team von Arcade erforscht mittels Machbarkeitsstudien und Pilotversuchen praktikable L\u00f6sungen gem\u00e4\u00df der vorgegebenen Anforderungsspezifikation.<\/p>\n\n\n\n<p>Die ausgew\u00e4hlten Konzepte werden verglichen und anschlie\u00dfend in einer Versuchsanlage mit Kapazit\u00e4ten von wenigen Millilitern bis zu mehreren Litern pro Stunde validiert. Basierend auf diesen Ergebnissen wird die optimale L\u00f6sung ausgew\u00e4hlt.<\/p>\n\n\n\n<p>Arcade ist besonders erfahren in:<\/p>\n\n\n\n<ul class=\"wp-block-list\"><li>Entfernung von Verunreinigungen in Prozesswasserstr\u00f6men<\/li><li>Gew\u00e4hrleistung der Einhaltung von Reinheitsanforderungen oder Umweltauflagen<\/li><\/ul>\n<\/div><\/div>\n<\/div>\n\n\n\n<div class=\"wp-block-column reveal-3 is-layout-flow wp-block-column-is-layout-flow\">\n<div class=\"wp-block-cover is-light\"><span aria-hidden=\"true\" class=\"wp-block-cover__background has-background-dim-0 has-background-dim\"><\/span><img loading=\"lazy\" decoding=\"async\" width=\"1500\" height=\"1000\" class=\"wp-block-cover__image-background wp-image-341\" alt=\"\" src=\"https:\/\/www.arcade-engineering.com\/wp-content\/uploads\/2022\/07\/conceptualisation.jpg\" data-object-fit=\"cover\" srcset=\"https:\/\/www.arcade-engineering.com\/wp-content\/uploads\/2022\/07\/conceptualisation.jpg 1500w, https:\/\/www.arcade-engineering.com\/wp-content\/uploads\/2022\/07\/conceptualisation-300x200.jpg 300w, https:\/\/www.arcade-engineering.com\/wp-content\/uploads\/2022\/07\/conceptualisation-1024x683.jpg 1024w, https:\/\/www.arcade-engineering.com\/wp-content\/uploads\/2022\/07\/conceptualisation-768x512.jpg 768w, https:\/\/www.arcade-engineering.com\/wp-content\/uploads\/2022\/07\/conceptualisation-750x500.jpg 750w\" sizes=\"auto, (max-width: 1500px) 100vw, 1500px\" \/><div class=\"wp-block-cover__inner-container is-layout-flow wp-block-cover-is-layout-flow\">\n<p class=\"has-text-align-center has-large-font-size\"><\/p>\n<\/div><\/div>\n<\/div>\n<\/div>\n<\/div><\/div>\n<\/div><\/section>\n\n\n\n<section id=\"section-3\" class=\"wp-block-group\"><div class=\"wp-block-group__inner-container is-layout-flow wp-block-group-is-layout-flow\">\n<div class=\"wp-block-group alignwide\"><div class=\"wp-block-group__inner-container is-layout-flow wp-block-group-is-layout-flow\">\n<div class=\"wp-block-columns reveal is-layout-flex wp-container-core-columns-is-layout-9d6595d7 wp-block-columns-is-layout-flex\">\n<div class=\"wp-block-column reveal-3 is-layout-flow wp-block-column-is-layout-flow\">\n<div class=\"wp-block-cover is-light\"><span aria-hidden=\"true\" class=\"wp-block-cover__background has-background-dim-0 has-background-dim\"><\/span><img loading=\"lazy\" decoding=\"async\" width=\"1410\" height=\"940\" class=\"wp-block-cover__image-background wp-image-342\" alt=\"\" src=\"https:\/\/www.arcade-engineering.com\/wp-content\/uploads\/2022\/07\/pilotage-1.jpg\" data-object-fit=\"cover\" srcset=\"https:\/\/www.arcade-engineering.com\/wp-content\/uploads\/2022\/07\/pilotage-1.jpg 1410w, https:\/\/www.arcade-engineering.com\/wp-content\/uploads\/2022\/07\/pilotage-1-300x200.jpg 300w, https:\/\/www.arcade-engineering.com\/wp-content\/uploads\/2022\/07\/pilotage-1-1024x683.jpg 1024w, https:\/\/www.arcade-engineering.com\/wp-content\/uploads\/2022\/07\/pilotage-1-768x512.jpg 768w, https:\/\/www.arcade-engineering.com\/wp-content\/uploads\/2022\/07\/pilotage-1-750x500.jpg 750w\" sizes=\"auto, (max-width: 1410px) 100vw, 1410px\" \/><div class=\"wp-block-cover__inner-container is-layout-flow wp-block-cover-is-layout-flow\">\n<p class=\"has-text-align-center has-large-font-size\"><\/p>\n<\/div><\/div>\n<\/div>\n\n\n\n<div class=\"wp-block-column is-vertically-aligned-center is-layout-flow wp-block-column-is-layout-flow\">\n<h2 class=\"reveal-1 wp-block-heading\">Pilotierung<\/h2>\n\n\n\n<div class=\"wp-block-group reveal-2\"><div class=\"wp-block-group__inner-container is-layout-flow wp-block-group-is-layout-flow\">\n<p>Nach Best\u00e4tigung des Grundkonzeptes empfehlen wir in der Regel die Pilotierung einer Anlage im Technikumsmassstab (Kapazit\u00e4t bis zu 10 Kubikmeter pro Stunde).<\/p>\n\n\n\n<p>Diese Testinstallationen beschleunigen die Prozessoptimierung und erm\u00f6glichen Modifikationen oder weiteres Upscaling. Arcade bietet Komplettl\u00f6sungen f\u00fcr die Validierung von Prozessparametern mittels Modellen und Laboranalysen. Das gewonnene Feedback bildet eine solide Grundlage f\u00fcr das Detail-Engineering der Gro\u00dfanlage.<\/p>\n<\/div><\/div>\n<\/div>\n<\/div>\n<\/div><\/div>\n<\/div><\/section>\n\n\n\n<section class=\"wp-block-group bg-gray-300 skills\"><div class=\"wp-block-group__inner-container is-layout-flow wp-block-group-is-layout-flow\">\n<h2 class=\"wp-block-heading alignwide has-text-align-center\">Unser Angebot<\/h2>\n\n\n\n<div class=\"wp-block-columns alignwide reveal is-layout-flex wp-container-core-columns-is-layout-9d6595d7 wp-block-columns-is-layout-flex\">\n<div class=\"wp-block-column reveal-1 is-layout-flow wp-block-column-is-layout-flow\">\n<figure class=\"wp-block-image size-standard\"><a href=\"https:\/\/www.arcade-engineering.com\/de\/engineering\/\"><img loading=\"lazy\" decoding=\"async\" width=\"750\" height=\"500\" src=\"https:\/\/www.arcade-engineering.com\/wp-content\/uploads\/2022\/07\/gestiondeprojet-750x500.jpg\" alt=\"\" class=\"wp-image-156\" srcset=\"https:\/\/www.arcade-engineering.com\/wp-content\/uploads\/2022\/07\/gestiondeprojet-750x500.jpg 750w, https:\/\/www.arcade-engineering.com\/wp-content\/uploads\/2022\/07\/gestiondeprojet-300x200.jpg 300w, https:\/\/www.arcade-engineering.com\/wp-content\/uploads\/2022\/07\/gestiondeprojet-1024x683.jpg 1024w, https:\/\/www.arcade-engineering.com\/wp-content\/uploads\/2022\/07\/gestiondeprojet-768x512.jpg 768w, https:\/\/www.arcade-engineering.com\/wp-content\/uploads\/2022\/07\/gestiondeprojet.jpg 1500w\" sizes=\"auto, (max-width: 750px) 100vw, 750px\" \/><\/a><\/figure>\n\n\n\n<h3 class=\"wp-block-heading\"><a href=\"https:\/\/www.arcade-engineering.com\/de\/engineering\/\" data-type=\"page\" data-id=\"1211\">Engineering<\/a><\/h3>\n<\/div>\n\n\n\n<div class=\"wp-block-column reveal-2 is-layout-flow wp-block-column-is-layout-flow\">\n<figure class=\"wp-block-image size-standard\"><a href=\"https:\/\/www.arcade-engineering.com\/de\/schaltschrankbau\/\"><img loading=\"lazy\" decoding=\"async\" width=\"750\" height=\"500\" src=\"https:\/\/www.arcade-engineering.com\/wp-content\/uploads\/2022\/07\/Datencenter-750x500.jpg\" alt=\"\" class=\"wp-image-162\"\/><\/a><\/figure>\n\n\n\n<h3 class=\"wp-block-heading\"><a href=\"https:\/\/www.arcade-engineering.com\/de\/schaltschrankbau\/\" data-type=\"page\" data-id=\"1144\">Schaltschrankbau<\/a><\/h3>\n<\/div>\n\n\n\n<div class=\"wp-block-column reveal-3 is-layout-flow wp-block-column-is-layout-flow\">\n<figure class=\"wp-block-image size-standard\"><a href=\"https:\/\/www.arcade-engineering.com\/de\/installations-de-traitement-deau\/\"><img loading=\"lazy\" decoding=\"async\" width=\"750\" height=\"500\" src=\"https:\/\/www.arcade-engineering.com\/wp-content\/uploads\/2022\/07\/traitementdeleau-3-750x500.jpg\" alt=\"\" class=\"wp-image-117\" srcset=\"https:\/\/www.arcade-engineering.com\/wp-content\/uploads\/2022\/07\/traitementdeleau-3-750x500.jpg 750w, https:\/\/www.arcade-engineering.com\/wp-content\/uploads\/2022\/07\/traitementdeleau-3-300x199.jpg 300w\" sizes=\"auto, (max-width: 750px) 100vw, 750px\" \/><\/a><\/figure>\n\n\n\n<h3 class=\"wp-block-heading\"><a href=\"https:\/\/www.arcade-engineering.com\/de\/wasserauf-bereitungsanlagen\/\" data-type=\"page\" data-id=\"1225\">Wasseraufbereitungsanlagen<\/a><\/h3>\n<\/div>\n<\/div>\n\n\n\n<div class=\"wp-block-columns alignwide reveal is-layout-flex wp-container-core-columns-is-layout-9d6595d7 wp-block-columns-is-layout-flex\">\n<div class=\"wp-block-column reveal-1 is-layout-flow wp-block-column-is-layout-flow\">\n<figure class=\"wp-block-image size-standard\"><a href=\"https:\/\/www.arcade-engineering.com\/de\/forschung-und-entwicklung\/\"><img loading=\"lazy\" decoding=\"async\" width=\"750\" height=\"500\" src=\"https:\/\/www.arcade-engineering.com\/wp-content\/uploads\/2022\/07\/rnd-2-750x500.jpg\" alt=\"\" class=\"wp-image-163\" srcset=\"https:\/\/www.arcade-engineering.com\/wp-content\/uploads\/2022\/07\/rnd-2-750x500.jpg 750w, https:\/\/www.arcade-engineering.com\/wp-content\/uploads\/2022\/07\/rnd-2-300x200.jpg 300w, https:\/\/www.arcade-engineering.com\/wp-content\/uploads\/2022\/07\/rnd-2-1024x683.jpg 1024w, https:\/\/www.arcade-engineering.com\/wp-content\/uploads\/2022\/07\/rnd-2-768x512.jpg 768w, https:\/\/www.arcade-engineering.com\/wp-content\/uploads\/2022\/07\/rnd-2.jpg 1500w\" sizes=\"auto, (max-width: 750px) 100vw, 750px\" \/><\/a><\/figure>\n\n\n\n<h3 class=\"wp-block-heading\"><a href=\"https:\/\/www.arcade-engineering.com\/de\/forschung-und-entwicklung\/\" data-type=\"page\" data-id=\"1263\">Forschung und Entwicklung<\/a><\/h3>\n<\/div>\n\n\n\n<div class=\"wp-block-column reveal-2 is-layout-flow wp-block-column-is-layout-flow\">\n<figure class=\"wp-block-image size-large\"><img loading=\"lazy\" decoding=\"async\" width=\"1024\" height=\"683\" src=\"https:\/\/www.arcade-engineering.com\/wp-content\/uploads\/2022\/07\/mobile-1024x683.jpg\" alt=\"\" class=\"wp-image-923\" srcset=\"https:\/\/www.arcade-engineering.com\/wp-content\/uploads\/2022\/07\/mobile-1024x683.jpg 1024w, https:\/\/www.arcade-engineering.com\/wp-content\/uploads\/2022\/07\/mobile-300x200.jpg 300w, https:\/\/www.arcade-engineering.com\/wp-content\/uploads\/2022\/07\/mobile-768x512.jpg 768w, https:\/\/www.arcade-engineering.com\/wp-content\/uploads\/2022\/07\/mobile-750x500.jpg 750w, https:\/\/www.arcade-engineering.com\/wp-content\/uploads\/2022\/07\/mobile.jpg 1500w\" sizes=\"auto, (max-width: 1024px) 100vw, 1024px\" \/><\/figure>\n\n\n\n<h3 class=\"wp-block-heading\"><a href=\"https:\/\/www.arcade-engineering.com\/de\/kundenservice\/\" data-type=\"page\" data-id=\"1273\">Kundenservice<\/a><\/h3>\n<\/div>\n\n\n\n<div class=\"wp-block-column reveal-3 is-layout-flow wp-block-column-is-layout-flow\">\n<figure class=\"wp-block-image size-standard\"><a href=\"https:\/\/www.arcade-engineering.com\/de\/industrieller-hochbau\/\"><img loading=\"lazy\" decoding=\"async\" width=\"750\" height=\"500\" src=\"https:\/\/www.arcade-engineering.com\/wp-content\/uploads\/2022\/07\/batiment-1-750x500.jpg\" alt=\"\" class=\"wp-image-165\"\/><\/a><\/figure>\n\n\n\n<h3 class=\"wp-block-heading\"><a href=\"https:\/\/www.arcade-engineering.com\/de\/industrieller-hochbau\/\" data-type=\"page\" data-id=\"1184\">Industrieller Hochbau<\/a><\/h3>\n<\/div>\n<\/div>\n<\/div><\/section>\n\n\n\n<section class=\"wp-block-group cta\"><div class=\"wp-block-group__inner-container is-layout-flow wp-block-group-is-layout-flow\">\n<p>Sie haben ein Projekt? <a href=\"https:\/\/www.arcade-engineering.com\/de\/kontaktieren-sie-uns\/\">Kontaktieren Sie uns!<\/a><\/p>\n<\/div><\/section>\n","protected":false},"excerpt":{"rendered":"<p>Innovation Als innovatives Unternehmen sehen wir in der Entwicklung von neuen und ma\u00dfgeschneiderten Aufbereitungskonzepten eine zentrale Aufgabenstellung. Wir bieten im Bereich Forschung und Entwicklung kundenorientierte und individuelle L\u00f6sungskonzepte. Dabei beraten und unterst\u00fctzen wir Sie in der Vorplanung und Dimensionierung sowie in der Umsetzung von Versuchsanlagen. Weiterhin begleiten wir die komplette Versuchsbetreuung und erstellen Ihnen anschlie\u00dfend [&hellip;]<\/p>\n","protected":false},"author":1,"featured_media":0,"parent":0,"menu_order":0,"comment_status":"closed","ping_status":"closed","template":"page-skill.php","meta":{"_acf_changed":false,"_seopress_robots_primary_cat":"","_seopress_titles_title":"","_seopress_titles_desc":"Wir bieten unseren Kunden im Bereich Forschung und Entwicklung ma\u00dfgeschneiderte L\u00f6sungen, die auf ihre Bed\u00fcrfnisse zugeschnitten sind. ","_seopress_robots_index":"","footnotes":""},"class_list":["post-1263","page","type-page","status-publish","hentry"],"acf":[],"_links":{"self":[{"href":"https:\/\/www.arcade-engineering.com\/de\/wp-json\/wp\/v2\/pages\/1263","targetHints":{"allow":["GET"]}}],"collection":[{"href":"https:\/\/www.arcade-engineering.com\/de\/wp-json\/wp\/v2\/pages"}],"about":[{"href":"https:\/\/www.arcade-engineering.com\/de\/wp-json\/wp\/v2\/types\/page"}],"author":[{"embeddable":true,"href":"https:\/\/www.arcade-engineering.com\/de\/wp-json\/wp\/v2\/users\/1"}],"replies":[{"embeddable":true,"href":"https:\/\/www.arcade-engineering.com\/de\/wp-json\/wp\/v2\/comments?post=1263"}],"version-history":[{"count":3,"href":"https:\/\/www.arcade-engineering.com\/de\/wp-json\/wp\/v2\/pages\/1263\/revisions"}],"predecessor-version":[{"id":1425,"href":"https:\/\/www.arcade-engineering.com\/de\/wp-json\/wp\/v2\/pages\/1263\/revisions\/1425"}],"wp:attachment":[{"href":"https:\/\/www.arcade-engineering.com\/de\/wp-json\/wp\/v2\/media?parent=1263"}],"curies":[{"name":"wp","href":"https:\/\/api.w.org\/{rel}","templated":true}]}}