{"id":1225,"date":"2022-07-21T11:22:00","date_gmt":"2022-07-21T09:22:00","guid":{"rendered":"https:\/\/www.arcade-engineering.com\/installations-de-traitement-deau\/"},"modified":"2023-07-04T18:54:10","modified_gmt":"2023-07-04T16:54:10","slug":"wasseraufbereitungsanlagen","status":"publish","type":"page","link":"https:\/\/www.arcade-engineering.com\/de\/wasseraufbereitungsanlagen\/","title":{"rendered":"Wasseraufbereitungsanlagen"},"content":{"rendered":"\n<section class=\"wp-block-group alignwide\" id=\"section-1\"><div class=\"wp-block-group__inner-container is-layout-flow wp-block-group-is-layout-flow\">\n<div class=\"wp-block-columns reveal is-layout-flex wp-container-core-columns-is-layout-9d6595d7 wp-block-columns-is-layout-flex\">\n<div class=\"wp-block-column reveal-3 is-layout-flow wp-block-column-is-layout-flow\">\n<div class=\"wp-block-cover is-light\"><span aria-hidden=\"true\" class=\"wp-block-cover__background has-background-dim-0 has-background-dim\"><\/span><img loading=\"lazy\" decoding=\"async\" width=\"1500\" height=\"994\" class=\"wp-block-cover__image-background wp-image-111\" alt=\"\" src=\"https:\/\/www.arcade-engineering.com\/wp-content\/uploads\/2022\/07\/traitementdeleau-2.jpg\" data-object-fit=\"cover\" srcset=\"https:\/\/www.arcade-engineering.com\/wp-content\/uploads\/2022\/07\/traitementdeleau-2.jpg 1500w, https:\/\/www.arcade-engineering.com\/wp-content\/uploads\/2022\/07\/traitementdeleau-2-300x199.jpg 300w, https:\/\/www.arcade-engineering.com\/wp-content\/uploads\/2022\/07\/traitementdeleau-2-1024x679.jpg 1024w, https:\/\/www.arcade-engineering.com\/wp-content\/uploads\/2022\/07\/traitementdeleau-2-768x509.jpg 768w\" sizes=\"auto, (max-width: 1500px) 100vw, 1500px\" \/><div class=\"wp-block-cover__inner-container is-layout-flow wp-block-cover-is-layout-flow\">\n<p class=\"has-text-align-center has-large-font-size\"><\/p>\n<\/div><\/div>\n<\/div>\n\n\n\n<div class=\"wp-block-column is-vertically-aligned-center is-layout-flow wp-block-column-is-layout-flow\">\n<h2 class=\"wp-block-heading reveal-1\">Schl\u00fcsselfertige Anlagen<\/h2>\n\n\n\n<p>Dank der Synergien innerhalb der Arcade-Gruppe haben wir uns als einer der bevorzugten Lieferanten von schl\u00fcsselfertigen Wasseraufbereitungsanlagen etabliert:<\/p>\n\n\n\n<ul class=\"wp-block-list\">\n<li>f\u00fcr Reinstwasserproduktion (UPW)<\/li>\n\n\n\n<li>f\u00fcr Abwasserbehandlung (WWT)<\/li>\n\n\n\n<li>f\u00fcr Abwasseraufbereitung (Reclaim, Recycle)<\/li>\n<\/ul>\n\n\n\n<p>Industrielle Fertigungsprozesse gestalten sich immer spezifischer und komplexer. Daf\u00fcr bieten wir unseren Kunden genau abgestimmte Wasseraufbereitungsanlagen mit optimal ausgew\u00e4hlten Technologien nach neuestem Stand der Technik. Im Rahmen der Abwicklung unterst\u00fctzen wir Sie von der Planung bis zur Montage und Inbetriebnahme \u00fcber das gesamte Projekt und erhalten von unserem kompetenten Fachpersonal umfassende individuelle Beratung.<\/p>\n<\/div>\n<\/div>\n<\/div><\/section>\n\n\n\n<section id=\"section-2\" class=\"wp-block-group bg-gray-200\"><div class=\"wp-block-group__inner-container is-layout-flow wp-block-group-is-layout-flow\">\n<div class=\"wp-block-group alignwide\"><div class=\"wp-block-group__inner-container is-layout-flow wp-block-group-is-layout-flow\">\n<div class=\"wp-block-columns reveal is-layout-flex wp-container-core-columns-is-layout-9d6595d7 wp-block-columns-is-layout-flex\">\n<div class=\"wp-block-column is-vertically-aligned-center is-layout-flow wp-block-column-is-layout-flow\">\n<h2 class=\"wp-block-heading reveal-1\">Anlagen-Audit<\/h2>\n\n\n\n<div class=\"wp-block-group reveal-2\"><div class=\"wp-block-group__inner-container is-layout-flow wp-block-group-is-layout-flow\">\n<p>Aufgrund stetig steigender Qualit\u00e4tsanforderungen der Produktion stellen f\u00fcr uns Optimierungskonzepte einen wesentlichen Leistungsschwerpunkt in der Anlagenplanung dar. Durch das Erstellen von Massen-, Energie- und Stoffstrombilanzen k\u00f6nnen wir die Leistungsf\u00e4higkeit vorhandener Anlagen bewerten und m\u00f6gliche Ausbaupotenziale aufzeigen.<\/p>\n\n\n\n<p>Analysen decken vorhandene Kapazit\u00e4tsl\u00fccken auf, welche in einem grafikgest\u00fctzten Bilanzierungsmodell dargestellt werden. Durch die Visualisierung k\u00f6nnen so Wasserfl\u00fcsse, Servicestr\u00f6me, Kapazit\u00e4tsreserven und \u2013l\u00fccken in verschiedenen Farben gekennzeichnet werden.<\/p>\n\n\n\n<p>Die Energiebilanzen werden dabei simultan zu den Massenbilanzen berechnet. Somit ist jedes Modell flexibel erweiterbar und einzelne Komponenten k\u00f6nnen separat betrachtet werden.<\/p>\n\n\n\n<div class=\"wp-block-buttons is-layout-flex wp-block-buttons-is-layout-flex\">\n<div class=\"wp-block-button\"><a class=\"wp-block-button__link wp-element-button\">Ein Audit beantragen<\/a><\/div>\n<\/div>\n<\/div><\/div>\n<\/div>\n\n\n\n<div class=\"wp-block-column reveal-3 is-layout-flow wp-block-column-is-layout-flow\">\n<div class=\"wp-block-cover is-light\"><span aria-hidden=\"true\" class=\"wp-block-cover__background has-background-dim-0 has-background-dim\"><\/span><img loading=\"lazy\" decoding=\"async\" width=\"1500\" height=\"1000\" class=\"wp-block-cover__image-background wp-image-112\" alt=\"\" src=\"https:\/\/www.arcade-engineering.com\/wp-content\/uploads\/2022\/07\/audit-1.jpg\" data-object-fit=\"cover\" srcset=\"https:\/\/www.arcade-engineering.com\/wp-content\/uploads\/2022\/07\/audit-1.jpg 1500w, https:\/\/www.arcade-engineering.com\/wp-content\/uploads\/2022\/07\/audit-1-300x200.jpg 300w, https:\/\/www.arcade-engineering.com\/wp-content\/uploads\/2022\/07\/audit-1-1024x683.jpg 1024w, https:\/\/www.arcade-engineering.com\/wp-content\/uploads\/2022\/07\/audit-1-768x512.jpg 768w, https:\/\/www.arcade-engineering.com\/wp-content\/uploads\/2022\/07\/audit-1-750x500.jpg 750w\" sizes=\"auto, (max-width: 1500px) 100vw, 1500px\" \/><div class=\"wp-block-cover__inner-container is-layout-flow wp-block-cover-is-layout-flow\">\n<p class=\"has-text-align-center has-large-font-size\"><\/p>\n<\/div><\/div>\n<\/div>\n<\/div>\n<\/div><\/div>\n<\/div><\/section>\n\n\n\n<section id=\"section-3\" class=\"wp-block-group\"><div class=\"wp-block-group__inner-container is-layout-flow wp-block-group-is-layout-flow\">\n<div class=\"wp-block-group alignwide\"><div class=\"wp-block-group__inner-container is-layout-flow wp-block-group-is-layout-flow\">\n<div class=\"wp-block-columns reveal is-layout-flex wp-container-core-columns-is-layout-9d6595d7 wp-block-columns-is-layout-flex\">\n<div class=\"wp-block-column reveal-3 is-layout-flow wp-block-column-is-layout-flow\">\n<div class=\"wp-block-cover is-light\"><span aria-hidden=\"true\" class=\"wp-block-cover__background has-background-dim-0 has-background-dim\"><\/span><img loading=\"lazy\" decoding=\"async\" width=\"1500\" height=\"993\" class=\"wp-block-cover__image-background wp-image-117\" alt=\"\" src=\"https:\/\/www.arcade-engineering.com\/wp-content\/uploads\/2022\/07\/traitementdeleau-3.jpg\" data-object-fit=\"cover\" srcset=\"https:\/\/www.arcade-engineering.com\/wp-content\/uploads\/2022\/07\/traitementdeleau-3.jpg 1500w, https:\/\/www.arcade-engineering.com\/wp-content\/uploads\/2022\/07\/traitementdeleau-3-300x199.jpg 300w, https:\/\/www.arcade-engineering.com\/wp-content\/uploads\/2022\/07\/traitementdeleau-3-1024x678.jpg 1024w, https:\/\/www.arcade-engineering.com\/wp-content\/uploads\/2022\/07\/traitementdeleau-3-768x508.jpg 768w\" sizes=\"auto, (max-width: 1500px) 100vw, 1500px\" \/><div class=\"wp-block-cover__inner-container is-layout-flow wp-block-cover-is-layout-flow\">\n<p class=\"has-text-align-center has-large-font-size\"><\/p>\n<\/div><\/div>\n<\/div>\n\n\n\n<div class=\"wp-block-column is-vertically-aligned-center is-layout-flow wp-block-column-is-layout-flow\">\n<h2 class=\"wp-block-heading reveal-1\">Basic- &amp; Detail Engineering<\/h2>\n\n\n\n<div class=\"wp-block-group reveal-2\"><div class=\"wp-block-group__inner-container is-layout-flow wp-block-group-is-layout-flow\">\n<p>Im Rahmen des Basic Engineerings:<\/p>\n\n\n\n<ul class=\"wp-block-list\">\n<li>Festlegung der allgemeinen Reaktionsf\u00fchrung und der grundlegenden Prozessregelung.<\/li>\n\n\n\n<li>Planung Ihrer Neuanlagen, effizient, energieoptimiert und nach neuestem Stand der Technik.<\/li>\n<\/ul>\n\n\n\n<p>Im Rahmen des Detail Engineerings:<\/p>\n\n\n\n<ul class=\"wp-block-list\">\n<li>Auswahl der einzusetzenden Apparate, Komponenten und Materialien f\u00fcr Ihre Anlage.<\/li>\n\n\n\n<li>Auswahl des Verfahrens, das die Art, Anzahl und funktionellen Zusammenh\u00e4nge zwischen den einzelnen Systemen festlegt.<\/li>\n\n\n\n<li>Berechnung der Betriebsmedienvolumina, der Laufzeit und der Regenerationszyklen f\u00fcr:<\/li>\n\n\n\n<li>Ionenaustauschanlagen<\/li>\n\n\n\n<li>Aktivkohleanlagen<\/li>\n\n\n\n<li>Multimediafilteranlagen<\/li>\n\n\n\n<li>Membrananlagen wie Umkehrosmosen<\/li>\n\n\n\n<li>Nanofiltrationen<\/li>\n<\/ul>\n\n\n\n<p>Ebenso untersuchen wir die thermischen und thermodynamischen Wechselwirkungen und definieren die zugeh\u00f6rigen mess- und regelungstechnischen Baugruppen des zu betreibenden Prozesses.<\/p>\n<\/div><\/div>\n<\/div>\n<\/div>\n<\/div><\/div>\n<\/div><\/section>\n\n\n\n<section id=\"section-4\" class=\"wp-block-group bg-gray-200\"><div class=\"wp-block-group__inner-container is-layout-flow wp-block-group-is-layout-flow\">\n<div class=\"wp-block-group alignwide\"><div class=\"wp-block-group__inner-container is-layout-flow wp-block-group-is-layout-flow\">\n<div class=\"wp-block-columns reveal is-layout-flex wp-container-core-columns-is-layout-9d6595d7 wp-block-columns-is-layout-flex\">\n<div class=\"wp-block-column is-vertically-aligned-center is-layout-flow wp-block-column-is-layout-flow\">\n<h2 class=\"wp-block-heading reveal-1\">Montage<\/h2>\n\n\n\n<div class=\"wp-block-group reveal-2\"><div class=\"wp-block-group__inner-container is-layout-flow wp-block-group-is-layout-flow\">\n<p>Wir bieten unseren Kunden die Montage der gelieferten Anlagentechnik mit \u00dcberf\u00fchrung in den vertragsgem\u00e4\u00dfen Zustand sowie die schl\u00fcsselfertige \u00dcbergabe.<\/p>\n\n\n\n<p>Die Montage der Komponenten oder Skids erfolgt \u00fcberwiegend in unserer Werkstatt.<\/p>\n\n\n\n<p>Unsere qualifizierten Unterlieferanten \u00fcbernehmen dabei die mechanische und elektrische Montage vor Ort.<\/p>\n\n\n\n<p>F\u00fcr die Bau\u00fcberwachung w\u00e4hrend der Errichtung der Anlagen setzen wir ausschlie\u00dflich unser eigenes Personal ein.<\/p>\n<\/div><\/div>\n<\/div>\n\n\n\n<div class=\"wp-block-column reveal-3 is-layout-flow wp-block-column-is-layout-flow\">\n<div class=\"wp-block-cover is-light\"><span aria-hidden=\"true\" class=\"wp-block-cover__background has-background-dim-0 has-background-dim\"><\/span><img loading=\"lazy\" decoding=\"async\" width=\"1500\" height=\"1000\" class=\"wp-block-cover__image-background wp-image-127\" alt=\"\" src=\"https:\/\/www.arcade-engineering.com\/wp-content\/uploads\/2022\/07\/montage-1.jpg\" data-object-fit=\"cover\" srcset=\"https:\/\/www.arcade-engineering.com\/wp-content\/uploads\/2022\/07\/montage-1.jpg 1500w, https:\/\/www.arcade-engineering.com\/wp-content\/uploads\/2022\/07\/montage-1-300x200.jpg 300w, https:\/\/www.arcade-engineering.com\/wp-content\/uploads\/2022\/07\/montage-1-1024x683.jpg 1024w, https:\/\/www.arcade-engineering.com\/wp-content\/uploads\/2022\/07\/montage-1-768x512.jpg 768w, https:\/\/www.arcade-engineering.com\/wp-content\/uploads\/2022\/07\/montage-1-750x500.jpg 750w\" sizes=\"auto, (max-width: 1500px) 100vw, 1500px\" \/><div class=\"wp-block-cover__inner-container is-layout-flow wp-block-cover-is-layout-flow\">\n<p class=\"has-text-align-center has-large-font-size\"><\/p>\n<\/div><\/div>\n<\/div>\n<\/div>\n<\/div><\/div>\n<\/div><\/section>\n\n\n\n<section id=\"section-5\" class=\"wp-block-group\"><div class=\"wp-block-group__inner-container is-layout-flow wp-block-group-is-layout-flow\">\n<div class=\"wp-block-group alignwide\"><div class=\"wp-block-group__inner-container is-layout-flow wp-block-group-is-layout-flow\">\n<div class=\"wp-block-columns reveal is-layout-flex wp-container-core-columns-is-layout-9d6595d7 wp-block-columns-is-layout-flex\">\n<div class=\"wp-block-column reveal-3 is-layout-flow wp-block-column-is-layout-flow\">\n<div class=\"wp-block-cover\"><span aria-hidden=\"true\" class=\"wp-block-cover__background has-background-dim-0 has-background-dim\"><\/span><img loading=\"lazy\" decoding=\"async\" width=\"1500\" height=\"1000\" class=\"wp-block-cover__image-background wp-image-126\" alt=\"\" src=\"https:\/\/www.arcade-engineering.com\/wp-content\/uploads\/2022\/07\/traitementdeleau-4.jpg\" data-object-fit=\"cover\" srcset=\"https:\/\/www.arcade-engineering.com\/wp-content\/uploads\/2022\/07\/traitementdeleau-4.jpg 1500w, https:\/\/www.arcade-engineering.com\/wp-content\/uploads\/2022\/07\/traitementdeleau-4-300x200.jpg 300w, https:\/\/www.arcade-engineering.com\/wp-content\/uploads\/2022\/07\/traitementdeleau-4-1024x683.jpg 1024w, https:\/\/www.arcade-engineering.com\/wp-content\/uploads\/2022\/07\/traitementdeleau-4-768x512.jpg 768w, https:\/\/www.arcade-engineering.com\/wp-content\/uploads\/2022\/07\/traitementdeleau-4-750x500.jpg 750w\" sizes=\"auto, (max-width: 1500px) 100vw, 1500px\" \/><div class=\"wp-block-cover__inner-container is-layout-flow wp-block-cover-is-layout-flow\">\n<p class=\"has-text-align-center has-large-font-size\"><\/p>\n<\/div><\/div>\n<\/div>\n\n\n\n<div class=\"wp-block-column is-vertically-aligned-center is-layout-flow wp-block-column-is-layout-flow\">\n<h2 class=\"wp-block-heading reveal-1\">Inbetriebnahme<\/h2>\n\n\n\n<div class=\"wp-block-group reveal-2\"><div class=\"wp-block-group__inner-container is-layout-flow wp-block-group-is-layout-flow\">\n<p>Im Anschluss an die Planung, Montage oder Optimierung einer Anlage bieten wir die umfassende Inbetriebnahme des Prozesses.<\/p>\n\n\n\n<p>Im Rahmen dieser Arbeiten wird die Anlage, nach Systemtests und Optimierungen, in den vertragsm\u00e4\u00dfigen Dauerzustand gebracht. Dazu geh\u00f6ren:<\/p>\n\n\n\n<ul class=\"wp-block-list\">\n<li>Betriebssicherheit<\/li>\n\n\n\n<li>Verf\u00fcgbarkeit und die Funktionsf\u00e4higkeit<\/li>\n\n\n\n<li>Definierte Leistungsparameter<\/li>\n<\/ul>\n\n\n\n<p>Der Qualit\u00e4tsnachweis erfolgt anhand der dazugeh\u00f6rigen Dokumentation und Zertifizierung. Auf Anfrage offerieren wir gerne die Einweisung und Schulung des Betriebspersonals f\u00fcr einen fachkundigen und zielorientierten Betrieb.<\/p>\n<\/div><\/div>\n<\/div>\n<\/div>\n<\/div><\/div>\n<\/div><\/section>\n\n\n\n<section id=\"section-6\" class=\"wp-block-group bg-gray-200\"><div class=\"wp-block-group__inner-container is-layout-flow wp-block-group-is-layout-flow\">\n<div class=\"wp-block-group alignwide\"><div class=\"wp-block-group__inner-container is-layout-flow wp-block-group-is-layout-flow\">\n<div class=\"wp-block-columns reveal is-layout-flex wp-container-core-columns-is-layout-9d6595d7 wp-block-columns-is-layout-flex\">\n<div class=\"wp-block-column is-vertically-aligned-center is-layout-flow wp-block-column-is-layout-flow\">\n<h2 class=\"wp-block-heading reveal-1\">Analytik<\/h2>\n\n\n\n<div class=\"wp-block-group reveal-2\"><div class=\"wp-block-group__inner-container is-layout-flow wp-block-group-is-layout-flow\">\n<p>In der industriellen Wasseraufbereitung ist die kontinuierliche \u00dcberwachung der Qualit\u00e4tsparameter unabdingbar. Neben der Sicherung der gleichbleibenden Aufbereitungskapazit\u00e4t der einzelnen Verfahrensstufen stellt vor allem die Kontrolle der Wasserqualit\u00e4t am Point-of-Use eine Hauptaufgabe dar. F\u00fcr eine umfassende Prozess\u00fcberwachung arbeiten wir mit einer optimal zusammengestellten Kombination aus Online- und Laboranalytik. Dabei erfolgt die Auswahl der Ger\u00e4te herstellerunabh\u00e4ngig und orientiert sich am gemeinsam festgelegten Monitoringaufwand.<\/p>\n\n\n\n<p>Zus\u00e4tzlich bieten wir unseren Kunden die Durchf\u00fchrung von anlagenbegleitenden Beprobungen und Analysen durch unser speziell geschultes Personal sowie die Einbindung von zertifizierten Analytik-Laboren.<\/p>\n<\/div><\/div>\n<\/div>\n\n\n\n<div class=\"wp-block-column reveal-3 is-layout-flow wp-block-column-is-layout-flow\">\n<div class=\"wp-block-cover is-light\"><span aria-hidden=\"true\" class=\"wp-block-cover__background has-background-dim-0 has-background-dim\"><\/span><img loading=\"lazy\" decoding=\"async\" width=\"1500\" height=\"1095\" class=\"wp-block-cover__image-background wp-image-1234\" alt=\"\" src=\"https:\/\/www.arcade-engineering.com\/wp-content\/uploads\/2022\/09\/analyse-3.jpg\" data-object-fit=\"cover\" srcset=\"https:\/\/www.arcade-engineering.com\/wp-content\/uploads\/2022\/09\/analyse-3.jpg 1500w, https:\/\/www.arcade-engineering.com\/wp-content\/uploads\/2022\/09\/analyse-3-300x219.jpg 300w, https:\/\/www.arcade-engineering.com\/wp-content\/uploads\/2022\/09\/analyse-3-1024x748.jpg 1024w, https:\/\/www.arcade-engineering.com\/wp-content\/uploads\/2022\/09\/analyse-3-768x561.jpg 768w\" sizes=\"auto, (max-width: 1500px) 100vw, 1500px\" \/><div class=\"wp-block-cover__inner-container is-layout-flow wp-block-cover-is-layout-flow\">\n<p class=\"has-text-align-center has-large-font-size\"><\/p>\n<\/div><\/div>\n<\/div>\n<\/div>\n<\/div><\/div>\n<\/div><\/section>\n\n\n\n<section class=\"wp-block-group bg-gray-300 skills\"><div class=\"wp-block-group__inner-container is-layout-flow wp-block-group-is-layout-flow\">\n<h2 class=\"wp-block-heading alignwide has-text-align-center\">Unser Angebot<\/h2>\n\n\n\n<div class=\"wp-block-columns alignwide reveal is-layout-flex wp-container-core-columns-is-layout-9d6595d7 wp-block-columns-is-layout-flex\">\n<div class=\"wp-block-column reveal-1 is-layout-flow wp-block-column-is-layout-flow\">\n<figure class=\"wp-block-image size-standard\"><a href=\"https:\/\/www.arcade-engineering.com\/de\/engineering\/\"><img loading=\"lazy\" decoding=\"async\" width=\"750\" height=\"500\" src=\"https:\/\/www.arcade-engineering.com\/wp-content\/uploads\/2022\/07\/gestiondeprojet-750x500.jpg\" alt=\"\" class=\"wp-image-156\" srcset=\"https:\/\/www.arcade-engineering.com\/wp-content\/uploads\/2022\/07\/gestiondeprojet-750x500.jpg 750w, https:\/\/www.arcade-engineering.com\/wp-content\/uploads\/2022\/07\/gestiondeprojet-300x200.jpg 300w, https:\/\/www.arcade-engineering.com\/wp-content\/uploads\/2022\/07\/gestiondeprojet-1024x683.jpg 1024w, https:\/\/www.arcade-engineering.com\/wp-content\/uploads\/2022\/07\/gestiondeprojet-768x512.jpg 768w, https:\/\/www.arcade-engineering.com\/wp-content\/uploads\/2022\/07\/gestiondeprojet.jpg 1500w\" sizes=\"auto, (max-width: 750px) 100vw, 750px\" \/><\/a><\/figure>\n\n\n\n<h3 class=\"wp-block-heading\"><a href=\"https:\/\/www.arcade-engineering.com\/de\/engineering\/\" data-type=\"page\" data-id=\"1211\">Engineering<\/a><\/h3>\n<\/div>\n\n\n\n<div class=\"wp-block-column reveal-2 is-layout-flow wp-block-column-is-layout-flow\">\n<figure class=\"wp-block-image size-standard\"><a href=\"https:\/\/www.arcade-engineering.com\/de\/schaltschrankbau\/\"><img loading=\"lazy\" decoding=\"async\" width=\"750\" height=\"500\" src=\"https:\/\/www.arcade-engineering.com\/wp-content\/uploads\/2022\/07\/Datencenter-750x500.jpg\" alt=\"\" class=\"wp-image-162\"\/><\/a><\/figure>\n\n\n\n<h3 class=\"wp-block-heading\"><a href=\"https:\/\/www.arcade-engineering.com\/de\/schaltschrankbau\/\" data-type=\"page\" data-id=\"1144\">Schaltschrankbau<\/a><\/h3>\n<\/div>\n\n\n\n<div class=\"wp-block-column reveal-3 is-layout-flow wp-block-column-is-layout-flow\">\n<figure class=\"wp-block-image size-standard\"><a href=\"https:\/\/www.arcade-engineering.com\/de\/installations-de-traitement-deau\/\"><img loading=\"lazy\" decoding=\"async\" width=\"750\" height=\"500\" src=\"https:\/\/www.arcade-engineering.com\/wp-content\/uploads\/2022\/07\/traitementdeleau-3-750x500.jpg\" alt=\"\" class=\"wp-image-117\" srcset=\"https:\/\/www.arcade-engineering.com\/wp-content\/uploads\/2022\/07\/traitementdeleau-3-750x500.jpg 750w, https:\/\/www.arcade-engineering.com\/wp-content\/uploads\/2022\/07\/traitementdeleau-3-300x199.jpg 300w\" sizes=\"auto, (max-width: 750px) 100vw, 750px\" \/><\/a><\/figure>\n\n\n\n<h3 class=\"wp-block-heading\"><a href=\"https:\/\/www.arcade-engineering.com\/de\/wasserauf-bereitungsanlagen\/\" data-type=\"page\" data-id=\"1225\">Wasseraufbereitungsanlagen<\/a><\/h3>\n<\/div>\n<\/div>\n\n\n\n<div class=\"wp-block-columns alignwide reveal is-layout-flex wp-container-core-columns-is-layout-9d6595d7 wp-block-columns-is-layout-flex\">\n<div class=\"wp-block-column reveal-1 is-layout-flow wp-block-column-is-layout-flow\">\n<figure class=\"wp-block-image size-standard\"><a href=\"https:\/\/www.arcade-engineering.com\/de\/forschung-und-entwicklung\/\"><img loading=\"lazy\" decoding=\"async\" width=\"750\" height=\"500\" src=\"https:\/\/www.arcade-engineering.com\/wp-content\/uploads\/2022\/07\/rnd-2-750x500.jpg\" alt=\"\" class=\"wp-image-163\" srcset=\"https:\/\/www.arcade-engineering.com\/wp-content\/uploads\/2022\/07\/rnd-2-750x500.jpg 750w, https:\/\/www.arcade-engineering.com\/wp-content\/uploads\/2022\/07\/rnd-2-300x200.jpg 300w, https:\/\/www.arcade-engineering.com\/wp-content\/uploads\/2022\/07\/rnd-2-1024x683.jpg 1024w, https:\/\/www.arcade-engineering.com\/wp-content\/uploads\/2022\/07\/rnd-2-768x512.jpg 768w, https:\/\/www.arcade-engineering.com\/wp-content\/uploads\/2022\/07\/rnd-2.jpg 1500w\" sizes=\"auto, (max-width: 750px) 100vw, 750px\" \/><\/a><\/figure>\n\n\n\n<h3 class=\"wp-block-heading\"><a href=\"https:\/\/www.arcade-engineering.com\/de\/forschung-und-entwicklung\/\" data-type=\"page\" data-id=\"1263\">Forschung und Entwicklung<\/a><\/h3>\n<\/div>\n\n\n\n<div class=\"wp-block-column reveal-2 is-layout-flow wp-block-column-is-layout-flow\">\n<figure class=\"wp-block-image size-large\"><img loading=\"lazy\" decoding=\"async\" width=\"1024\" height=\"683\" src=\"https:\/\/www.arcade-engineering.com\/wp-content\/uploads\/2022\/07\/mobile-1024x683.jpg\" alt=\"\" class=\"wp-image-923\" srcset=\"https:\/\/www.arcade-engineering.com\/wp-content\/uploads\/2022\/07\/mobile-1024x683.jpg 1024w, https:\/\/www.arcade-engineering.com\/wp-content\/uploads\/2022\/07\/mobile-300x200.jpg 300w, https:\/\/www.arcade-engineering.com\/wp-content\/uploads\/2022\/07\/mobile-768x512.jpg 768w, https:\/\/www.arcade-engineering.com\/wp-content\/uploads\/2022\/07\/mobile-750x500.jpg 750w, https:\/\/www.arcade-engineering.com\/wp-content\/uploads\/2022\/07\/mobile.jpg 1500w\" sizes=\"auto, (max-width: 1024px) 100vw, 1024px\" \/><\/figure>\n\n\n\n<h3 class=\"wp-block-heading\"><a href=\"https:\/\/www.arcade-engineering.com\/de\/kundenservice\/\" data-type=\"page\" data-id=\"1273\">Kundenservice<\/a><\/h3>\n<\/div>\n\n\n\n<div class=\"wp-block-column reveal-3 is-layout-flow wp-block-column-is-layout-flow\">\n<figure class=\"wp-block-image size-standard\"><a href=\"https:\/\/www.arcade-engineering.com\/de\/industrieller-hochbau\/\"><img loading=\"lazy\" decoding=\"async\" width=\"750\" height=\"500\" src=\"https:\/\/www.arcade-engineering.com\/wp-content\/uploads\/2022\/07\/batiment-1-750x500.jpg\" alt=\"\" class=\"wp-image-165\"\/><\/a><\/figure>\n\n\n\n<h3 class=\"wp-block-heading\"><a href=\"https:\/\/www.arcade-engineering.com\/de\/industrieller-hochbau\/\" data-type=\"page\" data-id=\"1184\">Industrieller Hochbau<\/a><\/h3>\n<\/div>\n<\/div>\n<\/div><\/section>\n\n\n\n<section class=\"wp-block-group cta\"><div class=\"wp-block-group__inner-container is-layout-flow wp-block-group-is-layout-flow\">\n<p>Sie haben ein Projekt? <a href=\"https:\/\/www.arcade-engineering.com\/de\/kontaktieren-sie-uns\/\">Kontaktieren Sie uns!<\/a><\/p>\n<\/div><\/section>\n","protected":false},"excerpt":{"rendered":"<p>Schl\u00fcsselfertige Anlagen Dank der Synergien innerhalb der Arcade-Gruppe haben wir uns als einer der bevorzugten Lieferanten von schl\u00fcsselfertigen Wasseraufbereitungsanlagen etabliert: Industrielle Fertigungsprozesse gestalten sich immer spezifischer und komplexer. Daf\u00fcr bieten wir unseren Kunden genau abgestimmte Wasseraufbereitungsanlagen mit optimal ausgew\u00e4hlten Technologien nach neuestem Stand der Technik. Im Rahmen der Abwicklung unterst\u00fctzen wir Sie von der Planung [&hellip;]<\/p>\n","protected":false},"author":1,"featured_media":0,"parent":0,"menu_order":0,"comment_status":"closed","ping_status":"closed","template":"page-skill.php","meta":{"_acf_changed":false,"_seopress_robots_primary_cat":"","_seopress_titles_title":"","_seopress_titles_desc":"Die Arcade-Gruppe ist ein bevorzugter Anbieter von schl\u00fcsselfertigen Wasseraufbereitungsanlagen.","_seopress_robots_index":"","footnotes":""},"class_list":["post-1225","page","type-page","status-publish","hentry"],"acf":[],"_links":{"self":[{"href":"https:\/\/www.arcade-engineering.com\/de\/wp-json\/wp\/v2\/pages\/1225","targetHints":{"allow":["GET"]}}],"collection":[{"href":"https:\/\/www.arcade-engineering.com\/de\/wp-json\/wp\/v2\/pages"}],"about":[{"href":"https:\/\/www.arcade-engineering.com\/de\/wp-json\/wp\/v2\/types\/page"}],"author":[{"embeddable":true,"href":"https:\/\/www.arcade-engineering.com\/de\/wp-json\/wp\/v2\/users\/1"}],"replies":[{"embeddable":true,"href":"https:\/\/www.arcade-engineering.com\/de\/wp-json\/wp\/v2\/comments?post=1225"}],"version-history":[{"count":9,"href":"https:\/\/www.arcade-engineering.com\/de\/wp-json\/wp\/v2\/pages\/1225\/revisions"}],"predecessor-version":[{"id":2569,"href":"https:\/\/www.arcade-engineering.com\/de\/wp-json\/wp\/v2\/pages\/1225\/revisions\/2569"}],"wp:attachment":[{"href":"https:\/\/www.arcade-engineering.com\/de\/wp-json\/wp\/v2\/media?parent=1225"}],"curies":[{"name":"wp","href":"https:\/\/api.w.org\/{rel}","templated":true}]}}