{"id":1184,"date":"2022-07-27T09:55:00","date_gmt":"2022-07-27T07:55:00","guid":{"rendered":"https:\/\/www.arcade-engineering.com\/batiment\/"},"modified":"2023-01-23T12:05:54","modified_gmt":"2023-01-23T11:05:54","slug":"industrieller-hochbau","status":"publish","type":"page","link":"https:\/\/www.arcade-engineering.com\/de\/industrieller-hochbau\/","title":{"rendered":"Industrieller Hochbau"},"content":{"rendered":"\n<section class=\"wp-block-group alignwide\" id=\"section-1\"><div class=\"wp-block-group__inner-container is-layout-flow wp-block-group-is-layout-flow\">\n<div class=\"wp-block-columns reveal is-layout-flex wp-container-core-columns-is-layout-9d6595d7 wp-block-columns-is-layout-flex\">\n<div class=\"wp-block-column reveal-3 is-layout-flow wp-block-column-is-layout-flow\">\n<div class=\"wp-block-cover is-light\"><span aria-hidden=\"true\" class=\"wp-block-cover__background has-background-dim-0 has-background-dim\"><\/span><img loading=\"lazy\" decoding=\"async\" width=\"1024\" height=\"596\" class=\"wp-block-cover__image-background wp-image-365\" alt=\"\" src=\"https:\/\/www.arcade-engineering.com\/wp-content\/uploads\/2022\/07\/Industrieller-Hochbau.jpg\" data-object-fit=\"cover\" srcset=\"https:\/\/www.arcade-engineering.com\/wp-content\/uploads\/2022\/07\/Industrieller-Hochbau.jpg 1024w, https:\/\/www.arcade-engineering.com\/wp-content\/uploads\/2022\/07\/Industrieller-Hochbau-300x175.jpg 300w, https:\/\/www.arcade-engineering.com\/wp-content\/uploads\/2022\/07\/Industrieller-Hochbau-768x447.jpg 768w\" sizes=\"auto, (max-width: 1024px) 100vw, 1024px\" \/><div class=\"wp-block-cover__inner-container is-layout-flow wp-block-cover-is-layout-flow\">\n<p class=\"has-text-align-center has-large-font-size\"><\/p>\n<\/div><\/div>\n<\/div>\n\n\n\n<div class=\"wp-block-column is-vertically-aligned-center is-layout-flow wp-block-column-is-layout-flow\">\n<h2 class=\"reveal-1 wp-block-heading\">Hochbau<\/h2>\n\n\n\n<p>Arcade bietet Ihnen zahlreiche Dienstleistungen bei der Organisation und Realisierung von Bauprojekten jeder Gr\u00f6sse an. Die Realisierung Ihrer Projekte bis zur nutzungsbereiten \u00dcbergabe \u2013 Entwurf, Planung, Ausf\u00fchrung und Bau\u00fcberwachung \u2013 erfolgt somit aus einer Hand.<\/p>\n<\/div>\n<\/div>\n<\/div><\/section>\n\n\n\n<section id=\"section-2\" class=\"wp-block-group bg-gray-200\"><div class=\"wp-block-group__inner-container is-layout-flow wp-block-group-is-layout-flow\">\n<div class=\"wp-block-group alignwide\"><div class=\"wp-block-group__inner-container is-layout-flow wp-block-group-is-layout-flow\">\n<div class=\"wp-block-columns reveal is-layout-flex wp-container-core-columns-is-layout-9d6595d7 wp-block-columns-is-layout-flex\">\n<div class=\"wp-block-column is-vertically-aligned-center is-layout-flow wp-block-column-is-layout-flow\">\n<h2 class=\"reveal-1 wp-block-heading\">Unsere Dienstleistungen<\/h2>\n\n\n\n<div class=\"wp-block-group reveal-2\"><div class=\"wp-block-group__inner-container is-layout-flow wp-block-group-is-layout-flow\">\n<p>Wir unterst\u00fctzen Sie in jeder Phase Ihres Bauvorhabens und sorgen f\u00fcr die Einhaltung der \u00f6rtlichen Bauvorschriften und Vorschriften.<\/p>\n\n\n\n<p>Unsere Leistungen:<\/p>\n\n\n\n<ul class=\"wp-block-list\"><li>Grundlagenermittlung und Definition der Aufgabenstellung<\/li><li>Bestandsaufnahme und Standortanalyse<\/li><li>Vorplanung mit Kostensch\u00e4tzung<\/li><li>Genehmigungsplanung<\/li><li>Ausf\u00fchrungsplanung<\/li><li>Vorbereitung der Vergabe, einschlie\u00dflich Ermittlung der Mengen und der Aufstellung von Leistungsverzeichnissen (LV)<\/li><li>Mitwirkung bei der Vergabe, inklusive Kostenvoranschlag<\/li><li>Bau\u00fcberwachung und Dokumentation<\/li><\/ul>\n<\/div><\/div>\n<\/div>\n\n\n\n<div class=\"wp-block-column reveal-3 is-layout-flow wp-block-column-is-layout-flow\">\n<div class=\"wp-block-cover is-light\"><span aria-hidden=\"true\" class=\"wp-block-cover__background has-background-dim-0 has-background-dim\"><\/span><img loading=\"lazy\" decoding=\"async\" width=\"1024\" height=\"683\" class=\"wp-block-cover__image-background wp-image-366\" alt=\"\" src=\"https:\/\/www.arcade-engineering.com\/wp-content\/uploads\/2022\/07\/Konstruktiver-Hochbau.jpg\" data-object-fit=\"cover\" srcset=\"https:\/\/www.arcade-engineering.com\/wp-content\/uploads\/2022\/07\/Konstruktiver-Hochbau.jpg 1024w, https:\/\/www.arcade-engineering.com\/wp-content\/uploads\/2022\/07\/Konstruktiver-Hochbau-300x200.jpg 300w, https:\/\/www.arcade-engineering.com\/wp-content\/uploads\/2022\/07\/Konstruktiver-Hochbau-768x512.jpg 768w, https:\/\/www.arcade-engineering.com\/wp-content\/uploads\/2022\/07\/Konstruktiver-Hochbau-750x500.jpg 750w\" sizes=\"auto, (max-width: 1024px) 100vw, 1024px\" \/><div class=\"wp-block-cover__inner-container is-layout-flow wp-block-cover-is-layout-flow\">\n<p class=\"has-text-align-center has-large-font-size\"><\/p>\n<\/div><\/div>\n<\/div>\n<\/div>\n<\/div><\/div>\n<\/div><\/section>\n\n\n\n<section id=\"section-3\" class=\"wp-block-group\"><div class=\"wp-block-group__inner-container is-layout-flow wp-block-group-is-layout-flow\">\n<div class=\"wp-block-group alignwide\"><div class=\"wp-block-group__inner-container is-layout-flow wp-block-group-is-layout-flow\">\n<div class=\"wp-block-columns reveal is-layout-flex wp-container-core-columns-is-layout-9d6595d7 wp-block-columns-is-layout-flex\">\n<div class=\"wp-block-column reveal-3 is-layout-flow wp-block-column-is-layout-flow\">\n<div class=\"wp-block-cover is-light\"><span aria-hidden=\"true\" class=\"wp-block-cover__background has-background-dim-0 has-background-dim\"><\/span><img loading=\"lazy\" decoding=\"async\" width=\"1024\" height=\"683\" class=\"wp-block-cover__image-background wp-image-367\" alt=\"\" src=\"https:\/\/www.arcade-engineering.com\/wp-content\/uploads\/2022\/07\/Industrielle-GT.jpg\" data-object-fit=\"cover\" srcset=\"https:\/\/www.arcade-engineering.com\/wp-content\/uploads\/2022\/07\/Industrielle-GT.jpg 1024w, https:\/\/www.arcade-engineering.com\/wp-content\/uploads\/2022\/07\/Industrielle-GT-300x200.jpg 300w, https:\/\/www.arcade-engineering.com\/wp-content\/uploads\/2022\/07\/Industrielle-GT-768x512.jpg 768w, https:\/\/www.arcade-engineering.com\/wp-content\/uploads\/2022\/07\/Industrielle-GT-750x500.jpg 750w\" sizes=\"auto, (max-width: 1024px) 100vw, 1024px\" \/><div class=\"wp-block-cover__inner-container is-layout-flow wp-block-cover-is-layout-flow\">\n<p class=\"has-text-align-center has-large-font-size\"><\/p>\n<\/div><\/div>\n<\/div>\n\n\n\n<div class=\"wp-block-column is-vertically-aligned-center is-layout-flow wp-block-column-is-layout-flow\">\n<h2 class=\"reveal-1 wp-block-heading\">Industrielle Geb\u00e4ude- &amp; Prozesstechnik<\/h2>\n\n\n\n<div class=\"wp-block-group reveal-2\"><div class=\"wp-block-group__inner-container is-layout-flow wp-block-group-is-layout-flow\">\n<p>F\u00fcr Ihre Projekte entwickeln unsere Ingenieure und Techniker energetisch optimierte L\u00f6sungen zur Einsparung von Ressourcen.&nbsp;Von der Erstellung der ersten Planungsentw\u00fcrfe, \u00fcber die Simulation von geb\u00e4ude-technischen Prozessen, der Ausf\u00fchrungsplanung in 2D und 3D, dem Vergabemanagement bis einschlie\u00dflich Projekt- und Baumanagement sind wir f\u00fcr Sie ein verl\u00e4sslicher Partner bei der termin- und qualit\u00e4tsgerechten Realisierung Ihrer Projekte.<\/p>\n\n\n\n<p>Arcade ist ihr Spezialist in folgendenBereichen:<\/p>\n\n\n\n<ul class=\"wp-block-list\"><li>Raumlufttechnik<\/li><li>Prozessfortlufttechnik<\/li><li>Kaltwasser- und Prozessk\u00fchlwassersysteme<\/li><li>Prozessmedien<\/li><li>W\u00e4rmeversorgungsanlagen<\/li><li>Klimatechnik<\/li><li>Sanit\u00e4r<\/li><li>Elektrotechnik<\/li><li>F\u00f6rdertechnik<\/li><li>Sicherheitssysteme<\/li><\/ul>\n<\/div><\/div>\n<\/div>\n<\/div>\n<\/div><\/div>\n<\/div><\/section>\n\n\n\n<section id=\"section-4\" class=\"wp-block-group bg-gray-200\"><div class=\"wp-block-group__inner-container is-layout-flow wp-block-group-is-layout-flow\">\n<div class=\"wp-block-group alignwide\"><div class=\"wp-block-group__inner-container is-layout-flow wp-block-group-is-layout-flow\">\n<div class=\"wp-block-columns reveal is-layout-flex wp-container-core-columns-is-layout-9d6595d7 wp-block-columns-is-layout-flex\">\n<div class=\"wp-block-column is-vertically-aligned-center is-layout-flow wp-block-column-is-layout-flow\">\n<h2 class=\"reveal-1 wp-block-heading\">Reinr\u00e4ume &amp; Labor<\/h2>\n\n\n\n<div class=\"wp-block-group reveal-2\"><div class=\"wp-block-group__inner-container is-layout-flow wp-block-group-is-layout-flow\">\n<p>Unsere Leistungen<\/p>\n\n\n\n<ul class=\"wp-block-list\"><li>Konzeptentwicklung von Reinr\u00e4umen gem\u00e4ss der Norm ISO 14644-1<\/li><li>Planung und Ausf\u00fchrung in allen Reinraumklassen<\/li><li>Schl\u00fcsselfertige Projektausf\u00fchrung<\/li><li>Raumlufttechnik<\/li><li>Reinraumbodensysteme<\/li><li>Move In von Maschinen \/ Tools<\/li><li>Hook Up (Maschinen- und Ger\u00e4teanschl\u00fcsse)<\/li><li>Validierung und Qualifizierung<\/li><li>Schulungen<\/li><li>Service und Instandhaltung<\/li><\/ul>\n<\/div><\/div>\n<\/div>\n\n\n\n<div class=\"wp-block-column reveal-3 is-layout-flow wp-block-column-is-layout-flow\">\n<div class=\"wp-block-cover is-light\"><span aria-hidden=\"true\" class=\"wp-block-cover__background has-background-dim-0 has-background-dim\"><\/span><img loading=\"lazy\" decoding=\"async\" width=\"1280\" height=\"854\" class=\"wp-block-cover__image-background wp-image-368\" alt=\"\" src=\"https:\/\/www.arcade-engineering.com\/wp-content\/uploads\/2022\/07\/Reinraum.jpg\" data-object-fit=\"cover\" srcset=\"https:\/\/www.arcade-engineering.com\/wp-content\/uploads\/2022\/07\/Reinraum.jpg 1280w, https:\/\/www.arcade-engineering.com\/wp-content\/uploads\/2022\/07\/Reinraum-300x200.jpg 300w, https:\/\/www.arcade-engineering.com\/wp-content\/uploads\/2022\/07\/Reinraum-1024x683.jpg 1024w, https:\/\/www.arcade-engineering.com\/wp-content\/uploads\/2022\/07\/Reinraum-768x512.jpg 768w, https:\/\/www.arcade-engineering.com\/wp-content\/uploads\/2022\/07\/Reinraum-750x500.jpg 750w\" sizes=\"auto, (max-width: 1280px) 100vw, 1280px\" \/><div class=\"wp-block-cover__inner-container is-layout-flow wp-block-cover-is-layout-flow\">\n<p class=\"has-text-align-center has-large-font-size\"><\/p>\n<\/div><\/div>\n<\/div>\n<\/div>\n<\/div><\/div>\n<\/div><\/section>\n\n\n\n<section id=\"section-5\" class=\"wp-block-group\"><div class=\"wp-block-group__inner-container is-layout-flow wp-block-group-is-layout-flow\">\n<div class=\"wp-block-group alignwide\"><div class=\"wp-block-group__inner-container is-layout-flow wp-block-group-is-layout-flow\">\n<div class=\"wp-block-columns reveal is-layout-flex wp-container-core-columns-is-layout-9d6595d7 wp-block-columns-is-layout-flex\">\n<div class=\"wp-block-column reveal-3 is-layout-flow wp-block-column-is-layout-flow\">\n<div class=\"wp-block-cover is-light\"><span aria-hidden=\"true\" class=\"wp-block-cover__background has-background-dim-0 has-background-dim\"><\/span><img loading=\"lazy\" decoding=\"async\" width=\"1024\" height=\"685\" class=\"wp-block-cover__image-background wp-image-369\" alt=\"\" src=\"https:\/\/www.arcade-engineering.com\/wp-content\/uploads\/2022\/07\/Geba\u0308udemanagement.jpg\" data-object-fit=\"cover\" srcset=\"https:\/\/www.arcade-engineering.com\/wp-content\/uploads\/2022\/07\/Geba\u0308udemanagement.jpg 1024w, https:\/\/www.arcade-engineering.com\/wp-content\/uploads\/2022\/07\/Geba\u0308udemanagement-300x201.jpg 300w, https:\/\/www.arcade-engineering.com\/wp-content\/uploads\/2022\/07\/Geba\u0308udemanagement-768x514.jpg 768w\" sizes=\"auto, (max-width: 1024px) 100vw, 1024px\" \/><div class=\"wp-block-cover__inner-container is-layout-flow wp-block-cover-is-layout-flow\">\n<p class=\"has-text-align-center has-large-font-size\"><\/p>\n<\/div><\/div>\n<\/div>\n\n\n\n<div class=\"wp-block-column is-vertically-aligned-center is-layout-flow wp-block-column-is-layout-flow\">\n<h2 class=\"reveal-1 wp-block-heading\">Geb\u00e4udemanagement<\/h2>\n\n\n\n<div class=\"wp-block-group reveal-2\"><div class=\"wp-block-group__inner-container is-layout-flow wp-block-group-is-layout-flow\">\n<p><strong>Geb\u00e4udeautomationssystem &amp; Leitstellen- und Sicherheitstechnik (LSS)<\/strong><\/p>\n\n\n\n<p>Unsere Leistungen:<\/p>\n\n\n\n<ul class=\"wp-block-list\"><li>Machbarkeitsstudien und Zertifizierungsunterst\u00fctzung<\/li><li>Planung, Lieferung, Montage&nbsp;komplexer Geb\u00e4udemanagementsysteme<\/li><li>Energiemanagement<\/li><li>Monitoring und Trendanalyse<\/li><li>Inbetriebnahme<\/li><li>Validierung und Qualifizierung<\/li><li>Service und Schulungen<\/li><li>Wartung und Instandhaltung<\/li><\/ul>\n\n\n\n<p><strong>Stromversorgungssystem<\/strong><\/p>\n\n\n\n<p>Unsere Leistungen&nbsp;:<\/p>\n\n\n\n<ul class=\"wp-block-list\"><li>Konzeption, Design &amp; Vor-Planung<\/li><li>Planung und Projektierung<\/li><li>Ausf\u00fchrung von Anlagen der elektrischen Stromversorgung (MS\/NS)<\/li><\/ul>\n\n\n\n<p>Wartung und Instandhaltung<\/p>\n<\/div><\/div>\n<\/div>\n<\/div>\n<\/div><\/div>\n<\/div><\/section>\n\n\n\n<section id=\"section-6\" class=\"wp-block-group bg-gray-200\"><div class=\"wp-block-group__inner-container is-layout-flow wp-block-group-is-layout-flow\">\n<div class=\"wp-block-group alignwide\"><div class=\"wp-block-group__inner-container is-layout-flow wp-block-group-is-layout-flow\">\n<div class=\"wp-block-columns reveal is-layout-flex wp-container-core-columns-is-layout-9d6595d7 wp-block-columns-is-layout-flex\">\n<div class=\"wp-block-column is-vertically-aligned-center is-layout-flow wp-block-column-is-layout-flow\">\n<h2 class=\"reveal-1 wp-block-heading\">Hook Up<\/h2>\n\n\n\n<div class=\"wp-block-group reveal-2\"><div class=\"wp-block-group__inner-container is-layout-flow wp-block-group-is-layout-flow\">\n<p>Dank unserer technischen L\u00f6sungen sind die Herstellung von Mikroprozessoren und das Management von Material- und Produktfl\u00fcssen keine separaten Themen mehr.&nbsp;Wir planen und steuern alle erforderlichen Ma\u00dfnahmen im Hook Up, termin- und qualit\u00e4tsgerecht, um eine hochwertige Prozessleistung zu gew\u00e4hrleisten.<\/p>\n\n\n\n<p>Unser Angebot:<\/p>\n\n\n\n<ul class=\"wp-block-list\"><li>Ausarbeitung der Hook Up Typicals unter Ber\u00fccksichtigung der Kundenanforderungen<\/li><li>Spezifikation der Komponenten und Materialien<\/li><li>Spezifikation der Anschlussbedingungen (Fact-Finding) in Zusammenarbeit mit Managern, Ingenieuren und Produktionsleitern<\/li><li>Erstellung von Planungsunterlagen wie Equipment Card, P&amp;ID sowie der zugeh\u00f6rigen Installationspl\u00e4ne<\/li><li>Koordination aller betreffenden Hook Up Aktivit\u00e4ten (Tool Move In, Ausf\u00fchrung, Test, Inbetriebnahme)<\/li><li>Dokumentationsunterlagen<\/li><\/ul>\n<\/div><\/div>\n<\/div>\n\n\n\n<div class=\"wp-block-column reveal-3 is-layout-flow wp-block-column-is-layout-flow\">\n<div class=\"wp-block-cover is-light\"><span aria-hidden=\"true\" class=\"wp-block-cover__background has-background-dim-0 has-background-dim\"><\/span><img loading=\"lazy\" decoding=\"async\" width=\"1024\" height=\"680\" class=\"wp-block-cover__image-background wp-image-370\" alt=\"\" src=\"https:\/\/www.arcade-engineering.com\/wp-content\/uploads\/2022\/07\/Hook-UP.jpg\" data-object-fit=\"cover\" srcset=\"https:\/\/www.arcade-engineering.com\/wp-content\/uploads\/2022\/07\/Hook-UP.jpg 1024w, https:\/\/www.arcade-engineering.com\/wp-content\/uploads\/2022\/07\/Hook-UP-300x199.jpg 300w, https:\/\/www.arcade-engineering.com\/wp-content\/uploads\/2022\/07\/Hook-UP-768x510.jpg 768w\" sizes=\"auto, (max-width: 1024px) 100vw, 1024px\" \/><div class=\"wp-block-cover__inner-container is-layout-flow wp-block-cover-is-layout-flow\">\n<p class=\"has-text-align-center has-large-font-size\"><\/p>\n<\/div><\/div>\n<\/div>\n<\/div>\n<\/div><\/div>\n<\/div><\/section>\n\n\n\n<section id=\"section-7\" class=\"wp-block-group\"><div class=\"wp-block-group__inner-container is-layout-flow wp-block-group-is-layout-flow\">\n<div class=\"wp-block-group alignwide\"><div class=\"wp-block-group__inner-container is-layout-flow wp-block-group-is-layout-flow\">\n<div class=\"wp-block-columns reveal is-layout-flex wp-container-core-columns-is-layout-9d6595d7 wp-block-columns-is-layout-flex\">\n<div class=\"wp-block-column reveal-3 is-layout-flow wp-block-column-is-layout-flow\">\n<div class=\"wp-block-cover is-light\"><span aria-hidden=\"true\" class=\"wp-block-cover__background has-background-dim-0 has-background-dim\"><\/span><img loading=\"lazy\" decoding=\"async\" width=\"1024\" height=\"667\" class=\"wp-block-cover__image-background wp-image-371\" alt=\"\" src=\"https:\/\/www.arcade-engineering.com\/wp-content\/uploads\/2022\/07\/Datencenter-1.jpg\" data-object-fit=\"cover\" srcset=\"https:\/\/www.arcade-engineering.com\/wp-content\/uploads\/2022\/07\/Datencenter-1.jpg 1024w, https:\/\/www.arcade-engineering.com\/wp-content\/uploads\/2022\/07\/Datencenter-1-300x195.jpg 300w, https:\/\/www.arcade-engineering.com\/wp-content\/uploads\/2022\/07\/Datencenter-1-768x500.jpg 768w\" sizes=\"auto, (max-width: 1024px) 100vw, 1024px\" \/><div class=\"wp-block-cover__inner-container is-layout-flow wp-block-cover-is-layout-flow\">\n<p class=\"has-text-align-center has-large-font-size\"><\/p>\n<\/div><\/div>\n<\/div>\n\n\n\n<div class=\"wp-block-column is-vertically-aligned-center is-layout-flow wp-block-column-is-layout-flow\">\n<h2 class=\"reveal-1 wp-block-heading\">Data Center<\/h2>\n\n\n\n<div class=\"wp-block-group reveal-2\"><div class=\"wp-block-group__inner-container is-layout-flow wp-block-group-is-layout-flow\">\n<p>Unsere St\u00e4rke beim Bau von Rechenzentren liegt in umfangreichen Risikoanalysen und der tiefen Integration von Sicherheitskonzepten.<\/p>\n\n\n\n<p>Wir bieten Ihnen folgende Dienstleistungen an:<\/p>\n\n\n\n<ul class=\"wp-block-list\"><li>Thermische Analysen<\/li><li>Rechenzentrumsmodellierung<\/li><li>Energieeffizienzanalyse<\/li><li>Installation einer an die Bed\u00fcrfnisse der Anlage angepassten Stromversorgung<\/li><\/ul>\n\n\n\n<p>W\u00e4hrend der Konstruktion ber\u00fccksichtigen wir folgende Aspekte:<\/p>\n\n\n\n<ul class=\"wp-block-list\"><li>Standortwahl<\/li><li>Konzeption der Technik- und IT-Fl\u00e4chen<\/li><li>Struktur der RZ-Verkabelung mit Racks und Zubeh\u00f6r<\/li><li>MSR und Leittechnik<\/li><li>Brandschutz<\/li><li>Sicherheitstechnik und Zutrittskontrollsysteme<\/li><li>TGA-Infrastruktur Elektro und Mechanik<\/li><\/ul>\n<\/div><\/div>\n<\/div>\n<\/div>\n<\/div><\/div>\n<\/div><\/section>\n\n\n\n<section class=\"wp-block-group bg-gray-300 skills\"><div class=\"wp-block-group__inner-container is-layout-flow wp-block-group-is-layout-flow\">\n<h2 class=\"wp-block-heading alignwide has-text-align-center\">Unser Angebot<\/h2>\n\n\n\n<div class=\"wp-block-columns alignwide reveal is-layout-flex wp-container-core-columns-is-layout-9d6595d7 wp-block-columns-is-layout-flex\">\n<div class=\"wp-block-column reveal-1 is-layout-flow wp-block-column-is-layout-flow\">\n<figure class=\"wp-block-image size-standard\"><a href=\"https:\/\/www.arcade-engineering.com\/de\/engineering\/\"><img loading=\"lazy\" decoding=\"async\" width=\"750\" height=\"500\" src=\"https:\/\/www.arcade-engineering.com\/wp-content\/uploads\/2022\/07\/gestiondeprojet-750x500.jpg\" alt=\"\" class=\"wp-image-156\" srcset=\"https:\/\/www.arcade-engineering.com\/wp-content\/uploads\/2022\/07\/gestiondeprojet-750x500.jpg 750w, https:\/\/www.arcade-engineering.com\/wp-content\/uploads\/2022\/07\/gestiondeprojet-300x200.jpg 300w, https:\/\/www.arcade-engineering.com\/wp-content\/uploads\/2022\/07\/gestiondeprojet-1024x683.jpg 1024w, https:\/\/www.arcade-engineering.com\/wp-content\/uploads\/2022\/07\/gestiondeprojet-768x512.jpg 768w, https:\/\/www.arcade-engineering.com\/wp-content\/uploads\/2022\/07\/gestiondeprojet.jpg 1500w\" sizes=\"auto, (max-width: 750px) 100vw, 750px\" \/><\/a><\/figure>\n\n\n\n<h3 class=\"wp-block-heading\"><a href=\"https:\/\/www.arcade-engineering.com\/de\/engineering\/\" data-type=\"page\" data-id=\"1211\">Engineering<\/a><\/h3>\n<\/div>\n\n\n\n<div class=\"wp-block-column reveal-2 is-layout-flow wp-block-column-is-layout-flow\">\n<figure class=\"wp-block-image size-standard\"><a href=\"https:\/\/www.arcade-engineering.com\/de\/schaltschrankbau\/\"><img loading=\"lazy\" decoding=\"async\" width=\"750\" height=\"500\" src=\"https:\/\/www.arcade-engineering.com\/wp-content\/uploads\/2022\/07\/Datencenter-750x500.jpg\" alt=\"\" class=\"wp-image-162\"\/><\/a><\/figure>\n\n\n\n<h3 class=\"wp-block-heading\"><a href=\"https:\/\/www.arcade-engineering.com\/de\/schaltschrankbau\/\" data-type=\"page\" data-id=\"1144\">Schaltschrankbau<\/a><\/h3>\n<\/div>\n\n\n\n<div class=\"wp-block-column reveal-3 is-layout-flow wp-block-column-is-layout-flow\">\n<figure class=\"wp-block-image size-standard\"><a href=\"https:\/\/www.arcade-engineering.com\/de\/installations-de-traitement-deau\/\"><img loading=\"lazy\" decoding=\"async\" width=\"750\" height=\"500\" src=\"https:\/\/www.arcade-engineering.com\/wp-content\/uploads\/2022\/07\/traitementdeleau-3-750x500.jpg\" alt=\"\" class=\"wp-image-117\" srcset=\"https:\/\/www.arcade-engineering.com\/wp-content\/uploads\/2022\/07\/traitementdeleau-3-750x500.jpg 750w, https:\/\/www.arcade-engineering.com\/wp-content\/uploads\/2022\/07\/traitementdeleau-3-300x199.jpg 300w\" sizes=\"auto, (max-width: 750px) 100vw, 750px\" \/><\/a><\/figure>\n\n\n\n<h3 class=\"wp-block-heading\"><a href=\"https:\/\/www.arcade-engineering.com\/de\/wasserauf-bereitungsanlagen\/\" data-type=\"page\" data-id=\"1225\">Wasseraufbereitungsanlagen<\/a><\/h3>\n<\/div>\n<\/div>\n\n\n\n<div class=\"wp-block-columns alignwide reveal is-layout-flex wp-container-core-columns-is-layout-9d6595d7 wp-block-columns-is-layout-flex\">\n<div class=\"wp-block-column reveal-1 is-layout-flow wp-block-column-is-layout-flow\">\n<figure class=\"wp-block-image size-standard\"><a href=\"https:\/\/www.arcade-engineering.com\/de\/forschung-und-entwicklung\/\"><img loading=\"lazy\" decoding=\"async\" width=\"750\" height=\"500\" src=\"https:\/\/www.arcade-engineering.com\/wp-content\/uploads\/2022\/07\/rnd-2-750x500.jpg\" alt=\"\" class=\"wp-image-163\" srcset=\"https:\/\/www.arcade-engineering.com\/wp-content\/uploads\/2022\/07\/rnd-2-750x500.jpg 750w, https:\/\/www.arcade-engineering.com\/wp-content\/uploads\/2022\/07\/rnd-2-300x200.jpg 300w, https:\/\/www.arcade-engineering.com\/wp-content\/uploads\/2022\/07\/rnd-2-1024x683.jpg 1024w, https:\/\/www.arcade-engineering.com\/wp-content\/uploads\/2022\/07\/rnd-2-768x512.jpg 768w, https:\/\/www.arcade-engineering.com\/wp-content\/uploads\/2022\/07\/rnd-2.jpg 1500w\" sizes=\"auto, (max-width: 750px) 100vw, 750px\" \/><\/a><\/figure>\n\n\n\n<h3 class=\"wp-block-heading\"><a href=\"https:\/\/www.arcade-engineering.com\/de\/forschung-und-entwicklung\/\" data-type=\"page\" data-id=\"1263\">Forschung und Entwicklung<\/a><\/h3>\n<\/div>\n\n\n\n<div class=\"wp-block-column reveal-2 is-layout-flow wp-block-column-is-layout-flow\">\n<figure class=\"wp-block-image size-large\"><img loading=\"lazy\" decoding=\"async\" width=\"1024\" height=\"683\" src=\"https:\/\/www.arcade-engineering.com\/wp-content\/uploads\/2022\/07\/mobile-1024x683.jpg\" alt=\"\" class=\"wp-image-923\" srcset=\"https:\/\/www.arcade-engineering.com\/wp-content\/uploads\/2022\/07\/mobile-1024x683.jpg 1024w, https:\/\/www.arcade-engineering.com\/wp-content\/uploads\/2022\/07\/mobile-300x200.jpg 300w, https:\/\/www.arcade-engineering.com\/wp-content\/uploads\/2022\/07\/mobile-768x512.jpg 768w, https:\/\/www.arcade-engineering.com\/wp-content\/uploads\/2022\/07\/mobile-750x500.jpg 750w, https:\/\/www.arcade-engineering.com\/wp-content\/uploads\/2022\/07\/mobile.jpg 1500w\" sizes=\"auto, (max-width: 1024px) 100vw, 1024px\" \/><\/figure>\n\n\n\n<h3 class=\"wp-block-heading\"><a href=\"https:\/\/www.arcade-engineering.com\/de\/kundenservice\/\" data-type=\"page\" data-id=\"1273\">Kundenservice<\/a><\/h3>\n<\/div>\n\n\n\n<div class=\"wp-block-column reveal-3 is-layout-flow wp-block-column-is-layout-flow\">\n<figure class=\"wp-block-image size-standard\"><a href=\"https:\/\/www.arcade-engineering.com\/de\/industrieller-hochbau\/\"><img loading=\"lazy\" decoding=\"async\" width=\"750\" height=\"500\" src=\"https:\/\/www.arcade-engineering.com\/wp-content\/uploads\/2022\/07\/batiment-1-750x500.jpg\" alt=\"\" class=\"wp-image-165\"\/><\/a><\/figure>\n\n\n\n<h3 class=\"wp-block-heading\"><a href=\"https:\/\/www.arcade-engineering.com\/de\/industrieller-hochbau\/\" data-type=\"page\" data-id=\"1184\">Industrieller Hochbau<\/a><\/h3>\n<\/div>\n<\/div>\n<\/div><\/section>\n\n\n\n<section class=\"wp-block-group cta\"><div class=\"wp-block-group__inner-container is-layout-flow wp-block-group-is-layout-flow\">\n<p>Sie haben ein Projekt? <a href=\"https:\/\/www.arcade-engineering.com\/de\/kontaktieren-sie-uns\/\">Kontaktieren Sie uns!<\/a><\/p>\n<\/div><\/section>\n","protected":false},"excerpt":{"rendered":"<p>Hochbau Arcade bietet Ihnen zahlreiche Dienstleistungen bei der Organisation und Realisierung von Bauprojekten jeder Gr\u00f6sse an. Die Realisierung Ihrer Projekte bis zur nutzungsbereiten \u00dcbergabe \u2013 Entwurf, Planung, Ausf\u00fchrung und Bau\u00fcberwachung \u2013 erfolgt somit aus einer Hand. Unsere Dienstleistungen Wir unterst\u00fctzen Sie in jeder Phase Ihres Bauvorhabens und sorgen f\u00fcr die Einhaltung der \u00f6rtlichen Bauvorschriften und [&hellip;]<\/p>\n","protected":false},"author":1,"featured_media":0,"parent":0,"menu_order":0,"comment_status":"closed","ping_status":"closed","template":"page-skill.php","meta":{"_acf_changed":false,"_seopress_robots_primary_cat":"","_seopress_titles_title":"","_seopress_titles_desc":"Arcade Engineering bietet Ihnen seine Dienste bei der Organisation und Durchf\u00fchrung von Bauprojekten jeder Gr\u00f6\u00dfe an.","_seopress_robots_index":"","footnotes":""},"class_list":["post-1184","page","type-page","status-publish","hentry"],"acf":[],"_links":{"self":[{"href":"https:\/\/www.arcade-engineering.com\/de\/wp-json\/wp\/v2\/pages\/1184","targetHints":{"allow":["GET"]}}],"collection":[{"href":"https:\/\/www.arcade-engineering.com\/de\/wp-json\/wp\/v2\/pages"}],"about":[{"href":"https:\/\/www.arcade-engineering.com\/de\/wp-json\/wp\/v2\/types\/page"}],"author":[{"embeddable":true,"href":"https:\/\/www.arcade-engineering.com\/de\/wp-json\/wp\/v2\/users\/1"}],"replies":[{"embeddable":true,"href":"https:\/\/www.arcade-engineering.com\/de\/wp-json\/wp\/v2\/comments?post=1184"}],"version-history":[{"count":5,"href":"https:\/\/www.arcade-engineering.com\/de\/wp-json\/wp\/v2\/pages\/1184\/revisions"}],"predecessor-version":[{"id":1428,"href":"https:\/\/www.arcade-engineering.com\/de\/wp-json\/wp\/v2\/pages\/1184\/revisions\/1428"}],"wp:attachment":[{"href":"https:\/\/www.arcade-engineering.com\/de\/wp-json\/wp\/v2\/media?parent=1184"}],"curies":[{"name":"wp","href":"https:\/\/api.w.org\/{rel}","templated":true}]}}