{"id":1125,"date":"2022-07-27T16:39:41","date_gmt":"2022-07-27T14:39:41","guid":{"rendered":"https:\/\/www.arcade-engineering.com\/le-groupe\/"},"modified":"2026-03-04T10:41:06","modified_gmt":"2026-03-04T09:41:06","slug":"ueber-uns","status":"publish","type":"page","link":"https:\/\/www.arcade-engineering.com\/de\/ueber-uns\/","title":{"rendered":"Arcade Gruppe"},"content":{"rendered":"\n<section class=\"wp-block-group alignwide\"><div class=\"wp-block-group__inner-container is-layout-flow wp-block-group-is-layout-flow\">\n<div class=\"wp-block-columns is-layout-flex wp-container-core-columns-is-layout-9d6595d7 wp-block-columns-is-layout-flex\">\n<div class=\"wp-block-column is-layout-flow wp-block-column-is-layout-flow\" style=\"flex-basis:40%\">      <section class=\"timeline\">\r\n          <h2>Dates cl\u00e9s<\/h2>\r\n              <div class=\"reveal\"><div class=\"timeline__content reveal-1\">\n<div class=\"wp-block-group\"><div class=\"wp-block-group__inner-container is-layout-flow wp-block-group-is-layout-flow\">\n<h3 class=\"wp-block-heading\">1992<\/h3>\n\n\n\n<p>Gr\u00fcndung der Arcade Engineering AG in Allschwil, Schweiz.<\/p>\n\n\n\n<h4 class=\"wp-block-heading\">Fachgebiete<\/h4>\n\n\n\n<p><strong><strong><strong>Maschinenbau, Elektrotechnik, Automatisierung, Personalverleih<\/strong><\/strong><\/strong><\/p>\n<\/div><\/div>\n<\/div><\/div><div class=\"reveal\"><div class=\"timeline__content reveal-1\">\n<div class=\"wp-block-group\"><div class=\"wp-block-group__inner-container is-layout-flow wp-block-group-is-layout-flow\">\n<h3 class=\"wp-block-heading\">1999<\/h3>\n\n\n\n<p>Gr\u00fcndung der Arcade Industrie SAS in Pulversheim, Frankreich.<\/p>\n\n\n\n<h4 class=\"wp-block-heading\">Fachgebiete<\/h4>\n\n\n\n<p><strong><strong><strong>Bau elektrischer Schaltanlagen<\/strong><\/strong><\/strong><\/p>\n<\/div><\/div>\n<\/div><\/div><div class=\"reveal\"><div class=\"timeline__content reveal-1\">\n<div class=\"wp-block-group\"><div class=\"wp-block-group__inner-container is-layout-flow wp-block-group-is-layout-flow\">\n<h3 class=\"wp-block-heading\">2005 <\/h3>\n\n\n\n<p>Gr\u00fcndung der Arcade Engineering GmbH in Radebeul, Deutschland.<\/p>\n\n\n\n<h4 class=\"wp-block-heading\">Fachgebiete <\/h4>\n\n\n\n<p><strong><strong><strong>Engineering im Anlagenbau, Projektmanagement<\/strong><\/strong><\/strong><\/p>\n<\/div><\/div>\n<\/div><\/div><div class=\"reveal\"><div class=\"timeline__content reveal-1\">\n<div class=\"wp-block-group\"><div class=\"wp-block-group__inner-container is-layout-flow wp-block-group-is-layout-flow\">\n<h3 class=\"wp-block-heading\">2007 <\/h3>\n\n\n\n<p>Gr\u00fcndung der Arcade Engineering Pte Ltd in Singapur.<\/p>\n\n\n\n<h4 class=\"wp-block-heading\">Fachgebiete<\/h4>\n\n\n\n<p><strong><strong><strong>Engineering im Anlagenbau, Projektmanagement<\/strong><\/strong><\/strong><\/p>\n<\/div><\/div>\n<\/div><\/div><div class=\"reveal\"><div class=\"timeline__content reveal-1\">\n<div class=\"wp-block-group\"><div class=\"wp-block-group__inner-container is-layout-flow wp-block-group-is-layout-flow\">\n<h3 class=\"wp-block-heading\">2009 <\/h3>\n\n\n\n<p>Weitergehende Spezialisierung im Bereich Verfahrenstechnik und auf die Lieferung schl\u00fcsselfertiger Anlagen.<\/p>\n<\/div><\/div>\n<\/div><\/div><div class=\"reveal\"><div class=\"timeline__content reveal-1\">\n<div class=\"wp-block-group\"><div class=\"wp-block-group__inner-container is-layout-flow wp-block-group-is-layout-flow\">\n<h3 class=\"wp-block-heading\">2014 <\/h3>\n\n\n\n<p>Gr\u00fcndung der Abteilungen Kundenservice und Forschung &amp; Entwicklung.<\/p>\n<\/div><\/div>\n<\/div><\/div><div class=\"reveal\"><div class=\"timeline__content reveal-1\">\n<div class=\"wp-block-group\"><div class=\"wp-block-group__inner-container is-layout-flow wp-block-group-is-layout-flow\">\n<h3 class=\"wp-block-heading\">2015 <\/h3>\n\n\n\n<p>Gr\u00fcndung der Abteilung Arcade Hochbau.<\/p>\n<\/div><\/div>\n<\/div><\/div>      <\/section>\r\n    \n<\/div>\n\n\n\n<div class=\"wp-block-column reveal awards is-layout-flow wp-block-column-is-layout-flow\">\n<h2 class=\"wp-block-heading reveal-1\">Der ideale Partner f\u00fcr alle Ihre Industrieprojekte<\/h2>\n\n\n\n<div class=\"wp-block-group intro reveal-2\"><div class=\"wp-block-group__inner-container is-layout-flow wp-block-group-is-layout-flow\">\n<p>Die Arcade Gruppe ist ein innovatives, weltweit t\u00e4tiges Engineering-Unternehmen und ein kompetenter Partner im Bereich Anlagenbau. Flexibilit\u00e4t, Zuverl\u00e4ssigkeit, Leistungsf\u00e4higkeit sowie konsequente Kundenorientierung bilden die Grundlage unserer Gesch\u00e4ftsausrichtung.<\/p>\n\n\n\n<p>Unsere Kernkompetenzen liegen in den Bereichen elektrisches und mechanisches Engineering, <strong>dem Planen und Errichten von Wasser- und Prozessanlagen, sowie dem Schaltschrankbau.<\/strong> Erg\u00e4nzend bieten wir vielf\u00e4ltige Dienstleistungen im Bereich Auditierung und Beratung und f\u00fchren ma\u00dfgeschneiderte Projekte nach ihren Bed\u00fcrfnissen durch. Unser Angebot wird durch den industriellen Hochbau sowie die Betreuung durch unseren Kundenservice komplettiert.<\/p>\n\n\n\n<p>An vier Standorten in Europa und einem in Asien z\u00e4hlen <strong>mehr als 150 Mitarbeiter zu unserem Team.<\/strong><\/p>\n<\/div><\/div>\n\n\n\n<h2 class=\"wp-block-heading\">Auszeichnungen und Zertifikate<\/h2>\n\n\n\n<div class=\"wp-block-group\"><div class=\"wp-block-group__inner-container is-layout-flow wp-block-group-is-layout-flow\">\n<h3 class=\"wp-block-heading\">Deutschland<\/h3>\n\n\n\n<figure class=\"wp-block-image size-full is-resized\"><a href=\"https:\/\/www.arcade-engineering.com\/wp-content\/uploads\/2022\/07\/Nachweis-Freistellungsbesch.-48b-Arcade-bis-23.05.25.pdf\" target=\"_blank\" rel=\"noreferrer noopener\"><img loading=\"lazy\" decoding=\"async\" width=\"800\" height=\"104\" src=\"https:\/\/www.arcade-engineering.com\/wp-content\/uploads\/2022\/07\/SMWA_ESF_LO.png\" alt=\"\" class=\"wp-image-630\" style=\"width:400px;height:52px\" srcset=\"https:\/\/www.arcade-engineering.com\/wp-content\/uploads\/2022\/07\/SMWA_ESF_LO.png 800w, https:\/\/www.arcade-engineering.com\/wp-content\/uploads\/2022\/07\/SMWA_ESF_LO-300x39.png 300w, https:\/\/www.arcade-engineering.com\/wp-content\/uploads\/2022\/07\/SMWA_ESF_LO-768x100.png 768w\" sizes=\"auto, (max-width: 800px) 100vw, 800px\" \/><\/a><\/figure>\n\n\n<div class=\"wp-block-image\">\n<figure class=\"alignleft size-full is-resized\"><a href=\"https:\/\/www.arcade-engineering.com\/wp-content\/uploads\/2022\/07\/AVEVA_Reg_SI_Certificate_Arcade-Engineering-GmbH.pdf\" target=\"_blank\" rel=\"noreferrer noopener\"><img loading=\"lazy\" decoding=\"async\" width=\"867\" height=\"867\" src=\"https:\/\/www.arcade-engineering.com\/wp-content\/uploads\/2022\/07\/AVEVA-Partner-Badge-Registered-System-Integrator-1.png\" alt=\"\" class=\"wp-image-509\" style=\"width:86px;height:86px\" srcset=\"https:\/\/www.arcade-engineering.com\/wp-content\/uploads\/2022\/07\/AVEVA-Partner-Badge-Registered-System-Integrator-1.png 867w, https:\/\/www.arcade-engineering.com\/wp-content\/uploads\/2022\/07\/AVEVA-Partner-Badge-Registered-System-Integrator-1-300x300.png 300w, https:\/\/www.arcade-engineering.com\/wp-content\/uploads\/2022\/07\/AVEVA-Partner-Badge-Registered-System-Integrator-1-150x150.png 150w, https:\/\/www.arcade-engineering.com\/wp-content\/uploads\/2022\/07\/AVEVA-Partner-Badge-Registered-System-Integrator-1-768x768.png 768w\" sizes=\"auto, (max-width: 867px) 100vw, 867px\" \/><\/a><\/figure>\n<\/div>\n\n<div class=\"wp-block-image\">\n<figure class=\"alignleft size-full is-resized\"><a href=\"https:\/\/www.arcade-engineering.com\/wp-content\/uploads\/2025\/02\/Zerti-WHG_deutsch_250119.pdf\" target=\"_blank\" rel=\"noreferrer noopener\"><img loading=\"lazy\" decoding=\"async\" width=\"342\" height=\"342\" src=\"https:\/\/www.arcade-engineering.com\/wp-content\/uploads\/2022\/07\/Fachbetrieb_nach_WHG-1.jpg\" alt=\"\" class=\"wp-image-501\" style=\"width:86px;height:86px\" srcset=\"https:\/\/www.arcade-engineering.com\/wp-content\/uploads\/2022\/07\/Fachbetrieb_nach_WHG-1.jpg 342w, https:\/\/www.arcade-engineering.com\/wp-content\/uploads\/2022\/07\/Fachbetrieb_nach_WHG-1-300x300.jpg 300w, https:\/\/www.arcade-engineering.com\/wp-content\/uploads\/2022\/07\/Fachbetrieb_nach_WHG-1-150x150.jpg 150w\" sizes=\"auto, (max-width: 342px) 100vw, 342px\" \/><\/a><\/figure>\n<\/div>\n\n<div class=\"wp-block-image\">\n<figure class=\"alignleft size-full is-resized\"><a class=\"\" href=\"https:\/\/www.arcade-engineering.com\/wp-content\/uploads\/2026\/03\/9001.pdf\" target=\"_blank\" rel=\"noreferrer noopener\"><img loading=\"lazy\" decoding=\"async\" width=\"1176\" height=\"1180\" src=\"https:\/\/www.arcade-engineering.com\/wp-content\/uploads\/2022\/07\/ISO9001_ISO14001_ISO45001_D__RGB.jpg\" alt=\"\" class=\"wp-image-980\" style=\"width:86px;height:86px\" srcset=\"https:\/\/www.arcade-engineering.com\/wp-content\/uploads\/2022\/07\/ISO9001_ISO14001_ISO45001_D__RGB.jpg 1176w, https:\/\/www.arcade-engineering.com\/wp-content\/uploads\/2022\/07\/ISO9001_ISO14001_ISO45001_D__RGB-300x300.jpg 300w, https:\/\/www.arcade-engineering.com\/wp-content\/uploads\/2022\/07\/ISO9001_ISO14001_ISO45001_D__RGB-1021x1024.jpg 1021w, https:\/\/www.arcade-engineering.com\/wp-content\/uploads\/2022\/07\/ISO9001_ISO14001_ISO45001_D__RGB-150x150.jpg 150w, https:\/\/www.arcade-engineering.com\/wp-content\/uploads\/2022\/07\/ISO9001_ISO14001_ISO45001_D__RGB-768x771.jpg 768w\" sizes=\"auto, (max-width: 1176px) 100vw, 1176px\" \/><\/a><\/figure>\n<\/div>\n\n<div class=\"wp-block-image\">\n<figure class=\"alignleft size-full is-resized\"><a href=\"https:\/\/www.arcade-engineering.com\/wp-content\/uploads\/2026\/03\/45001.pdf\" target=\"_blank\" rel=\"noreferrer noopener\"><img loading=\"lazy\" decoding=\"async\" width=\"1176\" height=\"1180\" src=\"https:\/\/www.arcade-engineering.com\/wp-content\/uploads\/2022\/07\/ISO9001_ISO14001_ISO45001_D__RGB.jpg\" alt=\"\" class=\"wp-image-980\" style=\"width:86px;height:86px\" srcset=\"https:\/\/www.arcade-engineering.com\/wp-content\/uploads\/2022\/07\/ISO9001_ISO14001_ISO45001_D__RGB.jpg 1176w, https:\/\/www.arcade-engineering.com\/wp-content\/uploads\/2022\/07\/ISO9001_ISO14001_ISO45001_D__RGB-300x300.jpg 300w, https:\/\/www.arcade-engineering.com\/wp-content\/uploads\/2022\/07\/ISO9001_ISO14001_ISO45001_D__RGB-1021x1024.jpg 1021w, https:\/\/www.arcade-engineering.com\/wp-content\/uploads\/2022\/07\/ISO9001_ISO14001_ISO45001_D__RGB-150x150.jpg 150w, https:\/\/www.arcade-engineering.com\/wp-content\/uploads\/2022\/07\/ISO9001_ISO14001_ISO45001_D__RGB-768x771.jpg 768w\" sizes=\"auto, (max-width: 1176px) 100vw, 1176px\" \/><\/a><\/figure>\n<\/div>\n\n\n<figure class=\"wp-block-image size-full is-resized\"><a href=\"https:\/\/www.arcade-engineering.com\/wp-content\/uploads\/2026\/03\/14001.pdf\" target=\"_blank\" rel=\"noreferrer noopener\"><img loading=\"lazy\" decoding=\"async\" width=\"1002\" height=\"1002\" src=\"https:\/\/www.arcade-engineering.com\/wp-content\/uploads\/2024\/08\/DIN-EN-ISO-9001-DIN-EN-ISO-14001_de_regular-RGB.jpg\" alt=\"\" class=\"wp-image-2810\" style=\"width:86px;height:86px\" srcset=\"https:\/\/www.arcade-engineering.com\/wp-content\/uploads\/2024\/08\/DIN-EN-ISO-9001-DIN-EN-ISO-14001_de_regular-RGB.jpg 1002w, https:\/\/www.arcade-engineering.com\/wp-content\/uploads\/2024\/08\/DIN-EN-ISO-9001-DIN-EN-ISO-14001_de_regular-RGB-300x300.jpg 300w, https:\/\/www.arcade-engineering.com\/wp-content\/uploads\/2024\/08\/DIN-EN-ISO-9001-DIN-EN-ISO-14001_de_regular-RGB-150x150.jpg 150w, https:\/\/www.arcade-engineering.com\/wp-content\/uploads\/2024\/08\/DIN-EN-ISO-9001-DIN-EN-ISO-14001_de_regular-RGB-768x768.jpg 768w\" sizes=\"auto, (max-width: 1002px) 100vw, 1002px\" \/><\/a><\/figure>\n<\/div><\/div>\n\n\n\n<h3 class=\"wp-block-heading\">Schweiz<\/h3>\n\n\n<div class=\"wp-block-image\">\n<figure class=\"alignleft size-full is-resized\"><a href=\"https:\/\/www.arcade-engineering.com\/wp-content\/uploads\/2024\/04\/339141_de_44433.pdf\"><img loading=\"lazy\" decoding=\"async\" width=\"400\" height=\"400\" src=\"https:\/\/www.arcade-engineering.com\/wp-content\/uploads\/2022\/07\/9001_gm_de-1.jpg\" alt=\"\" class=\"wp-image-479\" style=\"width:86px;height:86px\" srcset=\"https:\/\/www.arcade-engineering.com\/wp-content\/uploads\/2022\/07\/9001_gm_de-1.jpg 400w, https:\/\/www.arcade-engineering.com\/wp-content\/uploads\/2022\/07\/9001_gm_de-1-300x300.jpg 300w, https:\/\/www.arcade-engineering.com\/wp-content\/uploads\/2022\/07\/9001_gm_de-1-150x150.jpg 150w\" sizes=\"auto, (max-width: 400px) 100vw, 400px\" \/><\/a><\/figure>\n<\/div>\n\n\n<figure class=\"wp-block-image size-full is-resized\"><a href=\"https:\/\/www.arcade-engineering.com\/wp-content\/uploads\/2024\/04\/339141_iq_44433.pdf\" target=\"_blank\" rel=\"noreferrer noopener\"><img loading=\"lazy\" decoding=\"async\" width=\"300\" height=\"300\" src=\"https:\/\/www.arcade-engineering.com\/wp-content\/uploads\/2022\/07\/IQNet-1.jpg\" alt=\"\" class=\"wp-image-485\" style=\"width:86px;height:86px\" srcset=\"https:\/\/www.arcade-engineering.com\/wp-content\/uploads\/2022\/07\/IQNet-1.jpg 300w, https:\/\/www.arcade-engineering.com\/wp-content\/uploads\/2022\/07\/IQNet-1-150x150.jpg 150w\" sizes=\"auto, (max-width: 300px) 100vw, 300px\" \/><\/a><\/figure>\n\n\n\n<h3 class=\"wp-block-heading\">Singapur<\/h3>\n\n\n<div class=\"wp-block-image\">\n<figure class=\"alignleft size-full is-resized\"><a href=\"https:\/\/www.arcade-engineering.com\/wp-content\/uploads\/2022\/07\/QMS-SG-08-0766955437_ARCADE-ENGINEERING-ASIA-PTE-LTD.pdf\" target=\"_blank\" rel=\"noreferrer noopener\"><img loading=\"lazy\" decoding=\"async\" width=\"174\" height=\"70\" src=\"https:\/\/www.arcade-engineering.com\/wp-content\/uploads\/2022\/07\/ACSISO9001.jpg\" alt=\"\" class=\"wp-image-480\" style=\"width:131px;height:53px\"\/><\/a><\/figure>\n<\/div>\n\n<div class=\"wp-block-image\">\n<figure class=\"alignleft size-full is-resized\"><a href=\"https:\/\/www.arcade-engineering.com\/wp-content\/uploads\/2022\/07\/EMS-SG-08-0766955437_ARCADE-ENGINEERING-ASIA-PTE-LTD.pdf\" target=\"_blank\" rel=\"noreferrer noopener\"><img loading=\"lazy\" decoding=\"async\" width=\"174\" height=\"70\" src=\"https:\/\/www.arcade-engineering.com\/wp-content\/uploads\/2022\/07\/ACSISO14001.jpg\" alt=\"\" class=\"wp-image-481\" style=\"width:131px;height:53px\"\/><\/a><\/figure>\n<\/div>\n\n\n<figure class=\"wp-block-image size-full is-resized\"><a href=\"https:\/\/www.arcade-engineering.com\/wp-content\/uploads\/2022\/07\/OHSMS_O-SG-08-70975_ARCADE-PTE-LTD.pdf\" target=\"_blank\" rel=\"noreferrer noopener\"><img loading=\"lazy\" decoding=\"async\" width=\"164\" height=\"70\" src=\"https:\/\/www.arcade-engineering.com\/wp-content\/uploads\/2022\/07\/ISO-45001_Logo_Singapur.png\" alt=\"\" class=\"wp-image-487\" style=\"width:123px;height:53px\"\/><\/a><\/figure>\n\n\n<div class=\"wp-block-image\">\n<figure class=\"alignleft size-full\"><a href=\"https:\/\/www.arcade-engineering.com\/wp-content\/uploads\/2022\/07\/bizSAFE-STAR_19022023.pdf\" target=\"_blank\" rel=\"noreferrer noopener\"><img loading=\"lazy\" decoding=\"async\" width=\"104\" height=\"70\" src=\"https:\/\/www.arcade-engineering.com\/wp-content\/uploads\/2022\/07\/BIZSAFESTAR.jpg\" alt=\"\" class=\"wp-image-483\"\/><\/a><\/figure>\n<\/div>\n\n\n<figure class=\"wp-block-image size-full\"><a href=\"https:\/\/www.arcade-engineering.com\/wp-content\/uploads\/2022\/07\/Singapur_logo4.pdf\" target=\"_blank\" rel=\"noreferrer noopener\"><img loading=\"lazy\" decoding=\"async\" width=\"93\" height=\"70\" src=\"https:\/\/www.arcade-engineering.com\/wp-content\/uploads\/2022\/07\/SING.jpg\" alt=\"\" class=\"wp-image-490\"\/><\/a><\/figure>\n<\/div>\n<\/div>\n<\/div><\/section>\n\n\n\n<section class=\"wp-block-group bg-gray-300 skills\"><div class=\"wp-block-group__inner-container is-layout-flow wp-block-group-is-layout-flow\">\n<h2 class=\"wp-block-heading alignwide has-text-align-center\">Unser Angebot<\/h2>\n\n\n\n<div class=\"wp-block-columns alignwide reveal is-layout-flex wp-container-core-columns-is-layout-9d6595d7 wp-block-columns-is-layout-flex\">\n<div class=\"wp-block-column reveal-1 is-layout-flow wp-block-column-is-layout-flow\">\n<figure class=\"wp-block-image size-standard\"><a href=\"https:\/\/www.arcade-engineering.com\/de\/engineering\/\"><img loading=\"lazy\" decoding=\"async\" width=\"750\" height=\"500\" src=\"https:\/\/www.arcade-engineering.com\/wp-content\/uploads\/2022\/07\/gestiondeprojet-750x500.jpg\" alt=\"\" class=\"wp-image-156\" srcset=\"https:\/\/www.arcade-engineering.com\/wp-content\/uploads\/2022\/07\/gestiondeprojet-750x500.jpg 750w, https:\/\/www.arcade-engineering.com\/wp-content\/uploads\/2022\/07\/gestiondeprojet-300x200.jpg 300w, https:\/\/www.arcade-engineering.com\/wp-content\/uploads\/2022\/07\/gestiondeprojet-1024x683.jpg 1024w, https:\/\/www.arcade-engineering.com\/wp-content\/uploads\/2022\/07\/gestiondeprojet-768x512.jpg 768w, https:\/\/www.arcade-engineering.com\/wp-content\/uploads\/2022\/07\/gestiondeprojet.jpg 1500w\" sizes=\"auto, (max-width: 750px) 100vw, 750px\" \/><\/a><\/figure>\n\n\n\n<h3 class=\"wp-block-heading\"><a href=\"https:\/\/www.arcade-engineering.com\/de\/engineering\/\" data-type=\"page\" data-id=\"1211\">Engineering<\/a><\/h3>\n<\/div>\n\n\n\n<div class=\"wp-block-column reveal-2 is-layout-flow wp-block-column-is-layout-flow\">\n<figure class=\"wp-block-image size-standard\"><a href=\"https:\/\/www.arcade-engineering.com\/de\/schaltschrankbau\/\"><img loading=\"lazy\" decoding=\"async\" width=\"750\" height=\"500\" src=\"https:\/\/www.arcade-engineering.com\/wp-content\/uploads\/2022\/07\/Datencenter-750x500.jpg\" alt=\"\" class=\"wp-image-162\"\/><\/a><\/figure>\n\n\n\n<h3 class=\"wp-block-heading\"><a href=\"https:\/\/www.arcade-engineering.com\/de\/schaltschrankbau\/\" data-type=\"page\" data-id=\"1144\">Schaltschrankbau<\/a><\/h3>\n<\/div>\n\n\n\n<div class=\"wp-block-column reveal-3 is-layout-flow wp-block-column-is-layout-flow\">\n<figure class=\"wp-block-image size-standard\"><a href=\"https:\/\/www.arcade-engineering.com\/de\/installations-de-traitement-deau\/\"><img loading=\"lazy\" decoding=\"async\" width=\"750\" height=\"500\" src=\"https:\/\/www.arcade-engineering.com\/wp-content\/uploads\/2022\/07\/traitementdeleau-3-750x500.jpg\" alt=\"\" class=\"wp-image-117\" srcset=\"https:\/\/www.arcade-engineering.com\/wp-content\/uploads\/2022\/07\/traitementdeleau-3-750x500.jpg 750w, https:\/\/www.arcade-engineering.com\/wp-content\/uploads\/2022\/07\/traitementdeleau-3-300x199.jpg 300w\" sizes=\"auto, (max-width: 750px) 100vw, 750px\" \/><\/a><\/figure>\n\n\n\n<h3 class=\"wp-block-heading\"><a href=\"https:\/\/www.arcade-engineering.com\/de\/wasserauf-bereitungsanlagen\/\" data-type=\"page\" data-id=\"1225\">Wasseraufbereitungsanlagen<\/a><\/h3>\n<\/div>\n<\/div>\n\n\n\n<div class=\"wp-block-columns alignwide reveal is-layout-flex wp-container-core-columns-is-layout-9d6595d7 wp-block-columns-is-layout-flex\">\n<div class=\"wp-block-column reveal-1 is-layout-flow wp-block-column-is-layout-flow\">\n<figure class=\"wp-block-image size-standard\"><a href=\"https:\/\/www.arcade-engineering.com\/de\/forschung-und-entwicklung\/\"><img loading=\"lazy\" decoding=\"async\" width=\"750\" height=\"500\" src=\"https:\/\/www.arcade-engineering.com\/wp-content\/uploads\/2022\/07\/rnd-2-750x500.jpg\" alt=\"\" class=\"wp-image-163\" srcset=\"https:\/\/www.arcade-engineering.com\/wp-content\/uploads\/2022\/07\/rnd-2-750x500.jpg 750w, https:\/\/www.arcade-engineering.com\/wp-content\/uploads\/2022\/07\/rnd-2-300x200.jpg 300w, https:\/\/www.arcade-engineering.com\/wp-content\/uploads\/2022\/07\/rnd-2-1024x683.jpg 1024w, https:\/\/www.arcade-engineering.com\/wp-content\/uploads\/2022\/07\/rnd-2-768x512.jpg 768w, https:\/\/www.arcade-engineering.com\/wp-content\/uploads\/2022\/07\/rnd-2.jpg 1500w\" sizes=\"auto, (max-width: 750px) 100vw, 750px\" \/><\/a><\/figure>\n\n\n\n<h3 class=\"wp-block-heading\"><a href=\"https:\/\/www.arcade-engineering.com\/de\/forschung-und-entwicklung\/\" data-type=\"page\" data-id=\"1263\">Forschung und Entwicklung<\/a><\/h3>\n<\/div>\n\n\n\n<div class=\"wp-block-column reveal-2 is-layout-flow wp-block-column-is-layout-flow\">\n<figure class=\"wp-block-image size-large\"><img loading=\"lazy\" decoding=\"async\" width=\"1024\" height=\"683\" src=\"https:\/\/www.arcade-engineering.com\/wp-content\/uploads\/2022\/07\/mobile-1024x683.jpg\" alt=\"\" class=\"wp-image-923\" srcset=\"https:\/\/www.arcade-engineering.com\/wp-content\/uploads\/2022\/07\/mobile-1024x683.jpg 1024w, https:\/\/www.arcade-engineering.com\/wp-content\/uploads\/2022\/07\/mobile-300x200.jpg 300w, https:\/\/www.arcade-engineering.com\/wp-content\/uploads\/2022\/07\/mobile-768x512.jpg 768w, https:\/\/www.arcade-engineering.com\/wp-content\/uploads\/2022\/07\/mobile-750x500.jpg 750w, https:\/\/www.arcade-engineering.com\/wp-content\/uploads\/2022\/07\/mobile.jpg 1500w\" sizes=\"auto, (max-width: 1024px) 100vw, 1024px\" \/><\/figure>\n\n\n\n<h3 class=\"wp-block-heading\"><a href=\"https:\/\/www.arcade-engineering.com\/de\/kundenservice\/\" data-type=\"page\" data-id=\"1273\">Kundenservice<\/a><\/h3>\n<\/div>\n\n\n\n<div class=\"wp-block-column reveal-3 is-layout-flow wp-block-column-is-layout-flow\">\n<figure class=\"wp-block-image size-standard\"><a href=\"https:\/\/www.arcade-engineering.com\/de\/industrieller-hochbau\/\"><img loading=\"lazy\" decoding=\"async\" width=\"750\" height=\"500\" src=\"https:\/\/www.arcade-engineering.com\/wp-content\/uploads\/2022\/07\/batiment-1-750x500.jpg\" alt=\"\" class=\"wp-image-165\"\/><\/a><\/figure>\n\n\n\n<h3 class=\"wp-block-heading\"><a href=\"https:\/\/www.arcade-engineering.com\/de\/industrieller-hochbau\/\" data-type=\"page\" data-id=\"1184\">Industrieller Hochbau<\/a><\/h3>\n<\/div>\n<\/div>\n<\/div><\/section>\n\n\n\n<section class=\"wp-block-group cta\"><div class=\"wp-block-group__inner-container is-layout-flow wp-block-group-is-layout-flow\">\n<p>Sie haben ein Projekt? <a href=\"https:\/\/www.arcade-engineering.com\/de\/kontaktieren-sie-uns\/\">Kontaktieren Sie uns!<\/a><\/p>\n<\/div><\/section>\n","protected":false},"excerpt":{"rendered":"<p>Der ideale Partner f\u00fcr alle Ihre Industrieprojekte Die Arcade Gruppe ist ein innovatives, weltweit t\u00e4tiges Engineering-Unternehmen und ein kompetenter Partner im Bereich Anlagenbau. Flexibilit\u00e4t, Zuverl\u00e4ssigkeit, Leistungsf\u00e4higkeit sowie konsequente Kundenorientierung bilden die Grundlage unserer Gesch\u00e4ftsausrichtung. Unsere Kernkompetenzen liegen in den Bereichen elektrisches und mechanisches Engineering, dem Planen und Errichten von Wasser- und Prozessanlagen, sowie dem Schaltschrankbau. [&hellip;]<\/p>\n","protected":false},"author":1,"featured_media":1883,"parent":0,"menu_order":0,"comment_status":"closed","ping_status":"closed","template":"page-about.php","meta":{"_acf_changed":false,"_seopress_robots_primary_cat":"","_seopress_titles_title":"","_seopress_titles_desc":"Als idealer Partner f\u00fcr alle Ihre Industrieprojekte basiert unsere Unternehmenspolitik auf Kundenkontakt, Zuverl\u00e4ssigkeit und Know-how.","_seopress_robots_index":"","_seopress_analysis_target_kw":"","footnotes":""},"class_list":["post-1125","page","type-page","status-publish","has-post-thumbnail","hentry"],"acf":[],"_links":{"self":[{"href":"https:\/\/www.arcade-engineering.com\/de\/wp-json\/wp\/v2\/pages\/1125","targetHints":{"allow":["GET"]}}],"collection":[{"href":"https:\/\/www.arcade-engineering.com\/de\/wp-json\/wp\/v2\/pages"}],"about":[{"href":"https:\/\/www.arcade-engineering.com\/de\/wp-json\/wp\/v2\/types\/page"}],"author":[{"embeddable":true,"href":"https:\/\/www.arcade-engineering.com\/de\/wp-json\/wp\/v2\/users\/1"}],"replies":[{"embeddable":true,"href":"https:\/\/www.arcade-engineering.com\/de\/wp-json\/wp\/v2\/comments?post=1125"}],"version-history":[{"count":11,"href":"https:\/\/www.arcade-engineering.com\/de\/wp-json\/wp\/v2\/pages\/1125\/revisions"}],"predecessor-version":[{"id":3041,"href":"https:\/\/www.arcade-engineering.com\/de\/wp-json\/wp\/v2\/pages\/1125\/revisions\/3041"}],"wp:featuredmedia":[{"embeddable":true,"href":"https:\/\/www.arcade-engineering.com\/de\/wp-json\/wp\/v2\/media\/1883"}],"wp:attachment":[{"href":"https:\/\/www.arcade-engineering.com\/de\/wp-json\/wp\/v2\/media?parent=1125"}],"curies":[{"name":"wp","href":"https:\/\/api.w.org\/{rel}","templated":true}]}}