{"id":1111,"date":"2022-07-23T13:14:58","date_gmt":"2022-07-23T11:14:58","guid":{"rendered":"https:\/\/www.arcade-engineering.com\/arcade-engineering-gmbh\/"},"modified":"2025-02-24T11:43:30","modified_gmt":"2025-02-24T10:43:30","slug":"arcade-engineering-gmbh","status":"publish","type":"page","link":"https:\/\/www.arcade-engineering.com\/de\/arcade-engineering-gmbh\/","title":{"rendered":"Arcade Engineering GmbH"},"content":{"rendered":"\n<section class=\"wp-block-group alignwide intro\"><div class=\"wp-block-group__inner-container is-layout-flow wp-block-group-is-layout-flow\">\n<div class=\"wp-block-columns is-layout-flex wp-container-core-columns-is-layout-9d6595d7 wp-block-columns-is-layout-flex\">\n<div class=\"wp-block-column is-layout-flow wp-block-column-is-layout-flow\" style=\"flex-basis:50%\">\n<div class=\"wp-block-cover is-light reveal-1\"><span aria-hidden=\"true\" class=\"wp-block-cover__background has-background-dim-0 has-background-dim\"><\/span><img loading=\"lazy\" decoding=\"async\" width=\"1366\" height=\"911\" class=\"wp-block-cover__image-background wp-image-237\" alt=\"\" src=\"https:\/\/www.arcade-engineering.com\/wp-content\/uploads\/2022\/07\/arcade-de-5.jpg\" data-object-fit=\"cover\" srcset=\"https:\/\/www.arcade-engineering.com\/wp-content\/uploads\/2022\/07\/arcade-de-5.jpg 1366w, https:\/\/www.arcade-engineering.com\/wp-content\/uploads\/2022\/07\/arcade-de-5-300x200.jpg 300w, https:\/\/www.arcade-engineering.com\/wp-content\/uploads\/2022\/07\/arcade-de-5-1024x683.jpg 1024w, https:\/\/www.arcade-engineering.com\/wp-content\/uploads\/2022\/07\/arcade-de-5-768x512.jpg 768w, https:\/\/www.arcade-engineering.com\/wp-content\/uploads\/2022\/07\/arcade-de-5-750x500.jpg 750w\" sizes=\"auto, (max-width: 1366px) 100vw, 1366px\" \/><div class=\"wp-block-cover__inner-container is-layout-flow wp-block-cover-is-layout-flow\">\n<p class=\"has-text-align-center has-large-font-size\"><\/p>\n<\/div><\/div>\n<\/div>\n\n\n\n<div class=\"wp-block-column is-vertically-aligned-center reveal-2 is-layout-flow wp-block-column-is-layout-flow\" style=\"flex-basis:50%\">\n<p>Arcade Engineering GmbH wurde 2005 im Herzen von Sachsen, eine der dynamischsten Industrieregionen Europas, gegr\u00fcndet. <strong>Das Unternehmen bietet seinen Kunden schl\u00fcsselfertige Wasseraufbereitungsanlagen sowie modernste Ingenieur-, Forschungs- und Entwicklungsdienstleistungen.<\/strong><\/p>\n<\/div>\n<\/div>\n<\/div><\/section>\n\n\n\n<section class=\"wp-block-group bg-gray-200\"><div class=\"wp-block-group__inner-container is-layout-flow wp-block-group-is-layout-flow\">\n<div class=\"wp-block-columns alignwide is-layout-flex wp-container-core-columns-is-layout-9d6595d7 wp-block-columns-is-layout-flex\">\n<div class=\"wp-block-column is-vertically-aligned-center reveal is-layout-flow wp-block-column-is-layout-flow\" style=\"flex-basis:50%\">\n<h2 class=\"wp-block-heading reveal-1\">Unsere Verpflichtungen<\/h2>\n\n\n\n<div class=\"wp-block-group reveal-2\"><div class=\"wp-block-group__inner-container is-layout-flow wp-block-group-is-layout-flow\">\n<p>Das Vertrauen unserer Kunden zu gewinnen und zu bewahren und ein angenehmes Arbeitsklima f\u00fcr unsere Mitarbeiter zu schaffen, ist uns ein wichtiges Anliegen. Wir sind bestrebt, Sie mit den F\u00e4higkeiten und der Professionalit\u00e4t unserer Mitarbeiter, der Unterst\u00fctzung bei Ihren Projekten, unserer Reaktionsf\u00e4higkeit, unserer Wettbewerbsf\u00e4higkeit und der Konstanz der Qualit\u00e4t unserer Produkte zufrieden zu stellen.<\/p>\n\n\n\n<div class=\"wp-block-group reveal-3\"><div class=\"wp-block-group__inner-container is-layout-flow wp-block-group-is-layout-flow\">\n<h3 class=\"wp-block-heading\">Allgemeine Gesch\u00e4ftsbedingungen<\/h3>\n\n\n\n<p class=\"lnr-file-empty\"><a href=\"https:\/\/www.arcade-engineering.com\/wp-content\/uploads\/2025\/02\/AGB_240708.pdf\" data-type=\"URL\" data-id=\"https:\/\/www.arcade-engineering.com\/wp-content\/uploads\/2023\/04\/AGB_221001.pdf\" target=\"_blank\" rel=\"noreferrer noopener\">Allgemeine Gesch\u00e4ftsbedingungen<\/a><\/p>\n\n\n\n<p class=\"lnr-file-empty\"><a href=\"https:\/\/www.arcade-engineering.com\/wp-content\/uploads\/2025\/02\/AEB_240708.pdf\" data-type=\"URL\" data-id=\"https:\/\/www.arcade-engineering.com\/wp-content\/uploads\/2023\/03\/AEB_220311.pdf\" target=\"_blank\" rel=\"noreferrer noopener\">Allgemeine Einkaufsbedingungen<\/a><\/p>\n\n\n\n<p class=\"lnr-file-empty\"><a rel=\"noreferrer noopener\" href=\"https:\/\/arcade-engineering.com\/wp-content\/uploads\/2018\/09\/QM_AEKB-D_B00.pdf\" target=\"_blank\"><\/a><a href=\"https:\/\/www.arcade-engineering.com\/wp-content\/uploads\/2023\/01\/Nachweis-Freistellungsbesch.-\u00a748b-Arcade-bis-23.05.25.pdf\" data-type=\"URL\" data-id=\"https:\/\/www.arcade-engineering.com\/wp-content\/uploads\/2023\/01\/Nachweis-Freistellungsbesch.-\u00a748b-Arcade-bis-23.05.25.pdf\" target=\"_blank\" rel=\"noreferrer noopener\">Freistellungsbescheinigung<\/a><\/p>\n<\/div><\/div>\n<\/div><\/div>\n<\/div>\n\n\n\n<div class=\"wp-block-column reveal is-layout-flow wp-block-column-is-layout-flow\" style=\"flex-basis:50%\">\n<div class=\"wp-block-cover is-light reveal-4\"><span aria-hidden=\"true\" class=\"wp-block-cover__background has-background-dim-0 has-background-dim\"><\/span><img loading=\"lazy\" decoding=\"async\" width=\"1500\" height=\"993\" class=\"wp-block-cover__image-background wp-image-236\" alt=\"\" src=\"https:\/\/www.arcade-engineering.com\/wp-content\/uploads\/2022\/07\/arcade-de-4.jpg\" data-object-fit=\"cover\" srcset=\"https:\/\/www.arcade-engineering.com\/wp-content\/uploads\/2022\/07\/arcade-de-4.jpg 1500w, https:\/\/www.arcade-engineering.com\/wp-content\/uploads\/2022\/07\/arcade-de-4-300x199.jpg 300w, https:\/\/www.arcade-engineering.com\/wp-content\/uploads\/2022\/07\/arcade-de-4-1024x678.jpg 1024w, https:\/\/www.arcade-engineering.com\/wp-content\/uploads\/2022\/07\/arcade-de-4-768x508.jpg 768w\" sizes=\"auto, (max-width: 1500px) 100vw, 1500px\" \/><div class=\"wp-block-cover__inner-container is-layout-flow wp-block-cover-is-layout-flow\">\n<p class=\"has-text-align-center has-large-font-size\"><\/p>\n<\/div><\/div>\n<\/div>\n<\/div>\n<\/div><\/section>\n\n\n\n<section class=\"wp-block-group\"><div class=\"wp-block-group__inner-container is-layout-flow wp-block-group-is-layout-flow\">\n<div class=\"wp-block-columns alignwide is-layout-flex wp-container-core-columns-is-layout-9d6595d7 wp-block-columns-is-layout-flex\">\n<div class=\"wp-block-column reveal is-layout-flow wp-block-column-is-layout-flow\" style=\"flex-basis:50%\">\n<div class=\"wp-block-cover is-light reveal-4\"><span aria-hidden=\"true\" class=\"wp-block-cover__background has-background-dim-0 has-background-dim\"><\/span><img loading=\"lazy\" decoding=\"async\" width=\"1324\" height=\"993\" class=\"wp-block-cover__image-background wp-image-234\" alt=\"\" src=\"https:\/\/www.arcade-engineering.com\/wp-content\/uploads\/2022\/07\/ecology.jpg\" data-object-fit=\"cover\" srcset=\"https:\/\/www.arcade-engineering.com\/wp-content\/uploads\/2022\/07\/ecology.jpg 1324w, https:\/\/www.arcade-engineering.com\/wp-content\/uploads\/2022\/07\/ecology-300x225.jpg 300w, https:\/\/www.arcade-engineering.com\/wp-content\/uploads\/2022\/07\/ecology-1024x768.jpg 1024w, https:\/\/www.arcade-engineering.com\/wp-content\/uploads\/2022\/07\/ecology-768x576.jpg 768w\" sizes=\"auto, (max-width: 1324px) 100vw, 1324px\" \/><div class=\"wp-block-cover__inner-container is-layout-flow wp-block-cover-is-layout-flow\">\n<p class=\"has-text-align-center has-large-font-size\"><\/p>\n<\/div><\/div>\n<\/div>\n\n\n\n<div class=\"wp-block-column is-vertically-aligned-center reveal is-layout-flow wp-block-column-is-layout-flow\" style=\"flex-basis:50%\">\n<h3 class=\"wp-block-heading reveal-1\">Fachkunde zum Betriebsbeauftragten f\u00fcr Abfall<\/h3>\n\n\n\n<figure class=\"wp-block-image size-full\"><img loading=\"lazy\" decoding=\"async\" width=\"800\" height=\"104\" src=\"https:\/\/www.arcade-engineering.com\/wp-content\/uploads\/2022\/07\/SMWA_ESF_LO.png\" alt=\"\" class=\"wp-image-630\" srcset=\"https:\/\/www.arcade-engineering.com\/wp-content\/uploads\/2022\/07\/SMWA_ESF_LO.png 800w, https:\/\/www.arcade-engineering.com\/wp-content\/uploads\/2022\/07\/SMWA_ESF_LO-300x39.png 300w, https:\/\/www.arcade-engineering.com\/wp-content\/uploads\/2022\/07\/SMWA_ESF_LO-768x100.png 768w\" sizes=\"auto, (max-width: 800px) 100vw, 800px\" \/><\/figure>\n\n\n\n<p>Ziel ist es die Kundenanforderungen zu Erf\u00fcllen und sowohl bei der Auftragsabwicklung sowie intern im Unternehmen die Gesch\u00e4ftsleitung in s\u00e4mtlichen entsorgungsrelevanten Angelegenheiten zu beraten.<br>Der Abfallbeauftragte soll dabei nicht unkritisch am Status Quo des betrieblichen Umgangs mit Abf\u00e4llen festhalten.<\/p>\n\n\n\n<p>Er ist laut KrWG und f\u00fcr die Aufrechterhaltung des zertifizierten \u201eWHG-Fachbetriebes\u201c des Unternehmens explizit angehalten, auch<\/p>\n\n\n\n<ul class=\"wp-block-list\">\n<li>die von Abf\u00e4llen ausgehenden \u201eBeeintr\u00e4chtigungen des Wohls der Allgemeinheit\u201c im Auge zu haben und<\/li>\n\n\n\n<li>auf die Entwicklung und Einf\u00fchrung umweltfreundlicher und abfallarmer Verfahren hinzuwirken.<\/li>\n\n\n\n<li>\u00dcberwachung der Einhaltung alle abfallrelevanten Vorschriften und Regelungen im Unternehmen und bei den Kunden auf den Baustellen vor Ort<\/li>\n\n\n\n<li>Einhaltung bestehende beh\u00f6rdliche Auflagen und Bedingungen<\/li>\n<\/ul>\n\n\n\n<p>Die weitere Aufgabe des Abfallbeauftragten im Unternehmen ist die unterst\u00fctzende und \u00fcberwachende Funktion im Sinne der Unternehmenszertifizierung nach DIN ISO 14001.<\/p>\n<\/div>\n<\/div>\n<\/div><\/section>\n\n\n\n<section class=\"wp-block-group bg-gray-300 skills\"><div class=\"wp-block-group__inner-container is-layout-flow wp-block-group-is-layout-flow\">\n<h2 class=\"wp-block-heading alignwide has-text-align-center\">Unser Angebot<\/h2>\n\n\n\n<div class=\"wp-block-columns alignwide reveal is-layout-flex wp-container-core-columns-is-layout-9d6595d7 wp-block-columns-is-layout-flex\">\n<div class=\"wp-block-column reveal-1 is-layout-flow wp-block-column-is-layout-flow\">\n<figure class=\"wp-block-image size-standard\"><a href=\"https:\/\/www.arcade-engineering.com\/de\/engineering\/\"><img loading=\"lazy\" decoding=\"async\" width=\"750\" height=\"500\" src=\"https:\/\/www.arcade-engineering.com\/wp-content\/uploads\/2022\/07\/gestiondeprojet-750x500.jpg\" alt=\"\" class=\"wp-image-156\" srcset=\"https:\/\/www.arcade-engineering.com\/wp-content\/uploads\/2022\/07\/gestiondeprojet-750x500.jpg 750w, https:\/\/www.arcade-engineering.com\/wp-content\/uploads\/2022\/07\/gestiondeprojet-300x200.jpg 300w, https:\/\/www.arcade-engineering.com\/wp-content\/uploads\/2022\/07\/gestiondeprojet-1024x683.jpg 1024w, https:\/\/www.arcade-engineering.com\/wp-content\/uploads\/2022\/07\/gestiondeprojet-768x512.jpg 768w, https:\/\/www.arcade-engineering.com\/wp-content\/uploads\/2022\/07\/gestiondeprojet.jpg 1500w\" sizes=\"auto, (max-width: 750px) 100vw, 750px\" \/><\/a><\/figure>\n\n\n\n<h3 class=\"wp-block-heading\"><a href=\"https:\/\/www.arcade-engineering.com\/de\/engineering\/\" data-type=\"page\" data-id=\"1211\">Engineering<\/a><\/h3>\n<\/div>\n\n\n\n<div class=\"wp-block-column reveal-2 is-layout-flow wp-block-column-is-layout-flow\">\n<figure class=\"wp-block-image size-standard\"><a href=\"https:\/\/www.arcade-engineering.com\/de\/schaltschrankbau\/\"><img loading=\"lazy\" decoding=\"async\" width=\"750\" height=\"500\" src=\"https:\/\/www.arcade-engineering.com\/wp-content\/uploads\/2022\/07\/Datencenter-750x500.jpg\" alt=\"\" class=\"wp-image-162\"\/><\/a><\/figure>\n\n\n\n<h3 class=\"wp-block-heading\"><a href=\"https:\/\/www.arcade-engineering.com\/de\/schaltschrankbau\/\" data-type=\"page\" data-id=\"1144\">Schaltschrankbau<\/a><\/h3>\n<\/div>\n\n\n\n<div class=\"wp-block-column reveal-3 is-layout-flow wp-block-column-is-layout-flow\">\n<figure class=\"wp-block-image size-standard\"><a href=\"https:\/\/www.arcade-engineering.com\/de\/installations-de-traitement-deau\/\"><img loading=\"lazy\" decoding=\"async\" width=\"750\" height=\"500\" src=\"https:\/\/www.arcade-engineering.com\/wp-content\/uploads\/2022\/07\/traitementdeleau-3-750x500.jpg\" alt=\"\" class=\"wp-image-117\" srcset=\"https:\/\/www.arcade-engineering.com\/wp-content\/uploads\/2022\/07\/traitementdeleau-3-750x500.jpg 750w, https:\/\/www.arcade-engineering.com\/wp-content\/uploads\/2022\/07\/traitementdeleau-3-300x199.jpg 300w\" sizes=\"auto, (max-width: 750px) 100vw, 750px\" \/><\/a><\/figure>\n\n\n\n<h3 class=\"wp-block-heading\"><a href=\"https:\/\/www.arcade-engineering.com\/de\/wasserauf-bereitungsanlagen\/\" data-type=\"page\" data-id=\"1225\">Wasseraufbereitungsanlagen<\/a><\/h3>\n<\/div>\n<\/div>\n\n\n\n<div class=\"wp-block-columns alignwide reveal is-layout-flex wp-container-core-columns-is-layout-9d6595d7 wp-block-columns-is-layout-flex\">\n<div class=\"wp-block-column reveal-1 is-layout-flow wp-block-column-is-layout-flow\">\n<figure class=\"wp-block-image size-standard\"><a href=\"https:\/\/www.arcade-engineering.com\/de\/forschung-und-entwicklung\/\"><img loading=\"lazy\" decoding=\"async\" width=\"750\" height=\"500\" src=\"https:\/\/www.arcade-engineering.com\/wp-content\/uploads\/2022\/07\/rnd-2-750x500.jpg\" alt=\"\" class=\"wp-image-163\" srcset=\"https:\/\/www.arcade-engineering.com\/wp-content\/uploads\/2022\/07\/rnd-2-750x500.jpg 750w, https:\/\/www.arcade-engineering.com\/wp-content\/uploads\/2022\/07\/rnd-2-300x200.jpg 300w, https:\/\/www.arcade-engineering.com\/wp-content\/uploads\/2022\/07\/rnd-2-1024x683.jpg 1024w, https:\/\/www.arcade-engineering.com\/wp-content\/uploads\/2022\/07\/rnd-2-768x512.jpg 768w, https:\/\/www.arcade-engineering.com\/wp-content\/uploads\/2022\/07\/rnd-2.jpg 1500w\" sizes=\"auto, (max-width: 750px) 100vw, 750px\" \/><\/a><\/figure>\n\n\n\n<h3 class=\"wp-block-heading\"><a href=\"https:\/\/www.arcade-engineering.com\/de\/forschung-und-entwicklung\/\" data-type=\"page\" data-id=\"1263\">Forschung und Entwicklung<\/a><\/h3>\n<\/div>\n\n\n\n<div class=\"wp-block-column reveal-2 is-layout-flow wp-block-column-is-layout-flow\">\n<figure class=\"wp-block-image size-large\"><img loading=\"lazy\" decoding=\"async\" width=\"1024\" height=\"683\" src=\"https:\/\/www.arcade-engineering.com\/wp-content\/uploads\/2022\/07\/mobile-1024x683.jpg\" alt=\"\" class=\"wp-image-923\" srcset=\"https:\/\/www.arcade-engineering.com\/wp-content\/uploads\/2022\/07\/mobile-1024x683.jpg 1024w, https:\/\/www.arcade-engineering.com\/wp-content\/uploads\/2022\/07\/mobile-300x200.jpg 300w, https:\/\/www.arcade-engineering.com\/wp-content\/uploads\/2022\/07\/mobile-768x512.jpg 768w, https:\/\/www.arcade-engineering.com\/wp-content\/uploads\/2022\/07\/mobile-750x500.jpg 750w, https:\/\/www.arcade-engineering.com\/wp-content\/uploads\/2022\/07\/mobile.jpg 1500w\" sizes=\"auto, (max-width: 1024px) 100vw, 1024px\" \/><\/figure>\n\n\n\n<h3 class=\"wp-block-heading\"><a href=\"https:\/\/www.arcade-engineering.com\/de\/kundenservice\/\" data-type=\"page\" data-id=\"1273\">Kundenservice<\/a><\/h3>\n<\/div>\n\n\n\n<div class=\"wp-block-column reveal-3 is-layout-flow wp-block-column-is-layout-flow\">\n<figure class=\"wp-block-image size-standard\"><a href=\"https:\/\/www.arcade-engineering.com\/de\/industrieller-hochbau\/\"><img loading=\"lazy\" decoding=\"async\" width=\"750\" height=\"500\" src=\"https:\/\/www.arcade-engineering.com\/wp-content\/uploads\/2022\/07\/batiment-1-750x500.jpg\" alt=\"\" class=\"wp-image-165\"\/><\/a><\/figure>\n\n\n\n<h3 class=\"wp-block-heading\"><a href=\"https:\/\/www.arcade-engineering.com\/de\/industrieller-hochbau\/\" data-type=\"page\" data-id=\"1184\">Industrieller Hochbau<\/a><\/h3>\n<\/div>\n<\/div>\n<\/div><\/section>\n\n\n\n<section class=\"wp-block-group\"><div class=\"wp-block-group__inner-container is-layout-flow wp-block-group-is-layout-flow\">\n<div class=\"wp-block-columns alignwide is-layout-flex wp-container-core-columns-is-layout-9d6595d7 wp-block-columns-is-layout-flex\">\n<div class=\"wp-block-column is-vertically-aligned-center is-layout-flow wp-block-column-is-layout-flow\" style=\"flex-basis:33.33%\">\n<h3 class=\"wp-block-heading\">Kontaktdaten<\/h3>\n\n\n\n<p><strong>Arcade Engineering GmbH<\/strong><\/p>\n\n\n\n<p>T. +49 351 89 567 600<br>Fax +49 351 89 567 6019<\/p>\n\n\n\n<p>Meissner Stra\u00dfe 151a<br>01445 Radebeul<\/p>\n\n\n\n<p class=\"lnr-location\"><a href=\"https:\/\/www.google.fr\/maps\/dir\/\/Arcade+Engineering+GmbH,+Mei%C3%9Fner+Str.+151A,+01445+Radebeul,+Allemagne\/@50.3032855,-0.9495142,5z\/data=!4m8!4m7!1m0!1m5!1m1!1s0x4709d1c5f059be6f:0x6414f111b5414b44!2m2!1d13.6564439!2d51.1051704\" data-type=\"URL\" data-id=\"https:\/\/www.google.fr\/maps\/dir\/\/Arcade+Engineering+GmbH,+Mei%C3%9Fner+Str.+151A,+01445+Radebeul,+Allemagne\/@50.3032855,-0.9495142,5z\/data=!4m8!4m7!1m0!1m5!1m1!1s0x4709d1c5f059be6f:0x6414f111b5414b44!2m2!1d13.6564439!2d51.1051704\" target=\"_blank\" rel=\"noreferrer noopener\">Meine Route berechnen<\/a><\/p>\n\n\n\n<ul class=\"wp-block-social-links is-layout-flex wp-block-social-links-is-layout-flex\"><li class=\"wp-social-link wp-social-link-linkedin  wp-block-social-link\"><a href=\"https:\/\/www.linkedin.com\/company\/arcade-engineering-gmbh\/\" class=\"wp-block-social-link-anchor\"><svg width=\"24\" height=\"24\" viewBox=\"0 0 24 24\" version=\"1.1\" xmlns=\"http:\/\/www.w3.org\/2000\/svg\" aria-hidden=\"true\" focusable=\"false\"><path d=\"M19.7,3H4.3C3.582,3,3,3.582,3,4.3v15.4C3,20.418,3.582,21,4.3,21h15.4c0.718,0,1.3-0.582,1.3-1.3V4.3 C21,3.582,20.418,3,19.7,3z M8.339,18.338H5.667v-8.59h2.672V18.338z M7.004,8.574c-0.857,0-1.549-0.694-1.549-1.548 c0-0.855,0.691-1.548,1.549-1.548c0.854,0,1.547,0.694,1.547,1.548C8.551,7.881,7.858,8.574,7.004,8.574z M18.339,18.338h-2.669 v-4.177c0-0.996-0.017-2.278-1.387-2.278c-1.389,0-1.601,1.086-1.601,2.206v4.249h-2.667v-8.59h2.559v1.174h0.037 c0.356-0.675,1.227-1.387,2.526-1.387c2.703,0,3.203,1.779,3.203,4.092V18.338z\"><\/path><\/svg><span class=\"wp-block-social-link-label screen-reader-text\">LinkedIn<\/span><\/a><\/li><\/ul>\n<\/div>\n\n\n\n<div class=\"wp-block-column is-layout-flow wp-block-column-is-layout-flow\" style=\"flex-basis:66.66%\">\n<div class=\"openstreetmap\" data-url=\"https:\/\/umap.openstreetmap.fr\/fr\/map\/arcade-gmbh_240236?scaleControl=false&amp;miniMap=false&amp;scrollWheelZoom=false&amp;zoomControl=true&amp;allowEdit=false&amp;moreControl=false&amp;searchControl=false&amp;tilelayersControl=false&amp;embedControl=false&amp;datalayersControl=false&amp;onLoadPanel=undefined&amp;captionBar=false&amp;editinosmControl=false&amp;measureControl=false&amp;locateControl=false&amp;fullscreenControl=false\" width=\"100%\" height=\"450\"><\/div>\n<\/div>\n<\/div>\n<\/div><\/section>\n\n\n\n<section class=\"wp-block-group cta\"><div class=\"wp-block-group__inner-container is-layout-flow wp-block-group-is-layout-flow\">\n<p>Sie haben ein Projekt? <a href=\"https:\/\/www.arcade-engineering.com\/de\/kontaktieren-sie-uns\/\">Kontaktieren Sie uns!<\/a><\/p>\n<\/div><\/section>\n","protected":false},"excerpt":{"rendered":"<p>Arcade Engineering GmbH wurde 2005 im Herzen von Sachsen, eine der dynamischsten Industrieregionen Europas, gegr\u00fcndet. Das Unternehmen bietet seinen Kunden schl\u00fcsselfertige Wasseraufbereitungsanlagen sowie modernste Ingenieur-, Forschungs- und Entwicklungsdienstleistungen. Unsere Verpflichtungen Das Vertrauen unserer Kunden zu gewinnen und zu bewahren und ein angenehmes Arbeitsklima f\u00fcr unsere Mitarbeiter zu schaffen, ist uns ein wichtiges Anliegen. Wir sind [&hellip;]<\/p>\n","protected":false},"author":1,"featured_media":836,"parent":0,"menu_order":0,"comment_status":"closed","ping_status":"closed","template":"page-sites.php","meta":{"_acf_changed":false,"_seopress_robots_primary_cat":"","_seopress_titles_title":"","_seopress_titles_desc":"Die Arcade Engineering GmbH bietet ihren Kunden schl\u00fcsselfertige Wasseraufbereitungsanlagen und modernste Ingenieurleistungen sowie Forschung und Entwicklung.","_seopress_robots_index":"","footnotes":""},"class_list":["post-1111","page","type-page","status-publish","has-post-thumbnail","hentry"],"acf":[],"_links":{"self":[{"href":"https:\/\/www.arcade-engineering.com\/de\/wp-json\/wp\/v2\/pages\/1111","targetHints":{"allow":["GET"]}}],"collection":[{"href":"https:\/\/www.arcade-engineering.com\/de\/wp-json\/wp\/v2\/pages"}],"about":[{"href":"https:\/\/www.arcade-engineering.com\/de\/wp-json\/wp\/v2\/types\/page"}],"author":[{"embeddable":true,"href":"https:\/\/www.arcade-engineering.com\/de\/wp-json\/wp\/v2\/users\/1"}],"replies":[{"embeddable":true,"href":"https:\/\/www.arcade-engineering.com\/de\/wp-json\/wp\/v2\/comments?post=1111"}],"version-history":[{"count":9,"href":"https:\/\/www.arcade-engineering.com\/de\/wp-json\/wp\/v2\/pages\/1111\/revisions"}],"predecessor-version":[{"id":2898,"href":"https:\/\/www.arcade-engineering.com\/de\/wp-json\/wp\/v2\/pages\/1111\/revisions\/2898"}],"wp:featuredmedia":[{"embeddable":true,"href":"https:\/\/www.arcade-engineering.com\/de\/wp-json\/wp\/v2\/media\/836"}],"wp:attachment":[{"href":"https:\/\/www.arcade-engineering.com\/de\/wp-json\/wp\/v2\/media?parent=1111"}],"curies":[{"name":"wp","href":"https:\/\/api.w.org\/{rel}","templated":true}]}}